{"id":106221,"date":"2025-11-18T10:20:53","date_gmt":"2025-11-18T09:20:53","guid":{"rendered":"https:\/\/www.raschvin.com\/produkt\/linkwood-10-years-adelphi-selection-2012-2022-3-cl-tasting-sample-599\/"},"modified":"2025-11-18T10:20:53","modified_gmt":"2025-11-18T09:20:53","slug":"linkwood-10-years-adelphi-selection-2012-2022-3-cl-tasting-sample-599","status":"publish","type":"product","link":"https:\/\/www.raschvin.com\/sv\/produkt\/linkwood-10-years-adelphi-selection-2012-2022-3-cl-tasting-sample-599\/","title":{"rendered":"Linkwood 10 Years &#8211; Adelphi Selection 2012\/2022 3 cl. (Tasting Sample) 59,9%"},"content":{"rendered":"<p data-start=\"959\" data-end=\"1293\">Linkwood 10 Years \u2013 Adelphi Selection \u00e4r en elegant Speyside single malt, buteljerad i sm\u00e5 upplag av den oberoende buteljeraren Adelphi. Whiskyn har lagrats i 10 \u00e5r och tappats vid naturlig fatstyrka p\u00e5 59,9 %, vilket ger en intensiv men \u00e4nd\u00e5 finst\u00e4md whisky d\u00e4r Linkwoods l\u00e4tta, fruktiga karakt\u00e4r lyfts fram av fatet.<\/p>\n<p data-start=\"1295\" data-end=\"1311\"><strong data-start=\"1295\" data-end=\"1309\">Smakprofil<\/strong><\/p>\n<ul data-start=\"1312\" data-end=\"1718\">\n<li data-start=\"1312\" data-end=\"1442\">\n<p data-start=\"1314\" data-end=\"1442\"><strong data-start=\"1314\" data-end=\"1323\">Doft:<\/strong> F\u00e4rska p\u00e4ron och gr\u00f6na \u00e4pplen, vanilj, l\u00e4tt bourbonk\u00e4nsla, marsipan och ljus kola, med inslag av blommor och citrus.<\/p>\n<\/li>\n<li data-start=\"1443\" data-end=\"1599\">\n<p data-start=\"1445\" data-end=\"1599\"><strong data-start=\"1445\" data-end=\"1454\">Smak:<\/strong> Fyllig och oljig med s\u00f6t malt, mogen frukt, vanilj, karamell och marsipan. Fatkryddan v\u00e4xer fram med toner av ek, peppar och en l\u00e4tt n\u00f6tighet.<\/p>\n<\/li>\n<li data-start=\"1600\" data-end=\"1718\">\n<p data-start=\"1602\" data-end=\"1718\"><strong data-start=\"1602\" data-end=\"1616\">Eftersmak:<\/strong> Medell\u00e5ng till l\u00e5ng, ren och balanserad med kvarh\u00e4ngande s\u00f6tma, frukt, vanilj och torr, elegant ek.<\/p>\n<\/li>\n<\/ul>\n<p data-start=\"1720\" data-end=\"1918\"><strong data-start=\"1720\" data-end=\"1741\">Serveringsf\u00f6rslag<\/strong><br data-start=\"1741\" data-end=\"1744\" \/>Avnjuts b\u00e4st ren i ett tulpanformat glas. N\u00e5gra droppar vatten kan \u00f6ppna upp \u00e4nnu mer frukt, vanilj och marsipans\u00f6tma och g\u00f6ra den h\u00f6ga styrkan mjukare och mer tillg\u00e4nglig.<\/p>\n","protected":false},"excerpt":{"rendered":"<p>Single Malt Scotch Whisky<\/p>\n","protected":false},"featured_media":103462,"template":"","meta":{"_acf_changed":false,"rs_blank_template":"","rs_page_bg_color":"","slide_template_v7":""},"product_brand":[],"product_cat":[8625,8822],"product_tag":[],"class_list":{"0":"post-106221","1":"product","2":"type-product","3":"status-publish","4":"has-post-thumbnail","6":"product_cat-samples-sv","7":"product_cat-whisky-smakprove","8":"pa_land-skottland","9":"pa_procent-59-9-sv","10":"pa_producent-linkwood-sv","11":"pa_region-speyside-sv","12":"pa_traefad-bourbon-sv","13":"pa_vintage-2012-sv","14":"pa_volume-3-sv","16":"first","17":"instock","18":"taxable","19":"shipping-taxable","20":"purchasable","21":"product-type-simple"},"bundled_by":[],"bundle_stock_status":"instock","bundle_stock_quantity":null,"bundle_virtual":false,"bundle_layout":"","bundle_add_to_cart_form_location":"","bundle_editable_in_cart":false,"bundle_sold_individually_context":"","bundle_item_grouping":"","bundle_min_size":"","bundle_max_size":"","bundle_price":[],"bundled_items":[],"bundle_sell_ids":[],"acf":[],"_links":{"self":[{"href":"https:\/\/www.raschvin.com\/sv\/wp-json\/wp\/v2\/product\/106221","targetHints":{"allow":["GET"]}}],"collection":[{"href":"https:\/\/www.raschvin.com\/sv\/wp-json\/wp\/v2\/product"}],"about":[{"href":"https:\/\/www.raschvin.com\/sv\/wp-json\/wp\/v2\/types\/product"}],"wp:featuredmedia":[{"embeddable":true,"href":"https:\/\/www.raschvin.com\/sv\/wp-json\/wp\/v2\/media\/103462"}],"wp:attachment":[{"href":"https:\/\/www.raschvin.com\/sv\/wp-json\/wp\/v2\/media?parent=106221"}],"wp:term":[{"taxonomy":"product_brand","embeddable":true,"href":"https:\/\/www.raschvin.com\/sv\/wp-json\/wp\/v2\/product_brand?post=106221"},{"taxonomy":"product_cat","embeddable":true,"href":"https:\/\/www.raschvin.com\/sv\/wp-json\/wp\/v2\/product_cat?post=106221"},{"taxonomy":"product_tag","embeddable":true,"href":"https:\/\/www.raschvin.com\/sv\/wp-json\/wp\/v2\/product_tag?post=106221"}],"curies":[{"name":"wp","href":"https:\/\/api.w.org\/{rel}","templated":true}]}}