{"id":106214,"date":"2025-11-18T10:02:33","date_gmt":"2025-11-18T09:02:33","guid":{"rendered":"https:\/\/www.raschvin.com\/?post_type=product&#038;p=106214"},"modified":"2025-11-18T10:05:06","modified_gmt":"2025-11-18T09:05:06","slug":"jose-cuervo-platino-reserva-de-la-familia-70-cl-40-kopier","status":"publish","type":"product","link":"https:\/\/www.raschvin.com\/sv\/produkt\/jose-cuervo-platino-reserva-de-la-familia-70-cl-40-kopier\/","title":{"rendered":"Jos\u00e9 Cuervo Platino Reserva De La Familia 3 cl. (Tasting Sample) 40%"},"content":{"rendered":"<div class=\"fs-6 fw-bold mb-2\">Beskrivning<\/div>\n<div class=\"product-detail-description-text\">\n<p>Jose Cuervos Reserva \u00e4r en 100 % agavebaserad tequila som \u00e4r handgjord med en patentskyddad teknologi som endast kan anv\u00e4ndas av Jose Cuervo. Kortfattat g\u00e5r processen ut p\u00e5 att \u00e5tervinna \u00e5ngan f\u00f6r att d\u00e4rigenom ge mer smak till tequilan innan den kallfiltreras. Platino \u00e4r en prisbel\u00f6nt tequila som har f\u00e5tt \u00e4ran att vara bland de 20 mest smakande tequilan i Bloomberg Businessweek, och att tilldelas det h\u00f6gsta betyget, Superlative, av det v\u00e4lk\u00e4nda Beverage Testing Institute.<\/p>\n<p><strong>V\u00e4rldens \u00e4ldsta Tequila-m\u00e4rke <\/strong><\/p>\n<p>Vi m\u00e5ste g\u00e5 hela v\u00e4gen tillbaka till 1758 och Mexiko f\u00f6r att hitta det f\u00f6rsta spadtaget i Jose Cuervos historia; det \u00e4r \u00e5ret d\u00e5 Jos\u00e9 Antonio de Cuervo y Vald\u00e9s f\u00e5r en bit av kung Ferdinand VI:s mark f\u00f6r att odla agave och d\u00e4rigenom senare producera tequila. N\u00e4r kungen d\u00f6r bara ett \u00e5r senare tas tronen \u00f6ver av hans halvbror, Carlos III, som senare f\u00f6rbjuder tillverkning av alkohol &#8221;som kan f\u00f6rst\u00f6ra sj\u00e4len&#8221; &#8211; inklusive tequila.<\/p>\n<p><strong>Adj\u00f6 till f\u00f6rbudet <\/strong><\/p>\n<p>1795 kommer dock hans lite mer alkoholv\u00e4nliga son, Carlos VI, till makten och han v\u00e4ljer d\u00e4rf\u00f6r att h\u00e4va sin fars alkoholf\u00f6rbud. Med viss \u00f6desdiger ironi f\u00e5r Jos\u00e9 Cuervos son, Jose Maria Cuervo, d\u00e4rmed den f\u00f6rsta licensen n\u00e5gonsin att producera och s\u00e4lja tequila av ingen mindre \u00e4n kungens son som p\u00e5 sin tid sj\u00e4lv f\u00f6rbj\u00f6d detsamma.<\/p>\n<p><strong>Fr\u00e5n fat till flaska\u00a0 <\/strong><\/p>\n<p>\u00c5r 1852 korsar den f\u00f6rsta s\u00e4ndningen av Jose Cuervo den mexikanska\/amerikanska gr\u00e4nsen i fat fr\u00e5n San Blas, p\u00e5 v\u00e4g \u00e4nda till Kalifornien. Det dr\u00f6jer dock inte l\u00e4nge innan efterfr\u00e5gan p\u00e5 den l\u00e4ckra tequilan har blivit s\u00e5 stor b\u00e5de i hemlandet och i USA att Jose Cuervo som f\u00f6rsta tequilaproducent b\u00f6rjar buteljera tequilan i enskilda flaskor f\u00f6r att underl\u00e4tta transporten. .<\/p>\n<p><strong>B\u00e4sts\u00e4ljande tequila i hela v\u00e4rlden <\/strong><\/p>\n<p>F\u00f6rutom att vara det \u00e4ldsta tequilam\u00e4rket i v\u00e4rlden \u00e4r Jose Cuervo ocks\u00e5 det mest s\u00e5lda, och st\u00e5r f\u00f6r en femtedel av all tequila som konsumeras \u00f6ver hela v\u00e4rlden och en tredjedel av den amerikanska tequilamarknaden. Jose Cuervo \u00e4r fortfarande i familjens v\u00e5rd, och \u00e4r nu i sj\u00e4tte generationen, dock med efternamnet Beckmann ist\u00e4llet f\u00f6r Cuervo.<\/p>\n<\/div>\n","protected":false},"excerpt":{"rendered":"<p>Handcrafted Premium Tequila 100% Agave<\/p>\n","protected":false},"featured_media":103468,"template":"","meta":{"_acf_changed":false,"rs_blank_template":"","rs_page_bg_color":"","slide_template_v7":""},"product_brand":[],"product_cat":[8625,8839],"product_tag":[],"class_list":{"0":"post-106214","1":"product","2":"type-product","3":"status-publish","4":"has-post-thumbnail","6":"product_cat-samples-sv","7":"product_cat-tequila-mescal-smakprove","8":"pa_land-mexiko","9":"pa_procent-40-sv-2","10":"pa_producent-jose-cuervo-tequila-sv","11":"pa_region-tequila-sv","12":"pa_volume-3-sv","14":"first","15":"instock","16":"taxable","17":"shipping-taxable","18":"purchasable","19":"product-type-simple"},"bundled_by":[],"bundle_stock_status":"instock","bundle_stock_quantity":null,"bundle_virtual":false,"bundle_layout":"","bundle_add_to_cart_form_location":"","bundle_editable_in_cart":false,"bundle_sold_individually_context":"","bundle_item_grouping":"","bundle_min_size":"","bundle_max_size":"","bundle_price":[],"bundled_items":[],"bundle_sell_ids":[],"acf":[],"_links":{"self":[{"href":"https:\/\/www.raschvin.com\/sv\/wp-json\/wp\/v2\/product\/106214","targetHints":{"allow":["GET"]}}],"collection":[{"href":"https:\/\/www.raschvin.com\/sv\/wp-json\/wp\/v2\/product"}],"about":[{"href":"https:\/\/www.raschvin.com\/sv\/wp-json\/wp\/v2\/types\/product"}],"wp:featuredmedia":[{"embeddable":true,"href":"https:\/\/www.raschvin.com\/sv\/wp-json\/wp\/v2\/media\/103468"}],"wp:attachment":[{"href":"https:\/\/www.raschvin.com\/sv\/wp-json\/wp\/v2\/media?parent=106214"}],"wp:term":[{"taxonomy":"product_brand","embeddable":true,"href":"https:\/\/www.raschvin.com\/sv\/wp-json\/wp\/v2\/product_brand?post=106214"},{"taxonomy":"product_cat","embeddable":true,"href":"https:\/\/www.raschvin.com\/sv\/wp-json\/wp\/v2\/product_cat?post=106214"},{"taxonomy":"product_tag","embeddable":true,"href":"https:\/\/www.raschvin.com\/sv\/wp-json\/wp\/v2\/product_tag?post=106214"}],"curies":[{"name":"wp","href":"https:\/\/api.w.org\/{rel}","templated":true}]}}