{"id":106210,"date":"2025-11-18T09:58:32","date_gmt":"2025-11-18T08:58:32","guid":{"rendered":"https:\/\/www.raschvin.com\/?post_type=product&#038;p=106210"},"modified":"2025-11-18T10:01:38","modified_gmt":"2025-11-18T09:01:38","slug":"teeling-whiskey-single-grain-15-years-ex-sauvignon-blanc-cask-70-cl-50-kopier-2","status":"publish","type":"product","link":"https:\/\/www.raschvin.com\/sv\/produkt\/teeling-whiskey-single-grain-15-years-ex-sauvignon-blanc-cask-70-cl-50-kopier-2\/","title":{"rendered":"Teeling Whiskey &#8211; Single Grain 15 Years Ex-Sauvignon Blanc Cask 3 cl. (Tasting Sample) 50%"},"content":{"rendered":"<p>Psst&#8230; en ganska sp\u00e4nnande nyhet har precis kommit fr\u00e5n Teeling Whisky: en 15 \u00e5r gammal single grain whisky lagrad p\u00e5 b\u00e5de bourbonfat och vinfat som har inneh\u00e5llit sauvignon blanc! Det sistn\u00e4mnda har vi n\u00e4stan aldrig sett tidigare. Whiskyn g\u00f6rs fr\u00e4mst av majs (precis som bourbon) och en liten m\u00e4ngd kornmalt. Den tillbringar de f\u00f6rsta flera \u00e5ren p\u00e5 bourbonfat och f\u00e5r sedan en extra lagring, en s\u00e5 kallad finish, i vinfaten, vilket ger den en ganska vild fruktig\/blommig dimension som kl\u00e4r upp den m\u00e4ktigt fint. Den buteljeras till 50 % och utan kylfiltrering.<\/p>\n<p>F\u00e4rg: Gyllene.<br \/>\nDoft: L\u00e4tta citrustoner, grapefrukt, \u00e4pple och kaprifol.<br \/>\nSmaknoter: Frisk och krispig med toner av honungsmelon, vaniljs\u00f6tma, p\u00e4ron och \u00e4pple.<\/p>\n<p>Serveringsf\u00f6rslag: Njut av det helt enkelt.<\/p>\n<p>Familjen Teeling har tillverkat irl\u00e4ndsk whisky sedan 1782, d\u00e5 Walter Teeling \u00f6ppnade sitt whiskydestilleri p\u00e5 Marrowbone Lane i Dublin. Dublin har traditionellt sett varit hj\u00e4rtat i Irlands whiskyproduktion. Historien om Irlands whiskyproduktion \u00e4r otroligt sp\u00e4nnande och dramatisk och \u00e4r till stor del kopplad till landets relation till England, p\u00e5 gott och ont. Hela 37 destillerier hade r\u00f6k i sina skorstenar i b\u00f6rjan av 1900-talet, men ett efter ett st\u00e4ngde destillerierna och sedan 1976 har ingen whisky destillerats i Dublin \u2013 f\u00f6rr\u00e4n nu! Teeling Whisky Distillery \u00e4r det f\u00f6rsta ny\u00f6ppnade destilleriet i Dublin p\u00e5 \u00f6ver 125 \u00e5r och familjen Teeling ser det som sitt uppdrag att f\u00f6ra tillbaka konsten att destillera till hj\u00e4rtat av Dublin!<\/p>\n<p>Den smakrika whiskyn kommer fr\u00e5n 3 gl\u00e4nsande pot stills, som \u00e4r uppkallade efter Jack Teelings 3 d\u00f6ttrar. 25 % av produktionen \u00e4r till\u00e4gnad whisky av experimentell karakt\u00e4r, vilket g\u00f6r Teeling till ett av de mest sp\u00e4nnande destillerierna att h\u00e5lla ett \u00f6ga p\u00e5 i framtiden.<\/p>\n","protected":false},"excerpt":{"rendered":"<p>Non Chill Filtered Irish Whiskey<\/p>\n","protected":false},"featured_media":103462,"template":"","meta":{"_acf_changed":false,"rs_blank_template":"","rs_page_bg_color":"","slide_template_v7":""},"product_brand":[],"product_cat":[8625,8822],"product_tag":[],"class_list":{"0":"post-106210","1":"product","2":"type-product","3":"status-publish","4":"has-post-thumbnail","6":"product_cat-samples-sv","7":"product_cat-whisky-smakprove","8":"pa_land-irland-sv","9":"pa_procent-50-sv","10":"pa_producent-teeling-sv","11":"pa_region-dublin-sv","12":"pa_traefad-sauvignon-blanc-sv","13":"pa_volume-3-sv","15":"first","16":"instock","17":"taxable","18":"shipping-taxable","19":"purchasable","20":"product-type-simple"},"bundled_by":[],"bundle_stock_status":"instock","bundle_stock_quantity":null,"bundle_virtual":false,"bundle_layout":"","bundle_add_to_cart_form_location":"","bundle_editable_in_cart":false,"bundle_sold_individually_context":"","bundle_item_grouping":"","bundle_min_size":"","bundle_max_size":"","bundle_price":[],"bundled_items":[],"bundle_sell_ids":[],"acf":[],"_links":{"self":[{"href":"https:\/\/www.raschvin.com\/sv\/wp-json\/wp\/v2\/product\/106210","targetHints":{"allow":["GET"]}}],"collection":[{"href":"https:\/\/www.raschvin.com\/sv\/wp-json\/wp\/v2\/product"}],"about":[{"href":"https:\/\/www.raschvin.com\/sv\/wp-json\/wp\/v2\/types\/product"}],"wp:featuredmedia":[{"embeddable":true,"href":"https:\/\/www.raschvin.com\/sv\/wp-json\/wp\/v2\/media\/103462"}],"wp:attachment":[{"href":"https:\/\/www.raschvin.com\/sv\/wp-json\/wp\/v2\/media?parent=106210"}],"wp:term":[{"taxonomy":"product_brand","embeddable":true,"href":"https:\/\/www.raschvin.com\/sv\/wp-json\/wp\/v2\/product_brand?post=106210"},{"taxonomy":"product_cat","embeddable":true,"href":"https:\/\/www.raschvin.com\/sv\/wp-json\/wp\/v2\/product_cat?post=106210"},{"taxonomy":"product_tag","embeddable":true,"href":"https:\/\/www.raschvin.com\/sv\/wp-json\/wp\/v2\/product_tag?post=106210"}],"curies":[{"name":"wp","href":"https:\/\/api.w.org\/{rel}","templated":true}]}}