{"id":106205,"date":"2025-11-18T09:33:36","date_gmt":"2025-11-18T08:33:36","guid":{"rendered":"https:\/\/www.raschvin.com\/?post_type=product&#038;p=106205"},"modified":"2026-03-02T16:49:20","modified_gmt":"2026-03-02T15:49:20","slug":"plantation-rum-3-stars-70-cl-412-kopier","status":"publish","type":"product","link":"https:\/\/www.raschvin.com\/sv\/produkt\/plantation-rum-3-stars-70-cl-412-kopier\/","title":{"rendered":"Planteray Rum \u2013 3 Stars *** 3 cl. (Tasting Sample) 41,2%"},"content":{"rendered":"<p data-start=\"2271\" data-end=\"2587\"><strong data-start=\"2271\" data-end=\"2292\">Planteray 3 Stars<\/strong> \u00e4r en elegant ljus rom med fr\u00e4sch\u00f6r, finess och klassisk karibisk karakt\u00e4r. Den \u00e4r en blend av rom med ursprung i <strong data-start=\"2407\" data-end=\"2441\">Barbados, Jamaica och Trinidad<\/strong>, d\u00e4r varje \u00f6 bidrar med sin stil: Barbados ger rundhet och balans, Trinidad ger l\u00e4tthet och finess, och Jamaica ger aromatiskt djup och struktur.<\/p>\n<p data-start=\"2589\" data-end=\"2851\"><strong data-start=\"2589\" data-end=\"2613\">Ursprung &amp; producent<\/strong><br data-start=\"2613\" data-end=\"2616\" \/>Planteray \u00e4r ett romvarum\u00e4rke under <strong data-start=\"2652\" data-end=\"2682\">Maison Ferrand (Frankrike)<\/strong>, utvecklat av master blender <strong data-start=\"2712\" data-end=\"2733\">Alexandre Gabriel<\/strong>. Rommen tas fram i samarbete med destillerier i Karibien och blandas f\u00f6r att lyfta fram de olika \u00f6-stilarnas uttryck.<\/p>\n<p data-start=\"2853\" data-end=\"2980\">Smakprofilen bjuder p\u00e5 toner av <strong data-start=\"2885\" data-end=\"2914\">citrus, sockerr\u00f6r, vanilj<\/strong> och en hint av <strong data-start=\"2930\" data-end=\"2947\">tropisk frukt<\/strong>, med en ren och torr avslutning.<\/p>\n<p data-start=\"2982\" data-end=\"2997\"><strong data-start=\"2982\" data-end=\"2997\">Anv\u00e4ndning:<\/strong><\/p>\n<ul data-start=\"2998\" data-end=\"3265\">\n<li data-start=\"2998\" data-end=\"3055\">\n<p data-start=\"3000\" data-end=\"3055\"><strong data-start=\"3000\" data-end=\"3022\">Daiquiri &amp; Mojito:<\/strong> Ren, aromatisk och balanserad.<\/p>\n<\/li>\n<li data-start=\"3056\" data-end=\"3118\">\n<p data-start=\"3058\" data-end=\"3118\"><strong data-start=\"3058\" data-end=\"3088\">Tiki &amp; tropiska cocktails:<\/strong> Fr\u00e4sch rombas med karakt\u00e4r.<\/p>\n<\/li>\n<li data-start=\"3119\" data-end=\"3184\">\n<p data-start=\"3121\" data-end=\"3184\"><strong data-start=\"3121\" data-end=\"3135\">Highballs:<\/strong> Grym med sodavatten, ginger beer eller citrus.<\/p>\n<\/li>\n<li data-start=\"3185\" data-end=\"3265\">\n<p data-start=\"3187\" data-end=\"3265\"><strong data-start=\"3187\" data-end=\"3202\">Matlagning:<\/strong> Perfekt i romsirap, marinader och desserter med tropisk twist.<\/p>\n<\/li>\n<\/ul>\n<p data-start=\"3267\" data-end=\"3335\" data-is-last-node=\"\" data-is-only-node=\"\"><strong data-start=\"3267\" data-end=\"3281\">Servering:<\/strong> I cocktails, \u00f6ver is \u2013 eller som rom &amp; soda med lime.<\/p>\n","protected":false},"excerpt":{"rendered":"<p>Artisanal Rum \u2013 Product of France<\/p>\n","protected":false},"featured_media":103468,"template":"","meta":{"_acf_changed":false,"rs_blank_template":"","rs_page_bg_color":"","slide_template_v7":""},"product_brand":[],"product_cat":[8820,8625],"product_tag":[],"class_list":{"0":"post-106205","1":"product","2":"type-product","3":"status-publish","4":"has-post-thumbnail","6":"product_cat-rom-smakprove","7":"product_cat-samples-sv","8":"pa_land-barbados-sv","9":"pa_land-jamaica-sv","10":"pa_land-trinidad-sv","11":"pa_procent-41-2-sv","12":"pa_producent-maison-ferrand-sv","13":"pa_volume-3-sv","15":"first","16":"instock","17":"taxable","18":"shipping-taxable","19":"purchasable","20":"product-type-simple"},"bundled_by":[],"bundle_stock_status":"instock","bundle_stock_quantity":null,"bundle_virtual":false,"bundle_layout":"","bundle_add_to_cart_form_location":"","bundle_editable_in_cart":false,"bundle_sold_individually_context":"","bundle_item_grouping":"","bundle_min_size":"","bundle_max_size":"","bundle_price":[],"bundled_items":[],"bundle_sell_ids":[],"acf":[],"_links":{"self":[{"href":"https:\/\/www.raschvin.com\/sv\/wp-json\/wp\/v2\/product\/106205","targetHints":{"allow":["GET"]}}],"collection":[{"href":"https:\/\/www.raschvin.com\/sv\/wp-json\/wp\/v2\/product"}],"about":[{"href":"https:\/\/www.raschvin.com\/sv\/wp-json\/wp\/v2\/types\/product"}],"wp:featuredmedia":[{"embeddable":true,"href":"https:\/\/www.raschvin.com\/sv\/wp-json\/wp\/v2\/media\/103468"}],"wp:attachment":[{"href":"https:\/\/www.raschvin.com\/sv\/wp-json\/wp\/v2\/media?parent=106205"}],"wp:term":[{"taxonomy":"product_brand","embeddable":true,"href":"https:\/\/www.raschvin.com\/sv\/wp-json\/wp\/v2\/product_brand?post=106205"},{"taxonomy":"product_cat","embeddable":true,"href":"https:\/\/www.raschvin.com\/sv\/wp-json\/wp\/v2\/product_cat?post=106205"},{"taxonomy":"product_tag","embeddable":true,"href":"https:\/\/www.raschvin.com\/sv\/wp-json\/wp\/v2\/product_tag?post=106205"}],"curies":[{"name":"wp","href":"https:\/\/api.w.org\/{rel}","templated":true}]}}