{"id":106201,"date":"2025-11-18T09:22:06","date_gmt":"2025-11-18T08:22:06","guid":{"rendered":"https:\/\/www.raschvin.com\/?post_type=product&#038;p=106201"},"modified":"2025-11-18T09:31:53","modified_gmt":"2025-11-18T08:31:53","slug":"jose-cuervo-tradicional-tequila-reposado-70-cl-38-kopier","status":"publish","type":"product","link":"https:\/\/www.raschvin.com\/sv\/produkt\/jose-cuervo-tradicional-tequila-reposado-70-cl-38-kopier\/","title":{"rendered":"Jos\u00e9 Cuervo Tradicional Tequila Reposado 3 cl. (Tasting Sample) 38%"},"content":{"rendered":"<p>Reposado destilleras uteslutande fr\u00e5n bl\u00e5 weber agave. Destillatet tillbringar minst tv\u00e5 m\u00e5nader p\u00e5 ekfat, vilket ger det dess vackra f\u00e4rg. Den visar toner av krispig agave, vanilj, grillad ananas och honung. Smaken k\u00e4nnetecknas av aromer av honung, agave, vanilj och r\u00f6kt ek, som subtilt forts\u00e4tter till avslutningen.<\/p>\n<p>Tequila Cuervo Tradicional har under sina mer \u00e4n 200 \u00e5r varit ett vittne och en del av Mexikos seder, traditioner, gl\u00e4dje och v\u00e4rme, och \u00e4r en del av historien om nationell tequila. Smaknoteringar: Jose Cuervo Reposado, en tequila som b\u00e4st avnjuts fryst. SE. Halmtoner med ljusa gyllene, gr\u00e5 och gr\u00f6naktiga nyanser av fantastisk kropp. Perfekt balans mellan kokt agave, fruktiga, tr\u00e4iga och \u00f6rtiga toner med en touch av oliv. L\u00e4tt kryddad kokt agave, med en r\u00f6kig, \u00f6rtig och subtil citrusavslutning med tr\u00e4iga toner.TEXTUR. Silkeslen, med en subtil och l\u00e5ng harmonisk ton av kryddor och \u00f6rter.<\/p>\n","protected":false},"excerpt":{"rendered":"<p>Classic 100% Blue Agave Tequila<\/p>\n","protected":false},"featured_media":103462,"template":"","meta":{"_acf_changed":false,"rs_blank_template":"","rs_page_bg_color":"","slide_template_v7":""},"product_brand":[],"product_cat":[8625,8839],"product_tag":[],"class_list":{"0":"post-106201","1":"product","2":"type-product","3":"status-publish","4":"has-post-thumbnail","6":"product_cat-samples-sv","7":"product_cat-tequila-mescal-smakprove","8":"pa_land-mexiko","9":"pa_procent-38-sv","10":"pa_producent-jose-cuervo-tequila-sv","11":"pa_region-tequila-sv","12":"pa_volume-3-sv","14":"first","15":"instock","16":"taxable","17":"shipping-taxable","18":"purchasable","19":"product-type-simple"},"bundled_by":[],"bundle_stock_status":"instock","bundle_stock_quantity":null,"bundle_virtual":false,"bundle_layout":"","bundle_add_to_cart_form_location":"","bundle_editable_in_cart":false,"bundle_sold_individually_context":"","bundle_item_grouping":"","bundle_min_size":"","bundle_max_size":"","bundle_price":[],"bundled_items":[],"bundle_sell_ids":[],"acf":[],"_links":{"self":[{"href":"https:\/\/www.raschvin.com\/sv\/wp-json\/wp\/v2\/product\/106201","targetHints":{"allow":["GET"]}}],"collection":[{"href":"https:\/\/www.raschvin.com\/sv\/wp-json\/wp\/v2\/product"}],"about":[{"href":"https:\/\/www.raschvin.com\/sv\/wp-json\/wp\/v2\/types\/product"}],"wp:featuredmedia":[{"embeddable":true,"href":"https:\/\/www.raschvin.com\/sv\/wp-json\/wp\/v2\/media\/103462"}],"wp:attachment":[{"href":"https:\/\/www.raschvin.com\/sv\/wp-json\/wp\/v2\/media?parent=106201"}],"wp:term":[{"taxonomy":"product_brand","embeddable":true,"href":"https:\/\/www.raschvin.com\/sv\/wp-json\/wp\/v2\/product_brand?post=106201"},{"taxonomy":"product_cat","embeddable":true,"href":"https:\/\/www.raschvin.com\/sv\/wp-json\/wp\/v2\/product_cat?post=106201"},{"taxonomy":"product_tag","embeddable":true,"href":"https:\/\/www.raschvin.com\/sv\/wp-json\/wp\/v2\/product_tag?post=106201"}],"curies":[{"name":"wp","href":"https:\/\/api.w.org\/{rel}","templated":true}]}}