{"id":106198,"date":"2025-11-18T09:16:37","date_gmt":"2025-11-18T08:16:37","guid":{"rendered":"https:\/\/www.raschvin.com\/?post_type=product&#038;p=106198"},"modified":"2025-11-18T09:20:46","modified_gmt":"2025-11-18T08:20:46","slug":"kavalan-solist-sherry-cask-70-cl-594-kopier","status":"publish","type":"product","link":"https:\/\/www.raschvin.com\/sv\/produkt\/kavalan-solist-sherry-cask-70-cl-594-kopier\/","title":{"rendered":"Kavalan Solist Sherry Cask 3 cl. (Tasting Sample) 59,4%"},"content":{"rendered":"<p>Producerad med k\u00e4llvatten fr\u00e5n Hsuehshan-bergen (&#8221;Sn\u00f6t\u00e4ckta Bergen&#8221;) \u00e4r Kavalan Sherry en single malt fr\u00e5n Solist-serien, en samling av destilleriets finaste r\u00e5a fatbuteljeringar. Lagrat p\u00e5 oloroso sherryfat och tappat f\u00f6r hand utan utsp\u00e4dning, karamellf\u00e4rg eller kylfiltrering, \u00e4r det en rik, exotisk och komplex whisky, som redan 2011 uts\u00e5gs till v\u00e4rldens b\u00e4sta single malt utanf\u00f6r Skottland vid World Whiskey Awards.<\/p>\n<p>F\u00e4rg Whiskyn har en h\u00e4rlig m\u00f6rk russinf\u00e4rg.<\/p>\n<p>Smak Whiskyn har en rik, sm\u00f6rig, fyllig smak med h\u00e4rliga nyanser av torkad frukt och kryddor samt en hint av kaffe som dr\u00f6jer sig kvar i eftersmaken.<\/p>\n<p>Arom En ren och komplex arom som avsl\u00f6jar lager av torkad frukt, n\u00f6tter, kryddor samt en antydan av marsipan och vanilj.<\/p>\n<p>Servering Whiskyn \u00e4r en utm\u00e4rkt aperitif och digestif.<\/p>\n<p>Kavalan Distillery grundades 2006 i Yilan County och \u00e4r Taiwans f\u00f6rsta och enda destilleri. Det tillh\u00f6r f\u00f6retaget &#8221;King Car&#8221;, som verkar inom olika omr\u00e5den som drycker, mat, bioteknik, akvakultur och mer. Destilleriet &#8221;Kavalan&#8221; har f\u00e5tt sitt namn fr\u00e5n den taiwanesiska aboriginska stammen som f\u00f6rst bosatte sig i Yilan County. Huvudingrediensen i whiskyn \u00e4r rent vatten som h\u00e4mtas fr\u00e5n k\u00e4llor i Central Mountains och den sn\u00f6t\u00e4ckta bergskedjan samt kornmalt fr\u00e5n Skottland, eftersom det lokala fuktiga klimatet inte till\u00e5ter att den odlas p\u00e5 plats. Taiwansk whisky mognar annorlunda \u00e4n skotsk whisky p\u00e5 grund av det varma klimatet, vilket g\u00f6r att whiskyn absorberar ekens aromer mycket snabbare. P\u00e5 grund av \u00f6ns unika klimatf\u00f6rh\u00e5llanden kan tre \u00e5r taiwanesisk whisky j\u00e4mf\u00f6ras med femton \u00e5r skotsk whisky. I december 2008 lanserades den f\u00f6rsta flaskan av &#8221;Kavalan&#8221; whisky. Olika typer av nya bourbon- och sherryfat samt \u00e5teranv\u00e4nda fat anv\u00e4nds f\u00f6r lagringen av whiskyn. Resultatet \u00e4r en whisky med en komplex bukett av blommiga och fruktiga toner.<\/p>\n","protected":false},"excerpt":{"rendered":"<p>Single Malt Whisky \u2013 Taiwan<\/p>\n","protected":false},"featured_media":103465,"template":"","meta":{"_acf_changed":false,"rs_blank_template":"","rs_page_bg_color":"","slide_template_v7":""},"product_brand":[],"product_cat":[8625,8822],"product_tag":[],"class_list":{"0":"post-106198","1":"product","2":"type-product","3":"status-publish","4":"has-post-thumbnail","6":"product_cat-samples-sv","7":"product_cat-whisky-smakprove","8":"pa_land-taiwan-sv","9":"pa_procent-59-4-sv","10":"pa_producent-kavalan-sv","11":"pa_traefad-sherry-sv","12":"pa_volume-3-sv","14":"first","15":"instock","16":"taxable","17":"shipping-taxable","18":"purchasable","19":"product-type-simple"},"bundled_by":[],"bundle_stock_status":"instock","bundle_stock_quantity":null,"bundle_virtual":false,"bundle_layout":"","bundle_add_to_cart_form_location":"","bundle_editable_in_cart":false,"bundle_sold_individually_context":"","bundle_item_grouping":"","bundle_min_size":"","bundle_max_size":"","bundle_price":[],"bundled_items":[],"bundle_sell_ids":[],"acf":[],"_links":{"self":[{"href":"https:\/\/www.raschvin.com\/sv\/wp-json\/wp\/v2\/product\/106198","targetHints":{"allow":["GET"]}}],"collection":[{"href":"https:\/\/www.raschvin.com\/sv\/wp-json\/wp\/v2\/product"}],"about":[{"href":"https:\/\/www.raschvin.com\/sv\/wp-json\/wp\/v2\/types\/product"}],"wp:featuredmedia":[{"embeddable":true,"href":"https:\/\/www.raschvin.com\/sv\/wp-json\/wp\/v2\/media\/103465"}],"wp:attachment":[{"href":"https:\/\/www.raschvin.com\/sv\/wp-json\/wp\/v2\/media?parent=106198"}],"wp:term":[{"taxonomy":"product_brand","embeddable":true,"href":"https:\/\/www.raschvin.com\/sv\/wp-json\/wp\/v2\/product_brand?post=106198"},{"taxonomy":"product_cat","embeddable":true,"href":"https:\/\/www.raschvin.com\/sv\/wp-json\/wp\/v2\/product_cat?post=106198"},{"taxonomy":"product_tag","embeddable":true,"href":"https:\/\/www.raschvin.com\/sv\/wp-json\/wp\/v2\/product_tag?post=106198"}],"curies":[{"name":"wp","href":"https:\/\/api.w.org\/{rel}","templated":true}]}}