{"id":106194,"date":"2025-11-18T09:12:24","date_gmt":"2025-11-18T08:12:24","guid":{"rendered":"https:\/\/www.raschvin.com\/?post_type=product&#038;p=106194"},"modified":"2025-11-18T09:15:20","modified_gmt":"2025-11-18T08:15:20","slug":"green-spot-mitchell-son-70-cl-40-kopier-2","status":"publish","type":"product","link":"https:\/\/www.raschvin.com\/sv\/produkt\/green-spot-mitchell-son-70-cl-40-kopier-2\/","title":{"rendered":"Green Spot &#8211; Mitchell &#038; Son 3 cl. (Tasting Sample) 40%"},"content":{"rendered":"<p>&#8221;Unquestionably en av v\u00e4rldens stora whiskyer&#8221;<\/p>\n<p>&#8211; Jim Murray<\/p>\n<p>Bara h\u00e4r h\u00e5ller vi med det goda herr Murray, i sin whisky bibel Roses Mitchells gr\u00f6na plats till molnen. Klistra p\u00e5 den 7-10 \u00e5riga singelpotten \u00e4r fortfarande whisky lite mer mjuk och sommar, till exempel, j\u00e4mf\u00f6rt med redbreasts rik och oljad.<\/p>\n<p>F\u00e4rg: Golden.<br \/>\nFragrance: Den n\u00e4rmaste essentiella doften av riven citron och apelsinskal sm\u00e4lter tillsammans med korn, brun farin och nyf\u00f6rbr\u00e4nning ekfat.<br \/>\nSmak: Det \u00e4r sv\u00e5rt att inte f\u00e5 f\u00f6reningar till Irlands mjuka gr\u00e4sbevuxna kullar. Gr\u00f6na \u00e4pplen, nejlikor, malt socker och sammet \u00e4rm gait fr\u00f6n mjukt f\u00f6r tungan.<\/p>\n<p>Serveringsf\u00f6rslag: b\u00f6r avnjutas ren.<\/p>\n<p>Gr\u00f6n plats \u00e4r en av de \u00e4ldsta irl\u00e4ndska whiskyerna. Historien b\u00f6rjar p\u00e5 Mitchell-familjen, strax tillbaka p\u00e5 1800-talet. Mitchell-familjen var en entrepren\u00f6rshandlare som sedan 1805 hade drivit verksamhet i Dublin och som familjef\u00f6retaget v\u00e4xte, ut\u00f6kades sortimentet med egen tappning av den lokala whiskyen fr\u00e5n Old Jameson Distillery, som d\u00e5 var i Dublin. Toma ving\u00e5rdar och likst\u00e4lld sylt fr\u00e5n Portugal och Spanien \u00e5terfylldes nya andar och lagrades i m\u00e5nga \u00e5r under Mitchell-familjebutiken i Fitzwilliam Street. Kunderna i aff\u00e4ren kunde under l\u00e5nga \u00e5r v\u00e4lja mellan en bl\u00e5, r\u00f6d, gul och gr\u00f6n punktsflaska &#8211; alla med olika \u00e5ldrar och karakt\u00e4r. Det var emellertid alltid gr\u00f6n plats, eftersom kunderna helst skulle ha, och whiskemarked \u00f6verlevde ocks\u00e5 tidvattnet helt fram till slutet av 1960-talet, d\u00e4r Jameson Distiller i Dublin st\u00e4ngdes och produktionen flyttades till Midleton i Cork.<\/p>\n<p>Midleton Distillery, n\u00e4ra hamnstaden Cork, med flera l\u00e4ngder av Irlands st\u00f6rsta destilleri. Det \u00e4r hem f\u00f6r en av v\u00e4rldens st\u00f6rsta pottstillst\u00e5nd och en p\u00e4rla av mycket \u00e4lskade whiskyer som Jameson, Redbreast, krafter, paddy, gr\u00f6n plats och f\u00f6rfattare t\u00e5rar. M\u00e5nga bra droppar som drivs av pannorna p\u00e5 destilleriet, som n\u00e4stan \u00e4r uppdelade i tv\u00e5; I en del g\u00f6r du kornwhisky p\u00e5 kolonnkedjor, medan i den andra typiskt irl\u00e4ndska enstaka potten fortfarande whisky. Korn whisky anv\u00e4nds i blandningar som Jameson, och h\u00e4r anv\u00e4nds ocks\u00e5 den unika irl\u00e4ndska enstaka potten fortfarande whisky, som \u00e4r gjord med b\u00e5de maltad och omm\u00e5lad korn, men detta tappas i st\u00f6rre och st\u00f6rre stil utan att integrera kornwhisky &#8211; s\u00e4kert ett gott tecken f\u00f6r framtiden f\u00f6r irl\u00e4ndsk whisky.<\/p>\n","protected":false},"excerpt":{"rendered":"<p>Single Pot Still Irish Whiskey<\/p>\n","protected":false},"featured_media":103462,"template":"","meta":{"_acf_changed":false,"rs_blank_template":"","rs_page_bg_color":"","slide_template_v7":""},"product_brand":[],"product_cat":[8625,8822],"product_tag":[],"class_list":{"0":"post-106194","1":"product","2":"type-product","3":"status-publish","4":"has-post-thumbnail","6":"product_cat-samples-sv","7":"product_cat-whisky-smakprove","8":"pa_land-irland-sv","9":"pa_procent-40-sv-2","10":"pa_producent-mitchell-son-sv","11":"pa_volume-3-sv","13":"first","14":"instock","15":"taxable","16":"shipping-taxable","17":"purchasable","18":"product-type-simple"},"bundled_by":[],"bundle_stock_status":"instock","bundle_stock_quantity":null,"bundle_virtual":false,"bundle_layout":"","bundle_add_to_cart_form_location":"","bundle_editable_in_cart":false,"bundle_sold_individually_context":"","bundle_item_grouping":"","bundle_min_size":"","bundle_max_size":"","bundle_price":[],"bundled_items":[],"bundle_sell_ids":[],"acf":[],"_links":{"self":[{"href":"https:\/\/www.raschvin.com\/sv\/wp-json\/wp\/v2\/product\/106194","targetHints":{"allow":["GET"]}}],"collection":[{"href":"https:\/\/www.raschvin.com\/sv\/wp-json\/wp\/v2\/product"}],"about":[{"href":"https:\/\/www.raschvin.com\/sv\/wp-json\/wp\/v2\/types\/product"}],"wp:featuredmedia":[{"embeddable":true,"href":"https:\/\/www.raschvin.com\/sv\/wp-json\/wp\/v2\/media\/103462"}],"wp:attachment":[{"href":"https:\/\/www.raschvin.com\/sv\/wp-json\/wp\/v2\/media?parent=106194"}],"wp:term":[{"taxonomy":"product_brand","embeddable":true,"href":"https:\/\/www.raschvin.com\/sv\/wp-json\/wp\/v2\/product_brand?post=106194"},{"taxonomy":"product_cat","embeddable":true,"href":"https:\/\/www.raschvin.com\/sv\/wp-json\/wp\/v2\/product_cat?post=106194"},{"taxonomy":"product_tag","embeddable":true,"href":"https:\/\/www.raschvin.com\/sv\/wp-json\/wp\/v2\/product_tag?post=106194"}],"curies":[{"name":"wp","href":"https:\/\/api.w.org\/{rel}","templated":true}]}}