{"id":106187,"date":"2025-11-18T08:59:48","date_gmt":"2025-11-18T07:59:48","guid":{"rendered":"https:\/\/www.raschvin.com\/?post_type=product&#038;p=106187"},"modified":"2025-11-18T09:02:45","modified_gmt":"2025-11-18T08:02:45","slug":"kavalan-solist-amontillado-70-cl-563-kopier","status":"publish","type":"product","link":"https:\/\/www.raschvin.com\/sv\/produkt\/kavalan-solist-amontillado-70-cl-563-kopier\/","title":{"rendered":"Kavalan Solist Amontillado 3 cl. (Tasting Sample) 56,3%"},"content":{"rendered":"<p>Amontillado \u00e4r en typ av torr sherry som \u00e4r m\u00f6rkare \u00e4n Fino men ljusare \u00e4n Oloroso, mognar med ett lager av flor och exponeras sedan f\u00f6r luft f\u00f6r ytterligare oxidation p\u00e5 grund av f\u00f6rlusten av flor. Rostade mandlar och hasseln\u00f6tter \u00e4r de klassiska aromerna f\u00f6r Amontillado-fat.<\/p>\n<p>F\u00e4rg: Rik kastanjebrun<\/p>\n<p>Doft: Mycket rik och fruktig. Bra s\u00f6tma med toner av valn\u00f6t och mandel. L\u00e4tt kola och en touch av ek. Smak: Mer exotisk och mjuk sherry med en antydan av karamell. Eftersmaken \u00e4r mjukt l\u00e5ng med n\u00f6tter och en antydan av pepprighet. Provsmakning: Vi f\u00f6resl\u00e5r att dricka Kavalan Solist Amontillado Cask rent. Den \u00e4r ocks\u00e5 perfekt tillsammans med glass.<\/p>\n<p>Kavalan Distillery grundades 2006 i Yilan County och \u00e4r Taiwans f\u00f6rsta och enda destilleri. Det tillh\u00f6r f\u00f6retaget &#8221;King Car&#8221;, som \u00e4r verksamt inom olika omr\u00e5den: drycker, mat, bioteknik, vattenbruk och andra. Destilleriet &#8221;Kavalan&#8221; namngavs till \u00e4ra f\u00f6r stammen av taiwanesiska urinv\u00e5nare som f\u00f6rst bosatte sig i Yilan County. De viktigaste ingredienserna i whisky \u00e4r rent vatten, som h\u00e4mtas fr\u00e5n k\u00e4llor i de centrala bergen och Snowy Mountain Ridge, samt kornmalt fr\u00e5n Skottland, eftersom det p\u00e5 grund av det lokala fuktiga klimatet inte \u00e4r m\u00f6jligt att odla det sj\u00e4lv. Taiwansk whisky \u00e5ldras annorlunda \u00e4n skotsk whisky p\u00e5 grund av det varma klimatet, vilket g\u00f6r att den m\u00e4ttas med ekarom mycket snabbare. P\u00e5 grund av \u00f6ns speciella klimatf\u00f6rh\u00e5llanden motsvarar tre \u00e5rs lagring av taiwanesisk whisky femton \u00e5rs lagring av skotsk whisky. I december 2008 sl\u00e4pptes den f\u00f6rsta flaskan av &#8221;Kavalan&#8221; whisky. F\u00f6r lagring av whisky anv\u00e4nds olika typer av nya bourbon- och sherryfat samt \u00e5tervunna fat. Resultatet \u00e4r en whisky med en flerskiktad bukett av blom- och fruktnoter.<\/p>\n","protected":false},"excerpt":{"rendered":"<p>Single Malt Whisky \u2013 Taiwan<\/p>\n","protected":false},"featured_media":103465,"template":"","meta":{"_acf_changed":false,"rs_blank_template":"","rs_page_bg_color":"","slide_template_v7":""},"product_brand":[],"product_cat":[8625,8822],"product_tag":[],"class_list":{"0":"post-106187","1":"product","2":"type-product","3":"status-publish","4":"has-post-thumbnail","6":"product_cat-samples-sv","7":"product_cat-whisky-smakprove","8":"pa_land-taiwan-sv","9":"pa_procent-56-3-sv","10":"pa_producent-king-car-distillery-sv","11":"pa_traefad-amontillado-sv","12":"pa_volume-3-sv","14":"first","15":"instock","16":"taxable","17":"shipping-taxable","18":"purchasable","19":"product-type-simple"},"bundled_by":[],"bundle_stock_status":"instock","bundle_stock_quantity":null,"bundle_virtual":false,"bundle_layout":"","bundle_add_to_cart_form_location":"","bundle_editable_in_cart":false,"bundle_sold_individually_context":"","bundle_item_grouping":"","bundle_min_size":"","bundle_max_size":"","bundle_price":[],"bundled_items":[],"bundle_sell_ids":[],"acf":[],"_links":{"self":[{"href":"https:\/\/www.raschvin.com\/sv\/wp-json\/wp\/v2\/product\/106187","targetHints":{"allow":["GET"]}}],"collection":[{"href":"https:\/\/www.raschvin.com\/sv\/wp-json\/wp\/v2\/product"}],"about":[{"href":"https:\/\/www.raschvin.com\/sv\/wp-json\/wp\/v2\/types\/product"}],"wp:featuredmedia":[{"embeddable":true,"href":"https:\/\/www.raschvin.com\/sv\/wp-json\/wp\/v2\/media\/103465"}],"wp:attachment":[{"href":"https:\/\/www.raschvin.com\/sv\/wp-json\/wp\/v2\/media?parent=106187"}],"wp:term":[{"taxonomy":"product_brand","embeddable":true,"href":"https:\/\/www.raschvin.com\/sv\/wp-json\/wp\/v2\/product_brand?post=106187"},{"taxonomy":"product_cat","embeddable":true,"href":"https:\/\/www.raschvin.com\/sv\/wp-json\/wp\/v2\/product_cat?post=106187"},{"taxonomy":"product_tag","embeddable":true,"href":"https:\/\/www.raschvin.com\/sv\/wp-json\/wp\/v2\/product_tag?post=106187"}],"curies":[{"name":"wp","href":"https:\/\/api.w.org\/{rel}","templated":true}]}}