{"id":106183,"date":"2025-11-18T08:55:58","date_gmt":"2025-11-18T07:55:58","guid":{"rendered":"https:\/\/www.raschvin.com\/?post_type=product&#038;p=106183"},"modified":"2025-11-18T08:58:51","modified_gmt":"2025-11-18T07:58:51","slug":"stauning-whisky-kaos-triple-malt-whisky-core-edition-70-cl-46-kopier","status":"publish","type":"product","link":"https:\/\/www.raschvin.com\/sv\/produkt\/stauning-whisky-kaos-triple-malt-whisky-core-edition-70-cl-46-kopier\/","title":{"rendered":"Stauning Whisky \u2013 KAOS Triple Malt Whisky Core Edition 3 cl. (Tasting Sample) 46%"},"content":{"rendered":"<p>I princip allt det b\u00e4sta fr\u00e5n Stauning, samlat i en flaska. Lite r\u00f6k, lite krydda och mycket komplexitet i en allm\u00e4nt anv\u00e4ndbar New Nordic Whisky.<br \/>\nEn extremt m\u00e5ngsidig whisky: f\u00f6r den fulla outsp\u00e4dda upplevelsen, drick den snygg som skotsk malt, l\u00e4gg till is f\u00f6r en bourbon-\/r\u00e5gstil eller anv\u00e4nd den f\u00f6r att piffa upp din whiskybaserade klassiska cocktail med en nordisk kaotisk twist.<\/p>\n<p>V\u00c4RT ATT VETA<br \/>\nInspirerad av dansk historia<br \/>\nNamnet Kaos \u00e4r f\u00f6rst\u00e5s inspirerat av den senaste tidens danska historia. Thorvald Stauning (1873-1943) var som bekant Danmarks f\u00f6rsta socialdemokratiske statsminister och anses vara v\u00e5r moderna v\u00e4lf\u00e4rdsstats fader.<br \/>\nF\u00f6r det allm\u00e4nna valet 1935 anv\u00e4nde han den ber\u00f6mda sloganen &#8221;Staunting or Chaos&#8221;. D\u00e5 valde danskarna Stauning, men du beh\u00f6ver inte v\u00e4lja.<br \/>\nVi ger dig b\u00e5de Astonishment och Chaos genom att blanda v\u00e5r b\u00e4sta r\u00e5g och v\u00e5r b\u00e4sta r\u00f6kta whisky i en underbar gemenskap.<\/p>\n<p>En blandning av allt vi g\u00f6r:<br \/>\nInneh\u00e5ll<br \/>\nStauning No-Smoke Single Malt, Stauning Malted Rye och Stauning Smoked Single Malt<\/p>\n<p>Lokal<br \/>\nBryggt p\u00e5 lokal r\u00e5g och korn<\/p>\n<p>\u00c4kta<br \/>\nM\u00e4ltad p\u00e5 golvet i destilleriet<\/p>\n<p>Komplexitet<br \/>\nLagrat p\u00e5 b\u00e5de nya amerikanska ekfat och 1st Fill Maker&#8217;s Mark fat<\/p>\n<p>Kvalitet<br \/>\nDubbeldestillerad i sm\u00e5 pot stills uppv\u00e4rmda \u00f6ver \u00f6ppen eld<br \/>\nOfiltrerad &#8211; f\u00e4llning kan f\u00f6rekomma<\/p>\n<p>Handgjorda<br \/>\n100% handgjorda p\u00e5 destilleriet av rena lokala r\u00e5varor<\/p>\n<p>SMAK L\u00e4ttr\u00f6kt, kryddig och s\u00f6t. En whisky med komplexitet och struktur. P\u00e5 n\u00e4san, spannm\u00e5l, choklad, ek, kola och kanel. I munnen en r\u00f6kt chokladkaka med nougat, kola, lakrits, \u00e4pple och ek. En l\u00e5ng r\u00f6kig eftersmak med inslag av vanilj och torkade r\u00f6da frukter.<\/p>\n<p>\u00c5LDRA &#038; BLEKNA<br \/>\nLagrad i 4-5 \u00e5r p\u00e5 tunga f\u00f6rkolnade Virgin American Oak-fat och 1st fill Makers Mark-fat<\/p>\n<p>IWSC, SILVER MEDALJ &#8211; 91 PO\u00c4NG &#8221;L\u00f6jligt vackert, helt enkelt. [&#8230;] S\u00e5 m\u00e5nga fr\u00e5gor&#8230; S\u00e5 m\u00e5nga f\u00f6rvirrande, men \u00e4nd\u00e5 f\u00f6rf\u00f6riska svar.&#8221;<\/p>\n<p>NYWSC &#8211; DUBBEL GULD \u201cTr\u00f6stande aromer av kolaspopcorn och countrybrasor. Ett l\u00e4ckert \u00f6verfl\u00f6d av vanilj och s\u00f6tt \u00e4pple p\u00e5 gommen. En kr\u00e4mig blandning av apelsin och tobak accentuerar den tillfredsst\u00e4llande finishen.\u201d<\/p>\n","protected":false},"excerpt":{"rendered":"<p>Danish Whisky<\/p>\n","protected":false},"featured_media":103462,"template":"","meta":{"_acf_changed":false,"rs_blank_template":"","rs_page_bg_color":"","slide_template_v7":""},"product_brand":[],"product_cat":[8625,8822],"product_tag":[],"class_list":{"0":"post-106183","1":"product","2":"type-product","3":"status-publish","4":"has-post-thumbnail","6":"product_cat-samples-sv","7":"product_cat-whisky-smakprove","8":"pa_land-danmark-sv","9":"pa_procent-46-sv","10":"pa_producent-stauning-whisky-sv","11":"pa_region-jylland-sv","12":"pa_volume-3-sv","14":"first","15":"instock","16":"taxable","17":"shipping-taxable","18":"purchasable","19":"product-type-simple"},"bundled_by":[],"bundle_stock_status":"instock","bundle_stock_quantity":null,"bundle_virtual":false,"bundle_layout":"","bundle_add_to_cart_form_location":"","bundle_editable_in_cart":false,"bundle_sold_individually_context":"","bundle_item_grouping":"","bundle_min_size":"","bundle_max_size":"","bundle_price":[],"bundled_items":[],"bundle_sell_ids":[],"acf":[],"_links":{"self":[{"href":"https:\/\/www.raschvin.com\/sv\/wp-json\/wp\/v2\/product\/106183","targetHints":{"allow":["GET"]}}],"collection":[{"href":"https:\/\/www.raschvin.com\/sv\/wp-json\/wp\/v2\/product"}],"about":[{"href":"https:\/\/www.raschvin.com\/sv\/wp-json\/wp\/v2\/types\/product"}],"wp:featuredmedia":[{"embeddable":true,"href":"https:\/\/www.raschvin.com\/sv\/wp-json\/wp\/v2\/media\/103462"}],"wp:attachment":[{"href":"https:\/\/www.raschvin.com\/sv\/wp-json\/wp\/v2\/media?parent=106183"}],"wp:term":[{"taxonomy":"product_brand","embeddable":true,"href":"https:\/\/www.raschvin.com\/sv\/wp-json\/wp\/v2\/product_brand?post=106183"},{"taxonomy":"product_cat","embeddable":true,"href":"https:\/\/www.raschvin.com\/sv\/wp-json\/wp\/v2\/product_cat?post=106183"},{"taxonomy":"product_tag","embeddable":true,"href":"https:\/\/www.raschvin.com\/sv\/wp-json\/wp\/v2\/product_tag?post=106183"}],"curies":[{"name":"wp","href":"https:\/\/api.w.org\/{rel}","templated":true}]}}