{"id":106179,"date":"2025-11-18T08:49:42","date_gmt":"2025-11-18T07:49:42","guid":{"rendered":"https:\/\/www.raschvin.com\/?post_type=product&#038;p=106179"},"modified":"2025-11-18T08:52:06","modified_gmt":"2025-11-18T07:52:06","slug":"canerock-spiced-infused-rum-70-cl-40-kopier","status":"publish","type":"product","link":"https:\/\/www.raschvin.com\/sv\/produkt\/canerock-spiced-infused-rum-70-cl-40-kopier\/","title":{"rendered":"Canerock &#8211; Spiced Infused Rum 3 cl. (Tasting Sample) 40%"},"content":{"rendered":"<p>Canerock Jamaica Spiced Rom \u00e4r gjord av 100 % jamaicansk pot still rom fr\u00e5n de tv\u00e5 legendariska destillerierna, Clarendon och Long Pond. Rommen \u00e4r smaksatt med l\u00e4ckra naturliga kryddor som Madagaskar vanilj, karibisk kokos och jamaicansk ingef\u00e4ra. Rommen lagras sedan i s\u00f6ta PX-sherryfat i 6 m\u00e5nader, och avrundas slutligen med 25 g\/liter r\u00f6rsocker. Voila! \u2013 en fantastisk Spiced Rom \u00e4r resultatet. F\u00e4rg: Amber. Doft: V\u00e4lkomnande doft av vanilj, kaffe, choklad och varma kryddor. Smaknoter: Fyllig, kryddig och s\u00f6t \u2013 men inte \u00f6verdrivet s\u00f6t. L\u00e5ng eftersmak, med toner av russin, kokos och ingef\u00e4ra h\u00e4ngande. Serveringsf\u00f6rslag: Njut av det rent eller i cocktails. Maison Ferrand, ledd av spritgurun Alexandre Gabriel, \u00e4r f\u00f6retaget bakom n\u00e5gra av de viktigaste konjaken, rom och gin i det moderna spritlandskapet. Under paraplyet finns Pierre Ferrand Cognac, Plantation Rum och Citadelle Gin, rom under varum\u00e4rket Kanich\u00e9 och cognac under namnet Claude Chatelier. Dessutom produceras ett antal lyxlik\u00f6rer, varav speciellt deras cura\u00e7ao har v\u00e4ckt entusiasm p\u00e5 cocktailbarer runt om i v\u00e4rlden. F\u00f6retaget omfattar brett, men gemensamt f\u00f6r varje droppe \u00e4r en orubblig dedikation till kvalitet. Maison Ferrand skapades med ett uppdrag: att bevara Frankrikes gastronomiska skatter. Alexandre har gjort en dygd av att bl\u00e5sa liv i gamla och sedan l\u00e4nge bortgl\u00f6mda traditioner, och den evigt ivrige fransmannen \u00e4r bland annat k\u00e4nd f\u00f6r att damma och k\u00f6pa upp gamla arkiv fr\u00e5n konkurshus, f\u00f6r att l\u00e4ra sig mer om f\u00f6rr i tidens produktionsmetoder. . Men p\u00e5 Ferrand f\u00f6rst\u00e5r man ocks\u00e5 v\u00e4rdet av f\u00f6rnyelse och idag v\u00e4rderas innovation lika h\u00f6gt som tradition. Detta syns tydligt i m\u00e4rket Citadelle Gin. Att f\u00e5 destillera gin i Cognac kr\u00e4vde fem \u00e5rs byr\u00e5kratisk kamp mot omr\u00e5dets envisa spritj\u00e4ttar. Sedan dess har f\u00f6retaget spridit sig utanf\u00f6r Frankrikes gr\u00e4nser och idag \u00e4r Ferrand kanske mest k\u00e4nt f\u00f6r sin romserie. Under namnet Plantation k\u00f6per Alexandre rom fr\u00e5n m\u00e5nga olika l\u00e4nder i Karibien och lagrar den i Frankrike p\u00e5 konjakfat. Serien inneh\u00e5ller rom f\u00f6r b\u00e5de nyb\u00f6rjaren och finsmakaren, f\u00f6r b\u00e5de daiquirie och Glencairn-glaset. 2017 k\u00f6pte f\u00f6retaget Barbados-destilleriet West Indies Rum Distillery, och har nu \u00e4ven en egen romproduktion fr\u00e5n grunden.<\/p>\n","protected":false},"excerpt":{"rendered":"<p>Spirit Drink &#8211; Distilled in Jamaica<\/p>\n","protected":false},"featured_media":103462,"template":"","meta":{"_acf_changed":false,"rs_blank_template":"","rs_page_bg_color":"","slide_template_v7":""},"product_brand":[],"product_cat":[8820,8625],"product_tag":[],"class_list":{"0":"post-106179","1":"product","2":"type-product","3":"status-publish","4":"has-post-thumbnail","6":"product_cat-rom-smakprove","7":"product_cat-samples-sv","8":"pa_land-jamaica-sv","9":"pa_procent-40-sv-2","10":"pa_producent-maison-ferrand-sv","11":"pa_volume-3-sv","13":"first","14":"instock","15":"taxable","16":"shipping-taxable","17":"purchasable","18":"product-type-simple"},"bundled_by":[],"bundle_stock_status":"instock","bundle_stock_quantity":null,"bundle_virtual":false,"bundle_layout":"","bundle_add_to_cart_form_location":"","bundle_editable_in_cart":false,"bundle_sold_individually_context":"","bundle_item_grouping":"","bundle_min_size":"","bundle_max_size":"","bundle_price":[],"bundled_items":[],"bundle_sell_ids":[],"acf":[],"_links":{"self":[{"href":"https:\/\/www.raschvin.com\/sv\/wp-json\/wp\/v2\/product\/106179","targetHints":{"allow":["GET"]}}],"collection":[{"href":"https:\/\/www.raschvin.com\/sv\/wp-json\/wp\/v2\/product"}],"about":[{"href":"https:\/\/www.raschvin.com\/sv\/wp-json\/wp\/v2\/types\/product"}],"wp:featuredmedia":[{"embeddable":true,"href":"https:\/\/www.raschvin.com\/sv\/wp-json\/wp\/v2\/media\/103462"}],"wp:attachment":[{"href":"https:\/\/www.raschvin.com\/sv\/wp-json\/wp\/v2\/media?parent=106179"}],"wp:term":[{"taxonomy":"product_brand","embeddable":true,"href":"https:\/\/www.raschvin.com\/sv\/wp-json\/wp\/v2\/product_brand?post=106179"},{"taxonomy":"product_cat","embeddable":true,"href":"https:\/\/www.raschvin.com\/sv\/wp-json\/wp\/v2\/product_cat?post=106179"},{"taxonomy":"product_tag","embeddable":true,"href":"https:\/\/www.raschvin.com\/sv\/wp-json\/wp\/v2\/product_tag?post=106179"}],"curies":[{"name":"wp","href":"https:\/\/api.w.org\/{rel}","templated":true}]}}