{"id":106164,"date":"2025-11-18T08:31:05","date_gmt":"2025-11-18T07:31:05","guid":{"rendered":"https:\/\/www.raschvin.com\/?post_type=product&#038;p=106164"},"modified":"2025-11-18T08:35:18","modified_gmt":"2025-11-18T07:35:18","slug":"tequila-el-tequileno-platinum-blanco-3-cl-tasting-sample-40-kopier","status":"publish","type":"product","link":"https:\/\/www.raschvin.com\/sv\/produkt\/tequila-el-tequileno-platinum-blanco-3-cl-tasting-sample-40-kopier\/","title":{"rendered":"Tequila El Tequile\u00f1o &#8211; Blanco 3 cl. (Tasting Sample) 38%"},"content":{"rendered":"<p data-start=\"2464\" data-end=\"2598\">Denna blanco-tequila fr\u00e5n destilleriet El Tequile\u00f1o \u00e4r mycket v\u00e4l l\u00e4mpad f\u00f6r drinkar \u2013 s\u00e4rskilt i den ber\u00f6mda La Batanga-cocktailen.<\/p>\n<p data-start=\"2600\" data-end=\"2679\"><strong data-start=\"2600\" data-end=\"2608\">Doft<\/strong><br data-start=\"2608\" data-end=\"2611\" \/>Bakt agave, \u00f6rtiga toner, delikata inslag av anis och svartpeppar.<\/p>\n<p data-start=\"2681\" data-end=\"2710\"><strong data-start=\"2681\" data-end=\"2689\">Smak<\/strong><br data-start=\"2689\" data-end=\"2692\" \/>S\u00f6t, bakt agave.<\/p>\n<p data-start=\"2712\" data-end=\"2986\"><strong data-start=\"2712\" data-end=\"2728\">Om produkten<\/strong><br data-start=\"2728\" data-end=\"2731\" \/>El Tequile\u00f1o Blanco har l\u00e4nge varit en favorit bland inv\u00e5narna i staden Tequila och de omkringliggande omr\u00e5dena. Denna historiska tequila \u00e4r huvudingredienser i La Batanga-cocktailen, som uppfanns av Don Javier fr\u00e5n den v\u00e4rldsber\u00f6mda La Capilla Cantina.<\/p>\n<p data-start=\"2988\" data-end=\"3283\">El Tequile\u00f1o Blanco \u00e4r en s\u00e5 kallad blanco-tequila, vilket inneb\u00e4r att den antingen \u00e4r olagrad eller endast lagrad under en mycket kort period. Blanco-tequila \u00e4r oftast mycket ren i smaken och tydligt pr\u00e4glad av agavens naturliga karakt\u00e4r. El Tequile\u00f1o Blanco g\u00f6r sig s\u00e4rskilt bra i cocktails.<\/p>\n<p data-start=\"3285\" data-end=\"3342\">El Tequile\u00f1o Blanco \u00e4r buteljerad vid 40 % alkoholhalt.<\/p>\n<p data-start=\"3344\" data-end=\"3441\"><strong data-start=\"3344\" data-end=\"3357\">Smaknoter<\/strong><br data-start=\"3357\" data-end=\"3360\" \/>En s\u00f6t, l\u00e4cker tequila med smak av bakt agave. Mycket v\u00e4l l\u00e4mpad f\u00f6r cocktails.<\/p>\n<p data-start=\"3443\" data-end=\"3885\"><strong data-start=\"3443\" data-end=\"3462\">Om El Tequile\u00f1o<\/strong><br data-start=\"3462\" data-end=\"3465\" \/>Tequile\u00f1o \u00e4r ett av de mest respekterade och popul\u00e4ra premium-tequilavarum\u00e4rkena i v\u00e4rlden \u2013 och det av goda sk\u00e4l. Destilleriet grundades 1959 av Don Jorge Salles Cuervo i staden Tequila i Mexiko. Destilleriet tog sitt namn efter staden \u2013 ett namn som inte \u00e4r helt slumpm\u00e4ssigt. Staden Tequila \u00e4r n\u00e4mligen platsen d\u00e4r den agavebaserade spriten f\u00f6rst destillerades, och det \u00e4r ocks\u00e5 d\u00e4rifr\u00e5n drycken har f\u00e5tt sitt namn.<\/p>\n<p data-start=\"3887\" data-end=\"4313\">F\u00f6rutom detta historiska arv \u00e4r Tequile\u00f1o ocks\u00e5 speciellt genom att vara ett av de f\u00e5 tequila-destillerier som sl\u00e4pper sin tequila under eget namn. Normalt inom tequila-branschen s\u00e4ljer destillerierna sin tequila till oberoende buteljerare, som sedan s\u00e4ljer den under sina egna varum\u00e4rken. Tequile\u00f1o sk\u00f6ter hela processen sj\u00e4lv \u2013 fr\u00e5n plantering och sk\u00f6rd av bl\u00e5 agave till blandning och buteljering av den f\u00e4rdiga tequilan.<\/p>\n<p data-start=\"4315\" data-end=\"4557\">Tequile\u00f1o lanserar idag en rad olika tequila: under 1959 premium-serien hittar man klassiker som blanco, reposado, cristalino och a\u00f1ejo, och f\u00f6r den som vill ha ett mer prisv\u00e4rt och drinkfokuserat alternativ finns en blanco och en reposado.<\/p>\n<p data-start=\"4559\" data-end=\"4572\"><strong data-start=\"4559\" data-end=\"4572\">Cocktails<\/strong><\/p>\n<p data-start=\"4574\" data-end=\"4588\"><em data-start=\"4574\" data-end=\"4586\">La Batanga<\/em><\/p>\n<ul data-start=\"4589\" data-end=\"4713\">\n<li data-start=\"4589\" data-end=\"4612\">\n<p data-start=\"4591\" data-end=\"4612\">El Tequile\u00f1o Blanco<\/p>\n<\/li>\n<li data-start=\"4613\" data-end=\"4635\">\n<p data-start=\"4615\" data-end=\"4635\">En skv\u00e4tt limesaft<\/p>\n<\/li>\n<li data-start=\"4636\" data-end=\"4713\">\n<p data-start=\"4638\" data-end=\"4713\">Fyll upp med cola<br data-start=\"4655\" data-end=\"4658\" \/>Salta g\u00e4rna glaskanten och garnera med en limeklyfta.<\/p>\n<\/li>\n<\/ul>\n<p data-start=\"4715\" data-end=\"4731\"><em data-start=\"4715\" data-end=\"4729\">Mexican Mule<\/em><\/p>\n<ul data-start=\"4732\" data-end=\"4824\">\n<li data-start=\"4732\" data-end=\"4763\">\n<p data-start=\"4734\" data-end=\"4763\">2 delar El Tequile\u00f1o Blanco<\/p>\n<\/li>\n<li data-start=\"4764\" data-end=\"4803\">\n<p data-start=\"4766\" data-end=\"4803\">3 delar Franklin &amp; Sons Ginger Beer<\/p>\n<\/li>\n<li data-start=\"4804\" data-end=\"4824\">\n<p data-start=\"4806\" data-end=\"4824\">En skv\u00e4tt limesaft<\/p>\n<\/li>\n<\/ul>\n","protected":false},"excerpt":{"rendered":"<p>Premium 100% Agave TEquila<\/p>\n","protected":false},"featured_media":103468,"template":"","meta":{"_acf_changed":false,"rs_blank_template":"","rs_page_bg_color":"","slide_template_v7":""},"product_brand":[],"product_cat":[8625,8839],"product_tag":[],"class_list":{"0":"post-106164","1":"product","2":"type-product","3":"status-publish","4":"has-post-thumbnail","6":"product_cat-samples-sv","7":"product_cat-tequila-mescal-smakprove","8":"pa_champagne-type-blanco-sv","9":"pa_land-mexiko","10":"pa_procent-38-sv","11":"pa_region-tequila-sv","12":"pa_volume-3-sv","14":"first","15":"instock","16":"taxable","17":"shipping-taxable","18":"purchasable","19":"product-type-simple"},"bundled_by":[],"bundle_stock_status":"instock","bundle_stock_quantity":null,"bundle_virtual":false,"bundle_layout":"","bundle_add_to_cart_form_location":"","bundle_editable_in_cart":false,"bundle_sold_individually_context":"","bundle_item_grouping":"","bundle_min_size":"","bundle_max_size":"","bundle_price":[],"bundled_items":[],"bundle_sell_ids":[],"acf":[],"_links":{"self":[{"href":"https:\/\/www.raschvin.com\/sv\/wp-json\/wp\/v2\/product\/106164","targetHints":{"allow":["GET"]}}],"collection":[{"href":"https:\/\/www.raschvin.com\/sv\/wp-json\/wp\/v2\/product"}],"about":[{"href":"https:\/\/www.raschvin.com\/sv\/wp-json\/wp\/v2\/types\/product"}],"wp:featuredmedia":[{"embeddable":true,"href":"https:\/\/www.raschvin.com\/sv\/wp-json\/wp\/v2\/media\/103468"}],"wp:attachment":[{"href":"https:\/\/www.raschvin.com\/sv\/wp-json\/wp\/v2\/media?parent=106164"}],"wp:term":[{"taxonomy":"product_brand","embeddable":true,"href":"https:\/\/www.raschvin.com\/sv\/wp-json\/wp\/v2\/product_brand?post=106164"},{"taxonomy":"product_cat","embeddable":true,"href":"https:\/\/www.raschvin.com\/sv\/wp-json\/wp\/v2\/product_cat?post=106164"},{"taxonomy":"product_tag","embeddable":true,"href":"https:\/\/www.raschvin.com\/sv\/wp-json\/wp\/v2\/product_tag?post=106164"}],"curies":[{"name":"wp","href":"https:\/\/api.w.org\/{rel}","templated":true}]}}