{"id":106152,"date":"2025-11-18T08:13:23","date_gmt":"2025-11-18T07:13:23","guid":{"rendered":"https:\/\/www.raschvin.com\/?post_type=product&#038;p=106152"},"modified":"2025-11-18T08:18:27","modified_gmt":"2025-11-18T07:18:27","slug":"ardnamurchan-mescal-cask-release-2025-3-cl-tasting-sample-55-kopier","status":"publish","type":"product","link":"https:\/\/www.raschvin.com\/sv\/produkt\/ardnamurchan-mescal-cask-release-2025-3-cl-tasting-sample-55-kopier\/","title":{"rendered":"Ardnamurchan Rum Cask Release 2023 3 cl. (Tasting Sample) 55%"},"content":{"rendered":"<p data-start=\"1533\" data-end=\"1883\">Ardnamurchan Rum Cask Release \u00e4r en limiterad Highland single malt fr\u00e5n Ardnamurchan-destilleriet p\u00e5 Skottlands karga v\u00e4stkust. Whiskyn har f\u00f6rst lagrats p\u00e5 bourbonfat och d\u00e4refter f\u00e5tt en finish p\u00e5 romfat som tidigare inneh\u00e5llit karibisk rom. Det ger en tydlig tropisk karakt\u00e4r ovanp\u00e5 destilleriets l\u00e4tt r\u00f6kiga och kustpr\u00e4glade stil.<\/p>\n<p data-start=\"1885\" data-end=\"2132\">Destilleriet anv\u00e4nder b\u00e5de or\u00f6kt och l\u00e4tt r\u00f6kig sprit, vilket skapar en fin balans mellan fruktighet, roms\u00f6tma, kryddighet och diskret torvr\u00f6k. Resultatet \u00e4r en fyllig men livlig whisky med oljig textur, fr\u00e4sch frukt och ett svagt inslag av hav.<\/p>\n<p data-start=\"2134\" data-end=\"2146\">Smakprofil<\/p>\n<ul data-start=\"2147\" data-end=\"2647\">\n<li data-start=\"2147\" data-end=\"2220\">\n<p data-start=\"2149\" data-end=\"2220\">Utseende: Gyllengul till gyllene b\u00e4rnsten, fyllig och oljig i glaset.<\/p>\n<\/li>\n<li data-start=\"2221\" data-end=\"2367\">\n<p data-start=\"2223\" data-end=\"2367\">Doft: Fruktig och l\u00e4tt r\u00f6kig med inslag av citron, aprikos, torkad banan, vanilj, ljus karamell, sockerr\u00f6r och en aning roms\u00f6tma och kustbris.<\/p>\n<\/li>\n<li data-start=\"2368\" data-end=\"2507\">\n<p data-start=\"2370\" data-end=\"2507\">Smak: Tropisk, rund och kryddig med toner av kandiserad grapefrukt, ananas, karamelliserat socker, vaniljkr\u00e4m och mjuk, jordig torvr\u00f6k.<\/p>\n<\/li>\n<li data-start=\"2508\" data-end=\"2647\">\n<p data-start=\"2510\" data-end=\"2647\">Eftersmak: Medell\u00e5ng till l\u00e5ng, varm och pigg med tropisk frukt, mild r\u00f6k, kryddighet och en behaglig s\u00f6tma som \u00f6verg\u00e5r i ek och kakao.<\/p>\n<\/li>\n<\/ul>\n<p data-start=\"2649\" data-end=\"2969\">Serveringsf\u00f6rslag<br data-start=\"2666\" data-end=\"2669\" \/>Ardnamurchan Rum Cask Release avnjuts b\u00e4st ren i ett tulpanformat glas. N\u00e5gra droppar vatten kan \u00f6ppna upp de tropiska tonerna ytterligare och runda av kryddigheten. Den passar utm\u00e4rkt till m\u00f6rk choklad, kola- och karamellbaserade desserter eller fruktdesserter med till exempel ananas eller mango.<\/p>\n","protected":false},"excerpt":{"rendered":"<p>Highland Single Malt Scotch Whisky<\/p>\n","protected":false},"featured_media":103462,"template":"","meta":{"_acf_changed":false,"rs_blank_template":"","rs_page_bg_color":"","slide_template_v7":""},"product_brand":[],"product_cat":[8625,8822],"product_tag":[],"class_list":{"0":"post-106152","1":"product","2":"type-product","3":"status-publish","4":"has-post-thumbnail","6":"product_cat-samples-sv","7":"product_cat-whisky-smakprove","8":"pa_aargang-2023-sv","9":"pa_land-skottland","10":"pa_procent-55-sv","11":"pa_producent-ardnamurchan-sv","12":"pa_region-highland-sv","13":"pa_volume-3-sv","15":"first","16":"instock","17":"taxable","18":"shipping-taxable","19":"purchasable","20":"product-type-simple"},"bundled_by":[],"bundle_stock_status":"instock","bundle_stock_quantity":null,"bundle_virtual":false,"bundle_layout":"","bundle_add_to_cart_form_location":"","bundle_editable_in_cart":false,"bundle_sold_individually_context":"","bundle_item_grouping":"","bundle_min_size":"","bundle_max_size":"","bundle_price":[],"bundled_items":[],"bundle_sell_ids":[],"acf":[],"_links":{"self":[{"href":"https:\/\/www.raschvin.com\/sv\/wp-json\/wp\/v2\/product\/106152","targetHints":{"allow":["GET"]}}],"collection":[{"href":"https:\/\/www.raschvin.com\/sv\/wp-json\/wp\/v2\/product"}],"about":[{"href":"https:\/\/www.raschvin.com\/sv\/wp-json\/wp\/v2\/types\/product"}],"wp:featuredmedia":[{"embeddable":true,"href":"https:\/\/www.raschvin.com\/sv\/wp-json\/wp\/v2\/media\/103462"}],"wp:attachment":[{"href":"https:\/\/www.raschvin.com\/sv\/wp-json\/wp\/v2\/media?parent=106152"}],"wp:term":[{"taxonomy":"product_brand","embeddable":true,"href":"https:\/\/www.raschvin.com\/sv\/wp-json\/wp\/v2\/product_brand?post=106152"},{"taxonomy":"product_cat","embeddable":true,"href":"https:\/\/www.raschvin.com\/sv\/wp-json\/wp\/v2\/product_cat?post=106152"},{"taxonomy":"product_tag","embeddable":true,"href":"https:\/\/www.raschvin.com\/sv\/wp-json\/wp\/v2\/product_tag?post=106152"}],"curies":[{"name":"wp","href":"https:\/\/api.w.org\/{rel}","templated":true}]}}