{"id":106148,"date":"2025-11-18T08:08:55","date_gmt":"2025-11-18T07:08:55","guid":{"rendered":"https:\/\/www.raschvin.com\/?post_type=product&#038;p=106148"},"modified":"2025-11-18T08:11:49","modified_gmt":"2025-11-18T07:11:49","slug":"kavalan-distillery-select-no-1-70-cl-40-kopier","status":"publish","type":"product","link":"https:\/\/www.raschvin.com\/sv\/produkt\/kavalan-distillery-select-no-1-70-cl-40-kopier\/","title":{"rendered":"Kavalan Distillery Select NO.1 3 cl. (Tasting Sample) 40%"},"content":{"rendered":"<p>Kavalans destilleri SELECT-serie visar den fina konsten att blanda och de uts\u00f6kta f\u00f6tterna i Taiwans ledande destilleri. Uttryck nr 1 i denna serie ger den uts\u00f6kta doften av tropiska frukter som \u00e4r unika f\u00f6r Kavalan, vilket skapar en mjuk och tjock flerskiktsmak. Dess arom \u00e4r l\u00e5ngvarig och dr\u00f6jer med kr\u00e4mig karamelll, funktioner och vaniljtoner. En l\u00e5ng finish med s\u00f6tma.<\/p>\n<p>M\u00f6rk gult<\/p>\n<p>Arom av mogna tropiska frukter, blommiga anteckningar och varm vanilj.<\/p>\n<p>S\u00f6t, mjukt och sl\u00e4t i munnen \u00e4r den balanserade smaken den perfekta blandningen av fathantverk.<\/p>\n<p>L\u00e4mplig f\u00f6r att dricka ensam eller i en cocktail.<\/p>\n<p>Kavalan slog in p\u00e5 whiskyscenen med sin f\u00f6rsta whisky 2008. P\u00e5 nolltid har destilleriet i Taiwan blivit v\u00e4rldsber\u00f6mt. Det tropiska klimatet med de h\u00f6ga temperaturerna i lagren (l\u00e4tt 42 grader!) g\u00f6r att whiskyn mognar snabbt och f\u00e5r smaken, djupet och komplexiteten hos den betydligt \u00e4ldre whiskyn. &#8221;Angelns andel&#8221; &#8211; m\u00e4ngden whisky som avdunstar per \u00e5r &#8211; ligger n\u00e4stan aldrig under 10-12% (mot runt 3% i Skottland) och kan vissa \u00e5r n\u00e5 15%!<\/p>\n<p>Eftersom Taiwan \u00e4r ett land helt utan whiskytradition kan Kavalan se sig fri fr\u00e5n att beh\u00f6va v\u00e4va ett nostalgiskt narrativ om gammalt hantverk och tradition. Tv\u00e4rtom, de \u00e4r uppfriskande stolta \u00f6ver att vara ett toppmodernt, industriellt destilleri. Faktum \u00e4r att det efter en expansion 2016 \u00e4r ett av v\u00e4rldens 10 st\u00f6rsta whiskydestillerier! Och whiskyn \u00e4r superb. I synnerhet \u00e4r Kavalan k\u00e4nt f\u00f6r sina sherrybomber, tung och fyllig whisky med oceaner av smak, kraft och djup.<\/p>\n","protected":false},"excerpt":{"rendered":"<p>Single Malt Whisky &#8211; Taiwan <\/p>\n","protected":false},"featured_media":103462,"template":"","meta":{"_acf_changed":false,"rs_blank_template":"","rs_page_bg_color":"","slide_template_v7":""},"product_brand":[],"product_cat":[8625,8822],"product_tag":[],"class_list":{"0":"post-106148","1":"product","2":"type-product","3":"status-publish","4":"has-post-thumbnail","6":"product_cat-samples-sv","7":"product_cat-whisky-smakprove","8":"pa_land-taiwan-sv","9":"pa_procent-40-sv-2","10":"pa_producent-kavalan-sv","11":"pa_volume-3-sv","13":"first","14":"instock","15":"taxable","16":"shipping-taxable","17":"purchasable","18":"product-type-simple"},"bundled_by":[],"bundle_stock_status":"instock","bundle_stock_quantity":null,"bundle_virtual":false,"bundle_layout":"","bundle_add_to_cart_form_location":"","bundle_editable_in_cart":false,"bundle_sold_individually_context":"","bundle_item_grouping":"","bundle_min_size":"","bundle_max_size":"","bundle_price":[],"bundled_items":[],"bundle_sell_ids":[],"acf":[],"_links":{"self":[{"href":"https:\/\/www.raschvin.com\/sv\/wp-json\/wp\/v2\/product\/106148","targetHints":{"allow":["GET"]}}],"collection":[{"href":"https:\/\/www.raschvin.com\/sv\/wp-json\/wp\/v2\/product"}],"about":[{"href":"https:\/\/www.raschvin.com\/sv\/wp-json\/wp\/v2\/types\/product"}],"wp:featuredmedia":[{"embeddable":true,"href":"https:\/\/www.raschvin.com\/sv\/wp-json\/wp\/v2\/media\/103462"}],"wp:attachment":[{"href":"https:\/\/www.raschvin.com\/sv\/wp-json\/wp\/v2\/media?parent=106148"}],"wp:term":[{"taxonomy":"product_brand","embeddable":true,"href":"https:\/\/www.raschvin.com\/sv\/wp-json\/wp\/v2\/product_brand?post=106148"},{"taxonomy":"product_cat","embeddable":true,"href":"https:\/\/www.raschvin.com\/sv\/wp-json\/wp\/v2\/product_cat?post=106148"},{"taxonomy":"product_tag","embeddable":true,"href":"https:\/\/www.raschvin.com\/sv\/wp-json\/wp\/v2\/product_tag?post=106148"}],"curies":[{"name":"wp","href":"https:\/\/api.w.org\/{rel}","templated":true}]}}