{"id":106139,"date":"2025-11-18T07:47:08","date_gmt":"2025-11-18T06:47:08","guid":{"rendered":"https:\/\/www.raschvin.com\/?post_type=product&#038;p=106139"},"modified":"2025-11-18T07:53:23","modified_gmt":"2025-11-18T06:53:23","slug":"teeling-whiskey-single-grain-15-years-ex-sauvignon-blanc-cask-70-cl-50-kopier","status":"publish","type":"product","link":"https:\/\/www.raschvin.com\/sv\/produkt\/teeling-whiskey-single-grain-15-years-ex-sauvignon-blanc-cask-70-cl-50-kopier\/","title":{"rendered":"Teeling Whiskey &#8211; Single Grain 13 Years Ex-Bordeaux Wine Cask 3 cl. (Tasting Sample) 50%"},"content":{"rendered":"<p data-start=\"2396\" data-end=\"2922\">Teeling Single Grain 13 Years \u00e4r en limiterad och innovativ irl\u00e4ndsk single grain-whiskey som visar Teelings ambition att flytta gr\u00e4nserna f\u00f6r irl\u00e4ndsk whiskey. Whiskyn \u00e4r gjord p\u00e5 en mash bill med cirka 95 % majs och 5 % m\u00e4ltat korn, tredubbeldestillerad och f\u00f6rst lagrad i omkring 9 \u00e5r p\u00e5 ex-bourbonfat, innan den f\u00e5r drygt 4 \u00e5rs extra mognad p\u00e5 ex-Bordeaux r\u00f6dvinsfat. Den buteljeras vid 50 % alkohol, utan kylfiltrering och med naturlig f\u00e4rg, s\u00e5 du f\u00e5r ett \u00e4rligt och intensivt uttryck av fat och spannm\u00e5l.<\/p>\n<p data-start=\"2924\" data-end=\"3204\">Resultatet \u00e4r en kraftfull men elegant single grain d\u00e4r den s\u00f6ta majsbasen m\u00f6ter vin\u00f6sa toner, r\u00f6da b\u00e4r och fina tanniner fr\u00e5n r\u00f6dvinsfaten. Det \u00e4r en whiskey som placerar sig precis d\u00e4r \u201cold meets new\u201d \u2013 klassisk irl\u00e4ndsk mjukhet kombinerad med modern fatfinish och h\u00f6g styrka.<\/p>\n<p data-start=\"3206\" data-end=\"3222\"><strong data-start=\"3206\" data-end=\"3220\">Smakprofil<\/strong><\/p>\n<ul data-start=\"3223\" data-end=\"3930\">\n<li data-start=\"3223\" data-end=\"3366\">\n<p data-start=\"3225\" data-end=\"3366\"><strong data-start=\"3225\" data-end=\"3238\">Utseende:<\/strong> Gyllene till l\u00e4tt kopparf\u00e4rgad med svagt r\u00f6daktig ton och tydliga \u201cgardiner\u201d i glaset som avsl\u00f6jar b\u00e5de fatpr\u00e4gel och styrka.<\/p>\n<\/li>\n<li data-start=\"3367\" data-end=\"3516\">\n<p data-start=\"3369\" data-end=\"3516\"><strong data-start=\"3369\" data-end=\"3378\">Doft:<\/strong> Rosenvatten, mogna k\u00f6rsb\u00e4r, solmogna r\u00f6da b\u00e4r och kryddig kanel. \u00c4ven toner av torkade k\u00f6rsb\u00e4r, blommor, lite sm\u00f6rkr\u00e4m och mild vanilj.<\/p>\n<\/li>\n<li data-start=\"3517\" data-end=\"3777\">\n<p data-start=\"3519\" data-end=\"3777\"><strong data-start=\"3519\" data-end=\"3528\">Smak:<\/strong> Fruktig och kr\u00e4mig med massor av sommarfrukt \u2013 jordgubbar, hallon och b\u00e4rkompott \u2013 tillsammans med b\u00e4rmarmelad, vaniljkr\u00e4m, karamell och mjuka toner av \u00e4pplen och p\u00e4ron. Honung, l\u00e4tt nougat och kryddor som kanel och en antydan av peppar ger djup.<\/p>\n<\/li>\n<li data-start=\"3778\" data-end=\"3930\">\n<p data-start=\"3780\" data-end=\"3930\"><strong data-start=\"3780\" data-end=\"3794\">Eftersmak:<\/strong> Medell\u00e5ng till l\u00e5ng, med varma tr\u00e4toner, torra eleganta tanniner fr\u00e5n r\u00f6dvinet, krydda, rostad ek samt l\u00e5ngvarig vanilj och r\u00f6da b\u00e4r.<\/p>\n<\/li>\n<\/ul>\n<p data-start=\"3932\" data-end=\"3955\"><strong data-start=\"3932\" data-end=\"3953\">Tekniska detaljer<\/strong><\/p>\n<ul data-start=\"3956\" data-end=\"4289\">\n<li data-start=\"3956\" data-end=\"3994\">\n<p data-start=\"3958\" data-end=\"3994\">Typ: Irl\u00e4ndsk single grain-whiskey<\/p>\n<\/li>\n<li data-start=\"3995\" data-end=\"4011\">\n<p data-start=\"3997\" data-end=\"4011\">\u00c5lder: 13 \u00e5r<\/p>\n<\/li>\n<li data-start=\"4012\" data-end=\"4059\">\n<p data-start=\"4014\" data-end=\"4059\">Destilleri: Teeling Whiskey Company, Dublin<\/p>\n<\/li>\n<li data-start=\"4060\" data-end=\"4102\">\n<p data-start=\"4062\" data-end=\"4102\">R\u00e5varor: Ca 95 % majs, 5 % m\u00e4ltat korn<\/p>\n<\/li>\n<li data-start=\"4103\" data-end=\"4141\">\n<p data-start=\"4105\" data-end=\"4141\">Destillation: Tredubbeldestillerad<\/p>\n<\/li>\n<li data-start=\"4142\" data-end=\"4214\">\n<p data-start=\"4144\" data-end=\"4214\">Fatlagring: Ex-bourbonfat f\u00f6ljt av ca 4 \u00e5r p\u00e5 ex-Bordeaux r\u00f6dvinsfat<\/p>\n<\/li>\n<li data-start=\"4215\" data-end=\"4237\">\n<p data-start=\"4217\" data-end=\"4237\">Alkohol: 50 % vol.<\/p>\n<\/li>\n<li data-start=\"4238\" data-end=\"4289\">\n<p data-start=\"4240\" data-end=\"4289\">Filtrering\/f\u00e4rg: Ej kylfiltrerad, naturlig f\u00e4rg<\/p>\n<\/li>\n<\/ul>\n<p data-start=\"4291\" data-end=\"4385\"><strong data-start=\"4291\" data-end=\"4312\">Serveringsf\u00f6rslag<\/strong><br data-start=\"4312\" data-end=\"4315\" \/>Teeling Single Grain 13 Years g\u00f6r sig b\u00e4st som ren njutningswhiskey:<\/p>\n<ul data-start=\"4386\" data-end=\"4788\">\n<li data-start=\"4386\" data-end=\"4483\">\n<p data-start=\"4388\" data-end=\"4483\">Servera den ren i ett tulpanformat glas f\u00f6r att lyfta fram r\u00f6da b\u00e4r, vanilj och vin\u00f6sa toner.<\/p>\n<\/li>\n<li data-start=\"4484\" data-end=\"4610\">\n<p data-start=\"4486\" data-end=\"4610\">Tills\u00e4tt eventuellt n\u00e5gra droppar vatten f\u00f6r att \u00f6ppna upp de blommiga och fruktiga nyanserna och g\u00f6ra tanninerna mjukare.<\/p>\n<\/li>\n<li data-start=\"4611\" data-end=\"4788\">\n<p data-start=\"4613\" data-end=\"4788\">Utm\u00e4rkt till m\u00f6rk choklad, desserter med b\u00e4r eller citrus, eller som ett sp\u00e4nnande alternativ till r\u00f6dvin efter maten f\u00f6r den som vill ha mer kraft och komplexitet i glaset.<\/p>\n<\/li>\n<\/ul>\n","protected":false},"excerpt":{"rendered":"<p>Non Chill Filtered Irish Whiskey<\/p>\n","protected":false},"featured_media":103462,"template":"","meta":{"_acf_changed":false,"rs_blank_template":"","rs_page_bg_color":"","slide_template_v7":""},"product_brand":[],"product_cat":[8625,8822],"product_tag":[],"class_list":{"0":"post-106139","1":"product","2":"type-product","3":"status-publish","4":"has-post-thumbnail","6":"product_cat-samples-sv","7":"product_cat-whisky-smakprove","8":"pa_land-irland-sv","9":"pa_procent-50-sv","10":"pa_producent-teeling-sv","11":"pa_region-dublin-sv","12":"pa_traefad-bordeaux-red-wine-sv","13":"pa_volume-3-sv","15":"first","16":"instock","17":"taxable","18":"shipping-taxable","19":"purchasable","20":"product-type-simple"},"bundled_by":[],"bundle_stock_status":"instock","bundle_stock_quantity":null,"bundle_virtual":false,"bundle_layout":"","bundle_add_to_cart_form_location":"","bundle_editable_in_cart":false,"bundle_sold_individually_context":"","bundle_item_grouping":"","bundle_min_size":"","bundle_max_size":"","bundle_price":[],"bundled_items":[],"bundle_sell_ids":[],"acf":[],"_links":{"self":[{"href":"https:\/\/www.raschvin.com\/sv\/wp-json\/wp\/v2\/product\/106139","targetHints":{"allow":["GET"]}}],"collection":[{"href":"https:\/\/www.raschvin.com\/sv\/wp-json\/wp\/v2\/product"}],"about":[{"href":"https:\/\/www.raschvin.com\/sv\/wp-json\/wp\/v2\/types\/product"}],"wp:featuredmedia":[{"embeddable":true,"href":"https:\/\/www.raschvin.com\/sv\/wp-json\/wp\/v2\/media\/103462"}],"wp:attachment":[{"href":"https:\/\/www.raschvin.com\/sv\/wp-json\/wp\/v2\/media?parent=106139"}],"wp:term":[{"taxonomy":"product_brand","embeddable":true,"href":"https:\/\/www.raschvin.com\/sv\/wp-json\/wp\/v2\/product_brand?post=106139"},{"taxonomy":"product_cat","embeddable":true,"href":"https:\/\/www.raschvin.com\/sv\/wp-json\/wp\/v2\/product_cat?post=106139"},{"taxonomy":"product_tag","embeddable":true,"href":"https:\/\/www.raschvin.com\/sv\/wp-json\/wp\/v2\/product_tag?post=106139"}],"curies":[{"name":"wp","href":"https:\/\/api.w.org\/{rel}","templated":true}]}}