{"id":106128,"date":"2025-11-18T07:19:52","date_gmt":"2025-11-18T06:19:52","guid":{"rendered":"https:\/\/www.raschvin.com\/?post_type=product&#038;p=106128"},"modified":"2025-11-18T07:22:33","modified_gmt":"2025-11-18T06:22:33","slug":"pure-pink-grape-70-cl-164-kopier","status":"publish","type":"product","link":"https:\/\/www.raschvin.com\/sv\/produkt\/pure-pink-grape-70-cl-164-kopier\/","title":{"rendered":"Pure Pink Grape 3 cl. (Tasting Sample) 16,4%"},"content":{"rendered":"<p>Pure Pink Grape \u00e4r baserad p\u00e5 premiumvodka och har en perfekt avv\u00e4gd balans mellan syra och s\u00f6tma. Den kan avnjutas som en shot eller anv\u00e4ndas i l\u00e4ckra drinkar och cocktails \u2013 perfekt f\u00f6r b\u00e5de hemmabaren och den professionella bartenden.<\/p>\n<p>100\u202f% vegansk och producerad i Danmark.<\/p>\n<p>Pure-serien k\u00e4nnetecknas av gott hantverk, \u00e4rliga r\u00e5varor och h\u00f6g kvalitet \u2013 och vi ser fram emot att l\u00e4gga till denna smakupplevelse i sortimentet.<\/p>\n","protected":false},"excerpt":{"rendered":"<p>Spiritus Made In Aarhus (DK) \u2013 Mixxed By Hand<\/p>\n","protected":false},"featured_media":106006,"template":"","meta":{"_acf_changed":false,"rs_blank_template":"","rs_page_bg_color":"","slide_template_v7":""},"product_brand":[],"product_cat":[8818,2407,8625,2402],"product_tag":[],"class_list":{"0":"post-106128","1":"product","2":"type-product","3":"status-publish","4":"has-post-thumbnail","6":"product_cat-likor-smakprove","7":"product_cat-shots-sv","8":"product_cat-samples-sv","9":"product_cat-sprit-sv","10":"pa_land-danmark-sv","11":"pa_procent-16-4-sv","12":"pa_producent-pure-shots-sv","13":"pa_region-aarhus-sv","14":"pa_volume-3-sv","16":"first","17":"instock","18":"taxable","19":"shipping-taxable","20":"purchasable","21":"product-type-simple"},"bundled_by":[],"bundle_stock_status":"instock","bundle_stock_quantity":null,"bundle_virtual":false,"bundle_layout":"","bundle_add_to_cart_form_location":"","bundle_editable_in_cart":false,"bundle_sold_individually_context":"","bundle_item_grouping":"","bundle_min_size":"","bundle_max_size":"","bundle_price":[],"bundled_items":[],"bundle_sell_ids":[],"acf":[],"_links":{"self":[{"href":"https:\/\/www.raschvin.com\/sv\/wp-json\/wp\/v2\/product\/106128","targetHints":{"allow":["GET"]}}],"collection":[{"href":"https:\/\/www.raschvin.com\/sv\/wp-json\/wp\/v2\/product"}],"about":[{"href":"https:\/\/www.raschvin.com\/sv\/wp-json\/wp\/v2\/types\/product"}],"wp:featuredmedia":[{"embeddable":true,"href":"https:\/\/www.raschvin.com\/sv\/wp-json\/wp\/v2\/media\/106006"}],"wp:attachment":[{"href":"https:\/\/www.raschvin.com\/sv\/wp-json\/wp\/v2\/media?parent=106128"}],"wp:term":[{"taxonomy":"product_brand","embeddable":true,"href":"https:\/\/www.raschvin.com\/sv\/wp-json\/wp\/v2\/product_brand?post=106128"},{"taxonomy":"product_cat","embeddable":true,"href":"https:\/\/www.raschvin.com\/sv\/wp-json\/wp\/v2\/product_cat?post=106128"},{"taxonomy":"product_tag","embeddable":true,"href":"https:\/\/www.raschvin.com\/sv\/wp-json\/wp\/v2\/product_tag?post=106128"}],"curies":[{"name":"wp","href":"https:\/\/api.w.org\/{rel}","templated":true}]}}