{"id":106112,"date":"2025-11-18T07:15:28","date_gmt":"2025-11-18T06:15:28","guid":{"rendered":"https:\/\/www.raschvin.com\/?post_type=product&#038;p=106112"},"modified":"2025-11-18T07:19:27","modified_gmt":"2025-11-18T06:19:27","slug":"marcati-mandarino-70-cl-28-kopier-2","status":"publish","type":"product","link":"https:\/\/www.raschvin.com\/sv\/produkt\/marcati-mandarino-70-cl-28-kopier-2\/","title":{"rendered":"Marcati Mandarino 3 cl. (Tasting Sample) 28%"},"content":{"rendered":"<p>Marcati Mandarino \u00e4r en livlig och doftrik italiensk lik\u00f6r gjord p\u00e5 essenser fr\u00e5n solmogna mandariner. Lik\u00f6ren produceras av familjen Marcati, som \u00e4nda sedan 1919 skapat h\u00f6gkvalitativa lik\u00f6rer med hantverk och tradition i fokus.<\/p>\n<p>Denna lik\u00f6r har en lysande orange f\u00e4rg och en intensiv doft av mandarin, citrusblommor och l\u00e4tt s\u00f6tma. Smaken \u00e4r mjuk, fruktig och v\u00e4lbalanserad med frisk syra. Eftersmaken \u00e4r ren, l\u00e4tt v\u00e4rmande och elegant.<\/p>\n<p>Avnjuts b\u00e4st v\u00e4l kyld som en digestif, med is, eller i cocktails som beh\u00f6ver en frisk citrusk\u00e4nsla. Passar ocks\u00e5 utm\u00e4rkt tillsammans med mousserande vin eller \u00f6ver efterr\u00e4tter som sorbet och panna cotta.<\/p>\n","protected":false},"excerpt":{"rendered":"<p>Italian Mandrin Liqueur<\/p>\n","protected":false},"featured_media":106006,"template":"","meta":{"_acf_changed":false,"rs_blank_template":"","rs_page_bg_color":"","slide_template_v7":""},"product_brand":[],"product_cat":[8818,8625],"product_tag":[],"class_list":{"0":"post-106112","1":"product","2":"type-product","3":"status-publish","4":"has-post-thumbnail","6":"product_cat-likor-smakprove","7":"product_cat-samples-sv","8":"pa_land-italien-sv","9":"pa_procent-28-sv","10":"pa_region-valpolicella-sv","11":"pa_serveringstemperatur-8-10-sv","12":"pa_volume-3-sv","14":"first","15":"instock","16":"taxable","17":"shipping-taxable","18":"purchasable","19":"product-type-simple"},"bundled_by":[],"bundle_stock_status":"instock","bundle_stock_quantity":null,"bundle_virtual":false,"bundle_layout":"","bundle_add_to_cart_form_location":"","bundle_editable_in_cart":false,"bundle_sold_individually_context":"","bundle_item_grouping":"","bundle_min_size":"","bundle_max_size":"","bundle_price":[],"bundled_items":[],"bundle_sell_ids":[],"acf":[],"_links":{"self":[{"href":"https:\/\/www.raschvin.com\/sv\/wp-json\/wp\/v2\/product\/106112","targetHints":{"allow":["GET"]}}],"collection":[{"href":"https:\/\/www.raschvin.com\/sv\/wp-json\/wp\/v2\/product"}],"about":[{"href":"https:\/\/www.raschvin.com\/sv\/wp-json\/wp\/v2\/types\/product"}],"wp:featuredmedia":[{"embeddable":true,"href":"https:\/\/www.raschvin.com\/sv\/wp-json\/wp\/v2\/media\/106006"}],"wp:attachment":[{"href":"https:\/\/www.raschvin.com\/sv\/wp-json\/wp\/v2\/media?parent=106112"}],"wp:term":[{"taxonomy":"product_brand","embeddable":true,"href":"https:\/\/www.raschvin.com\/sv\/wp-json\/wp\/v2\/product_brand?post=106112"},{"taxonomy":"product_cat","embeddable":true,"href":"https:\/\/www.raschvin.com\/sv\/wp-json\/wp\/v2\/product_cat?post=106112"},{"taxonomy":"product_tag","embeddable":true,"href":"https:\/\/www.raschvin.com\/sv\/wp-json\/wp\/v2\/product_tag?post=106112"}],"curies":[{"name":"wp","href":"https:\/\/api.w.org\/{rel}","templated":true}]}}