{"id":106103,"date":"2025-11-18T07:05:31","date_gmt":"2025-11-18T06:05:31","guid":{"rendered":"https:\/\/www.raschvin.com\/?post_type=product&#038;p=106103"},"modified":"2025-11-18T07:08:16","modified_gmt":"2025-11-18T06:08:16","slug":"marcati-limoncello-70-cl-28-kopier-2","status":"publish","type":"product","link":"https:\/\/www.raschvin.com\/sv\/produkt\/marcati-limoncello-70-cl-28-kopier-2\/","title":{"rendered":"Marcati Limoncello 3 cl. (Tasting Sample) 28%"},"content":{"rendered":"<p>Liquor Limoncello Marcati \u00e4r en italiensk lik\u00f6r, en blandning av infusioner erh\u00e5llna fr\u00e5n citronskal med naturliga juicer och aromer av citron. Denna lik\u00f6r har en gul f\u00e4rg med gr\u00f6naktiga toner och en arom av f\u00e4rsk citron. Dess smak \u00e4r delikat, med konsistensen av citron.<\/p>\n<p>Liquor Limoncello Marcati \u00e4r en italiensk lik\u00f6r, en blandning av infusioner erh\u00e5llna fr\u00e5n citronskal med naturliga juicer och aromer av citron. Denna lik\u00f6r har en gul f\u00e4rg med gr\u00f6naktiga toner och en arom av f\u00e4rsk citron. Dess smak \u00e4r delikat, med konsistensen av citron.<\/p>\n","protected":false},"excerpt":{"rendered":"<p>Italian Lemon Liqueur<\/p>\n","protected":false},"featured_media":106009,"template":"","meta":{"_acf_changed":false,"rs_blank_template":"","rs_page_bg_color":"","slide_template_v7":""},"product_brand":[],"product_cat":[8818,8625],"product_tag":[],"class_list":{"0":"post-106103","1":"product","2":"type-product","3":"status-publish","4":"has-post-thumbnail","6":"product_cat-likor-smakprove","7":"product_cat-samples-sv","8":"pa_land-italien-sv","9":"pa_procent-28-sv","10":"pa_region-valpolicella-sv","11":"pa_serveringstemperatur-7-sv","12":"pa_volume-3-sv","14":"first","15":"instock","16":"taxable","17":"shipping-taxable","18":"purchasable","19":"product-type-simple"},"bundled_by":[],"bundle_stock_status":"instock","bundle_stock_quantity":null,"bundle_virtual":false,"bundle_layout":"","bundle_add_to_cart_form_location":"","bundle_editable_in_cart":false,"bundle_sold_individually_context":"","bundle_item_grouping":"","bundle_min_size":"","bundle_max_size":"","bundle_price":[],"bundled_items":[],"bundle_sell_ids":[],"acf":[],"_links":{"self":[{"href":"https:\/\/www.raschvin.com\/sv\/wp-json\/wp\/v2\/product\/106103","targetHints":{"allow":["GET"]}}],"collection":[{"href":"https:\/\/www.raschvin.com\/sv\/wp-json\/wp\/v2\/product"}],"about":[{"href":"https:\/\/www.raschvin.com\/sv\/wp-json\/wp\/v2\/types\/product"}],"wp:featuredmedia":[{"embeddable":true,"href":"https:\/\/www.raschvin.com\/sv\/wp-json\/wp\/v2\/media\/106009"}],"wp:attachment":[{"href":"https:\/\/www.raschvin.com\/sv\/wp-json\/wp\/v2\/media?parent=106103"}],"wp:term":[{"taxonomy":"product_brand","embeddable":true,"href":"https:\/\/www.raschvin.com\/sv\/wp-json\/wp\/v2\/product_brand?post=106103"},{"taxonomy":"product_cat","embeddable":true,"href":"https:\/\/www.raschvin.com\/sv\/wp-json\/wp\/v2\/product_cat?post=106103"},{"taxonomy":"product_tag","embeddable":true,"href":"https:\/\/www.raschvin.com\/sv\/wp-json\/wp\/v2\/product_tag?post=106103"}],"curies":[{"name":"wp","href":"https:\/\/api.w.org\/{rel}","templated":true}]}}