{"id":105995,"date":"2025-11-17T10:19:26","date_gmt":"2025-11-17T09:19:26","guid":{"rendered":"https:\/\/www.raschvin.com\/?post_type=product&#038;p=105995"},"modified":"2025-11-17T10:22:01","modified_gmt":"2025-11-17T09:22:01","slug":"bepi-tosolini-saliza-premium-amaretto-70-cl-28-kopier","status":"publish","type":"product","link":"https:\/\/www.raschvin.com\/sv\/produkt\/bepi-tosolini-saliza-premium-amaretto-70-cl-28-kopier\/","title":{"rendered":"Bepi Tosolini &#8211; SALIZ\u00c0 &#8211; Premium Amaretto 3 cl. (Tasting Sample) 28%"},"content":{"rendered":"<p>&#8221;I en charmig utkant av Venedig som heter Sestiere Castello, inte l\u00e5ngt fr\u00e5n torget San Marco, \u00e4r det m\u00f6jligt att st\u00f6ta p\u00e5 den s\u00e5 kallade SALIZ\u00c0 eller SALIZADA DEL PIGNATTER, under vars valv det d\u00f6ljs en r\u00f6d sten med hj\u00e4rtform: par m\u00f6ts det kommer att \u00e4lska varandra f\u00f6r alltid.\u201d Detta \u00e4r den venetianska legenden bakom Amaretto Saliz\u00e0, ett riktigt mandestillat och ett unikt recept utan f\u00e4rg\u00e4mnen och artificiella aromer skapat av m\u00e4sterdestillat\u00f6ren Bepi Tosolini.<br \/>\nEn h\u00e4rlig l\u00e4tthet och intensiv men elegant marsipansmak<br \/>\nmed en karamelliserad n\u00f6tnot i slutet.<\/p>\n<p>0% artificiella smak\u00e4mnen, 0% f\u00e4rg\u00e4mnen, 100% naturliga<\/p>\n<p>Destillat och infusion av de finaste italienska mandlarna<br \/>\nAlkoholhalt:<br \/>\n28% vol.<br \/>\nHantverksm\u00e4ssig destillation:<br \/>\nmanuell destillation i antika botaniska stillbilder<br \/>\nF\u00e4rg:<br \/>\nm\u00f6rk orange<br \/>\nSmakanteckningar:<br \/>\nett raffinerat mandestillat, harmoniskt, naturligt och otroligt balanserat. Varma och omslutande toner av honung och kanderad aprikos. En vacker dos av nymald mandel, kola<br \/>\noch apelsinskal. L\u00e4tt, l\u00e4cker och rundad i gommen med en frisk mandels\u00f6tma som leder till en l\u00e5ng, kanderad finish. Silkesmjuk och sammetslen.<br \/>\nServeringsf\u00f6rslag:<br \/>\nPerfekt snyggt eller p\u00e5 klipporna, kyld, skakad eller blandad till cocktails.<\/p>\n","protected":false},"excerpt":{"rendered":"<p>Handcrafted Premium Italian Amaretto Liqueur &#8211; Udine<\/p>\n","protected":false},"featured_media":103462,"template":"","meta":{"_acf_changed":false,"rs_blank_template":"","rs_page_bg_color":"","slide_template_v7":""},"product_brand":[],"product_cat":[8818,8625],"product_tag":[],"class_list":{"0":"post-105995","1":"product","2":"type-product","3":"status-publish","4":"has-post-thumbnail","6":"product_cat-likor-smakprove","7":"product_cat-samples-sv","8":"pa_land-italien-sv","9":"pa_procent-28-sv","10":"pa_producent-bepi-tosolini-sv","11":"pa_region-friuli-sv","12":"pa_volume-3-sv","14":"first","15":"instock","16":"taxable","17":"shipping-taxable","18":"purchasable","19":"product-type-simple"},"bundled_by":[],"bundle_stock_status":"instock","bundle_stock_quantity":null,"bundle_virtual":false,"bundle_layout":"","bundle_add_to_cart_form_location":"","bundle_editable_in_cart":false,"bundle_sold_individually_context":"","bundle_item_grouping":"","bundle_min_size":"","bundle_max_size":"","bundle_price":[],"bundled_items":[],"bundle_sell_ids":[],"acf":[],"_links":{"self":[{"href":"https:\/\/www.raschvin.com\/sv\/wp-json\/wp\/v2\/product\/105995","targetHints":{"allow":["GET"]}}],"collection":[{"href":"https:\/\/www.raschvin.com\/sv\/wp-json\/wp\/v2\/product"}],"about":[{"href":"https:\/\/www.raschvin.com\/sv\/wp-json\/wp\/v2\/types\/product"}],"wp:featuredmedia":[{"embeddable":true,"href":"https:\/\/www.raschvin.com\/sv\/wp-json\/wp\/v2\/media\/103462"}],"wp:attachment":[{"href":"https:\/\/www.raschvin.com\/sv\/wp-json\/wp\/v2\/media?parent=105995"}],"wp:term":[{"taxonomy":"product_brand","embeddable":true,"href":"https:\/\/www.raschvin.com\/sv\/wp-json\/wp\/v2\/product_brand?post=105995"},{"taxonomy":"product_cat","embeddable":true,"href":"https:\/\/www.raschvin.com\/sv\/wp-json\/wp\/v2\/product_cat?post=105995"},{"taxonomy":"product_tag","embeddable":true,"href":"https:\/\/www.raschvin.com\/sv\/wp-json\/wp\/v2\/product_tag?post=105995"}],"curies":[{"name":"wp","href":"https:\/\/api.w.org\/{rel}","templated":true}]}}