{"id":105992,"date":"2025-11-17T10:15:04","date_gmt":"2025-11-17T09:15:04","guid":{"rendered":"https:\/\/www.raschvin.com\/?post_type=product&#038;p=105992"},"modified":"2025-11-17T10:18:47","modified_gmt":"2025-11-17T09:18:47","slug":"bepi-tosolini-grappa-agricola-friulana-50-cl-50-kopier","status":"publish","type":"product","link":"https:\/\/www.raschvin.com\/sv\/produkt\/bepi-tosolini-grappa-agricola-friulana-50-cl-50-kopier\/","title":{"rendered":"Bepi Tosolini &#8211; Grappa Agricola Friulana 3 cl. (Tasting Sample) 50%"},"content":{"rendered":"<p>Distilled inom 48 timmar efter vinnande pressning, h\u00e5ller den intensiva smaker av r\u00f6da barer intakta. Denna grappa kan betraktas som torr, och aromerna \u00e4r extremt ih\u00e5llande p\u00e5 grund av dess n\u00e4stan fulla bevisalkoholstyrkan, mycket stark och intensiv f\u00f6r sanna grappa\u00e4lskare.<\/p>\n<p>Druva mest fr\u00e5n Frefosco, Cabernet, Merlot (Friuli)<br \/>\nAlkohol: 50% vol.<br \/>\nHantverksdisplay: Utf\u00f6rs med traditionell, manuellt man\u00f6vrerad, Bain &#8211; Marie Pot bilder<br \/>\n\u00c5ldrande: 6 m\u00e5nader i rostfritt stj\u00e4lktank<br \/>\nF\u00e4rg: vit, transparent<br \/>\nKropp: stark och intensiv<br \/>\nAntal flaskor som produceras: 1890<br \/>\nSmaka inte e s: doft av russin och mogna vilda b\u00e4r, rena och gripa i slutet. P\u00e5minner om smaken av den traditionella Friulian grappa<\/p>\n<p>Serveringsf\u00f6rslag:<br \/>\nServer vid rumstemperatur i det klassiska tulpanglaset<\/p>\n","protected":false},"excerpt":{"rendered":"<p>Handcrafted Italian Grappa &#8211; Udine<\/p>\n","protected":false},"featured_media":103468,"template":"","meta":{"_acf_changed":false,"rs_blank_template":"","rs_page_bg_color":"","slide_template_v7":""},"product_brand":[],"product_cat":[8833,8625],"product_tag":[],"class_list":{"0":"post-105992","1":"product","2":"type-product","3":"status-publish","4":"has-post-thumbnail","6":"product_cat-grappa-smakprove","7":"product_cat-samples-sv","8":"pa_land-italien-sv","9":"pa_producent-bepi-tosolini-sv","10":"pa_region-friuli-sv","11":"pa_volume-3-sv","13":"first","14":"instock","15":"taxable","16":"shipping-taxable","17":"purchasable","18":"product-type-simple"},"bundled_by":[],"bundle_stock_status":"instock","bundle_stock_quantity":null,"bundle_virtual":false,"bundle_layout":"","bundle_add_to_cart_form_location":"","bundle_editable_in_cart":false,"bundle_sold_individually_context":"","bundle_item_grouping":"","bundle_min_size":"","bundle_max_size":"","bundle_price":[],"bundled_items":[],"bundle_sell_ids":[],"acf":[],"_links":{"self":[{"href":"https:\/\/www.raschvin.com\/sv\/wp-json\/wp\/v2\/product\/105992","targetHints":{"allow":["GET"]}}],"collection":[{"href":"https:\/\/www.raschvin.com\/sv\/wp-json\/wp\/v2\/product"}],"about":[{"href":"https:\/\/www.raschvin.com\/sv\/wp-json\/wp\/v2\/types\/product"}],"wp:featuredmedia":[{"embeddable":true,"href":"https:\/\/www.raschvin.com\/sv\/wp-json\/wp\/v2\/media\/103468"}],"wp:attachment":[{"href":"https:\/\/www.raschvin.com\/sv\/wp-json\/wp\/v2\/media?parent=105992"}],"wp:term":[{"taxonomy":"product_brand","embeddable":true,"href":"https:\/\/www.raschvin.com\/sv\/wp-json\/wp\/v2\/product_brand?post=105992"},{"taxonomy":"product_cat","embeddable":true,"href":"https:\/\/www.raschvin.com\/sv\/wp-json\/wp\/v2\/product_cat?post=105992"},{"taxonomy":"product_tag","embeddable":true,"href":"https:\/\/www.raschvin.com\/sv\/wp-json\/wp\/v2\/product_tag?post=105992"}],"curies":[{"name":"wp","href":"https:\/\/api.w.org\/{rel}","templated":true}]}}