{"id":105989,"date":"2025-11-17T10:10:58","date_gmt":"2025-11-17T09:10:58","guid":{"rendered":"https:\/\/www.raschvin.com\/?post_type=product&#038;p=105989"},"modified":"2025-11-17T10:13:36","modified_gmt":"2025-11-17T09:13:36","slug":"tequila-el-tequileno-platinum-blanco-70-cl-40-kopier","status":"publish","type":"product","link":"https:\/\/www.raschvin.com\/sv\/produkt\/tequila-el-tequileno-platinum-blanco-70-cl-40-kopier\/","title":{"rendered":"Tequila El Tequile\u00f1o &#8211; Platinum Blanco 3 cl. (Tasting Sample) 40%"},"content":{"rendered":"<p>Denna delikata blanco tequila fr\u00e5n destilleriet El Tequile\u00f1o \u00e4r gjord av 100 % agave, och \u00e4r ett fantastiskt exempel p\u00e5 vad premium tequila kan g\u00f6ra.<\/p>\n<p>Doft<\/p>\n<p>Bakad agave, \u00f6rttoner, delikata toner av anis och svartpeppar.<\/p>\n<p>Smak<\/p>\n<p>L\u00e4tt kryddig och saftig.<\/p>\n<p>Eftersmak<\/p>\n<p>Delikat.<\/p>\n<p>Om produkten<br \/>\nEl Tequile\u00f1o Platinum Blanco \u00e4r gjord p\u00e5 100 % agave fr\u00e5n Tequile\u00f1o-destilleriets egna f\u00e4lt i Jaliscos h\u00f6gland. Den lagras p\u00e5 amerikanska ekfat i minst 14 dagar innan buteljering. Den kan avnjutas p\u00e5 egen hand eller i en cocktail \u2013 den \u00e4r fenomenal i en margarita!<\/p>\n<p>El Tequile\u00f1o Platinum Blanco \u00e4r en s\u00e5 kallad blanco tequila, och \u00e4r allts\u00e5 antingen olagrad eller endast lagrad under en mycket kort period. Blanco tequila \u00e4r vanligtvis mycket ren i smaken och k\u00e4nnetecknas av den naturliga smaken av agave.<\/p>\n<p>El Tequile\u00f1o Platinum Blanco sl\u00e4pps till ett ABV p\u00e5 40 %.<\/p>\n<p>Om El Tequileno<br \/>\nTequile\u00f1o \u00e4r ett av de mest respekterade och popul\u00e4ra premium tequilam\u00e4rkena i v\u00e4rlden. Och inte utan anledning \u2013 destilleriet grundades 1959 av Don Jorge Salles Cuervo i staden Tequila, Mexiko. Destilleriet har f\u00e5tt sitt namn fr\u00e5n staden \u2013 ett namn som inte \u00e4r helt tillf\u00e4lligt. Eftersom staden Tequila \u00e4r platsen d\u00e4r den agavebaserade spriten f\u00f6rst destillerades, och det \u00e4r ocks\u00e5 d\u00e4r drycken har f\u00e5tt sitt namn.<\/p>\n<p>Ut\u00f6ver detta historiska arv \u00e4r Tequile\u00f1o ocks\u00e5 speciell genom att det \u00e4r ett av ytterst f\u00e5 tequiladestillerier som sl\u00e4pper sin tequila under eget namn. Normalt inom tequilaindustrin s\u00e4ljer destillerierna sin tequila till oberoende buteljerare, som sedan s\u00e4ljer den under sitt eget namn. Tequile\u00f1o sk\u00f6ter hela processen sj\u00e4lv \u2013 fr\u00e5n att plantera och sk\u00f6rda den bl\u00e5 agaven, till att blanda och buteljera den slutliga tequiladrycken.<\/p>\n<p>Tequile\u00f1o ger idag ut ett antal olika tequilas: Under 1959 \u00e5rs premiumlinje hittar du klassiker som blanco, reposado, cristalino och a\u00f1ejo; och f\u00f6r den som vill ha ett mer ekonomiskt och dryckesfokuserat alternativ hittar du en blanco och reposado.<\/p>\n","protected":false},"excerpt":{"rendered":"<p>Premium 100% Agave TEquila<\/p>\n","protected":false},"featured_media":103468,"template":"","meta":{"_acf_changed":false,"rs_blank_template":"","rs_page_bg_color":"","slide_template_v7":""},"product_brand":[],"product_cat":[8625,8839],"product_tag":[],"class_list":{"0":"post-105989","1":"product","2":"type-product","3":"status-publish","4":"has-post-thumbnail","6":"product_cat-samples-sv","7":"product_cat-tequila-mescal-smakprove","8":"pa_champagne-type-blanco-sv","9":"pa_land-mexiko","10":"pa_procent-40-sv-2","11":"pa_region-tequila-sv","12":"pa_volume-3-sv","14":"first","15":"instock","16":"taxable","17":"shipping-taxable","18":"purchasable","19":"product-type-simple"},"bundled_by":[],"bundle_stock_status":"instock","bundle_stock_quantity":null,"bundle_virtual":false,"bundle_layout":"","bundle_add_to_cart_form_location":"","bundle_editable_in_cart":false,"bundle_sold_individually_context":"","bundle_item_grouping":"","bundle_min_size":"","bundle_max_size":"","bundle_price":[],"bundled_items":[],"bundle_sell_ids":[],"acf":[],"_links":{"self":[{"href":"https:\/\/www.raschvin.com\/sv\/wp-json\/wp\/v2\/product\/105989","targetHints":{"allow":["GET"]}}],"collection":[{"href":"https:\/\/www.raschvin.com\/sv\/wp-json\/wp\/v2\/product"}],"about":[{"href":"https:\/\/www.raschvin.com\/sv\/wp-json\/wp\/v2\/types\/product"}],"wp:featuredmedia":[{"embeddable":true,"href":"https:\/\/www.raschvin.com\/sv\/wp-json\/wp\/v2\/media\/103468"}],"wp:attachment":[{"href":"https:\/\/www.raschvin.com\/sv\/wp-json\/wp\/v2\/media?parent=105989"}],"wp:term":[{"taxonomy":"product_brand","embeddable":true,"href":"https:\/\/www.raschvin.com\/sv\/wp-json\/wp\/v2\/product_brand?post=105989"},{"taxonomy":"product_cat","embeddable":true,"href":"https:\/\/www.raschvin.com\/sv\/wp-json\/wp\/v2\/product_cat?post=105989"},{"taxonomy":"product_tag","embeddable":true,"href":"https:\/\/www.raschvin.com\/sv\/wp-json\/wp\/v2\/product_tag?post=105989"}],"curies":[{"name":"wp","href":"https:\/\/api.w.org\/{rel}","templated":true}]}}