{"id":105984,"date":"2025-11-17T10:06:59","date_gmt":"2025-11-17T09:06:59","guid":{"rendered":"https:\/\/www.raschvin.com\/?post_type=product&#038;p=105984"},"modified":"2025-11-17T10:10:15","modified_gmt":"2025-11-17T09:10:15","slug":"bepi-tosolini-luna-nera-premium-liquorice-liqueur-70-cl-24-kopier","status":"publish","type":"product","link":"https:\/\/www.raschvin.com\/sv\/produkt\/bepi-tosolini-luna-nera-premium-liquorice-liqueur-70-cl-24-kopier\/","title":{"rendered":"Bepi Tosolini &#8211; LUNA NERA &#8211; Premium Liquorice Liqueur 3 cl. (Tasting Sample) 24%"},"content":{"rendered":"<p>Bepi Tosolinis nya sortiment av traditionella italienska andar \u00e4r Spezieria. Efter den h\u00f6ga kvaliteten p\u00e5 Bepi Tosolini destillat \u00e4r Spezieria helt naturlig utan artificiella aromer, f\u00e4rg\u00e4mnen eller tillsatser f\u00f6r att m\u00f6ta internationella kr\u00e4vande och sk\u00e4rande palater. Luna Nera, Licorice Spirits, ett enkelt recept, d\u00e4r endast den b\u00e4sta och mest smakade calabrala lakritsen anv\u00e4nds f\u00f6r att skapa ett unikt och extremt gott m\u00e4sterverk, 100% naturligt. Intensiv och trevlig, denna sprit p\u00e5minner magiska sommarn\u00e4tter.<\/p>\n<p>Infusion av italiensk lakrits<br \/>\nAlkoholinneh\u00e5ll: 24% vol.<br \/>\nHantverksdisplay: Manuell destillation i gamla botaniska stillbilder<br \/>\nF\u00e4rg: m\u00f6rkbrun<\/p>\n<p>Liten s\u00f6t med en kryddig tips och en plesant anis note i finalen.<br \/>\nServeringsf\u00f6rslag: Trevligt eller p\u00e5 klipporna, perfekt som en efterm\u00e5ltid och extremt<br \/>\nM\u00e5ngsidig.<\/p>\n","protected":false},"excerpt":{"rendered":"<p>Premium Handcrafted Italian Liqueur \u2013 Udine<\/p>\n","protected":false},"featured_media":106012,"template":"","meta":{"_acf_changed":false,"rs_blank_template":"","rs_page_bg_color":"","slide_template_v7":""},"product_brand":[],"product_cat":[8818,8625],"product_tag":[],"class_list":{"0":"post-105984","1":"product","2":"type-product","3":"status-publish","4":"has-post-thumbnail","6":"product_cat-likor-smakprove","7":"product_cat-samples-sv","8":"pa_land-italien-sv","9":"pa_producent-bepi-tosolini-sv","10":"pa_region-friuli-sv","11":"pa_volume-3-sv","13":"first","14":"instock","15":"taxable","16":"shipping-taxable","17":"purchasable","18":"product-type-simple"},"bundled_by":[],"bundle_stock_status":"instock","bundle_stock_quantity":null,"bundle_virtual":false,"bundle_layout":"","bundle_add_to_cart_form_location":"","bundle_editable_in_cart":false,"bundle_sold_individually_context":"","bundle_item_grouping":"","bundle_min_size":"","bundle_max_size":"","bundle_price":[],"bundled_items":[],"bundle_sell_ids":[],"acf":[],"_links":{"self":[{"href":"https:\/\/www.raschvin.com\/sv\/wp-json\/wp\/v2\/product\/105984","targetHints":{"allow":["GET"]}}],"collection":[{"href":"https:\/\/www.raschvin.com\/sv\/wp-json\/wp\/v2\/product"}],"about":[{"href":"https:\/\/www.raschvin.com\/sv\/wp-json\/wp\/v2\/types\/product"}],"wp:featuredmedia":[{"embeddable":true,"href":"https:\/\/www.raschvin.com\/sv\/wp-json\/wp\/v2\/media\/106012"}],"wp:attachment":[{"href":"https:\/\/www.raschvin.com\/sv\/wp-json\/wp\/v2\/media?parent=105984"}],"wp:term":[{"taxonomy":"product_brand","embeddable":true,"href":"https:\/\/www.raschvin.com\/sv\/wp-json\/wp\/v2\/product_brand?post=105984"},{"taxonomy":"product_cat","embeddable":true,"href":"https:\/\/www.raschvin.com\/sv\/wp-json\/wp\/v2\/product_cat?post=105984"},{"taxonomy":"product_tag","embeddable":true,"href":"https:\/\/www.raschvin.com\/sv\/wp-json\/wp\/v2\/product_tag?post=105984"}],"curies":[{"name":"wp","href":"https:\/\/api.w.org\/{rel}","templated":true}]}}