{"id":105981,"date":"2025-11-17T10:00:05","date_gmt":"2025-11-17T09:00:05","guid":{"rendered":"https:\/\/www.raschvin.com\/?post_type=product&#038;p=105981"},"modified":"2025-11-17T10:03:37","modified_gmt":"2025-11-17T09:03:37","slug":"bepi-tosolini-most-acquavite-ex-brunello-barrique-70-cl-40-kopier","status":"publish","type":"product","link":"https:\/\/www.raschvin.com\/sv\/produkt\/bepi-tosolini-most-acquavite-ex-brunello-barrique-70-cl-40-kopier\/","title":{"rendered":"Bepi Tosolini &#8211; MOST Acquavite ex Brunello Barrique 3 cl. (Tasting Sample) 40%"},"content":{"rendered":"<p>De flesta Ex-Brunello Barrique \u00e4r tillverkad genom att trycka p\u00e5 f\u00e4rska, nedstigning sk\u00f6rdade druvor, fr\u00e5n Nebbiolo. Den s\u00f6ta och doftande massan f\u00f6rvandlas till ett m\u00e5ste. Fabriken destilleras sedan enligt Tosolini-traditionen, med charant \u00e5nga, fortfarande en fantastisk dubbel destillation f\u00f6r renhet och kylning av filtrering f\u00f6r att bevara den b\u00e4sta kvaliteten. Mognad p\u00e5 12 m\u00e5nader i ekfat, som tidigare h\u00e5llit Brunello-vin, till\u00e4gger FR-agrant Destillat vanillatots och en varm fruktkarakt\u00e4r med en touch av s\u00f6ta k\u00f6rsb\u00e4r och kryddor.<\/p>\n<p>Sangiovese druvor<br \/>\nAlkoholinneh\u00e5ll: 40% vol.<br \/>\nHantverksdisplay: Traditionell, manuellt man\u00f6vrerad, charant fortfarande dubbel destillation<br \/>\n\u00c5ldrande: I Egebarrique anv\u00e4nds f\u00f6r Brunello vin<br \/>\nF\u00e4rg: m\u00f6rkgul<br \/>\nKropp: Intensiv och elegant silkeslen p\u00e5 gommen med intensiva toner av f\u00f6r estfrukt och tips av sm\u00e5 b\u00e4r sylt.<br \/>\nServeringsf\u00f6rslag: Servera vid en temperatur av 18\/20 \u00b0 i en ballong.<\/p>\n","protected":false},"excerpt":{"rendered":"<p>Handcrafted Premium Italian Acquavite\/Grappa &#8211; Udine<\/p>\n","protected":false},"featured_media":103462,"template":"","meta":{"_acf_changed":false,"rs_blank_template":"","rs_page_bg_color":"","slide_template_v7":""},"product_brand":[],"product_cat":[8866,8625],"product_tag":[],"class_list":{"0":"post-105981","1":"product","2":"type-product","3":"status-publish","4":"has-post-thumbnail","6":"product_cat-akvavit-snaps-smakprove","7":"product_cat-samples-sv","8":"pa_land-italien-sv","9":"pa_procent-40-sv-2","10":"pa_producent-bepi-tosolini-sv","11":"pa_region-friuli-sv","12":"pa_volume-3-sv","14":"first","15":"instock","16":"taxable","17":"shipping-taxable","18":"purchasable","19":"product-type-simple"},"bundled_by":[],"bundle_stock_status":"instock","bundle_stock_quantity":null,"bundle_virtual":false,"bundle_layout":"","bundle_add_to_cart_form_location":"","bundle_editable_in_cart":false,"bundle_sold_individually_context":"","bundle_item_grouping":"","bundle_min_size":"","bundle_max_size":"","bundle_price":[],"bundled_items":[],"bundle_sell_ids":[],"acf":[],"_links":{"self":[{"href":"https:\/\/www.raschvin.com\/sv\/wp-json\/wp\/v2\/product\/105981","targetHints":{"allow":["GET"]}}],"collection":[{"href":"https:\/\/www.raschvin.com\/sv\/wp-json\/wp\/v2\/product"}],"about":[{"href":"https:\/\/www.raschvin.com\/sv\/wp-json\/wp\/v2\/types\/product"}],"wp:featuredmedia":[{"embeddable":true,"href":"https:\/\/www.raschvin.com\/sv\/wp-json\/wp\/v2\/media\/103462"}],"wp:attachment":[{"href":"https:\/\/www.raschvin.com\/sv\/wp-json\/wp\/v2\/media?parent=105981"}],"wp:term":[{"taxonomy":"product_brand","embeddable":true,"href":"https:\/\/www.raschvin.com\/sv\/wp-json\/wp\/v2\/product_brand?post=105981"},{"taxonomy":"product_cat","embeddable":true,"href":"https:\/\/www.raschvin.com\/sv\/wp-json\/wp\/v2\/product_cat?post=105981"},{"taxonomy":"product_tag","embeddable":true,"href":"https:\/\/www.raschvin.com\/sv\/wp-json\/wp\/v2\/product_tag?post=105981"}],"curies":[{"name":"wp","href":"https:\/\/api.w.org\/{rel}","templated":true}]}}