{"id":105978,"date":"2025-11-17T09:53:36","date_gmt":"2025-11-17T08:53:36","guid":{"rendered":"https:\/\/www.raschvin.com\/?post_type=product&#038;p=105978"},"modified":"2025-11-17T09:55:55","modified_gmt":"2025-11-17T08:55:55","slug":"teeling-whiskey-black-pitts-big-smoke-cask-strength-70-cl-565-kopier","status":"publish","type":"product","link":"https:\/\/www.raschvin.com\/sv\/produkt\/teeling-whiskey-black-pitts-big-smoke-cask-strength-70-cl-565-kopier\/","title":{"rendered":"Teeling Whiskey &#8211; Black Pitts Big Smoke Cask Strength 3 cl. (Tasting Sample) 56,5%"},"content":{"rendered":"<p>Teeling Whiskey har annonserat lanseringen av Blackpitts Cask Strength, en dubbeldestilleret, kraftigt torrvet single malt irsk whisky, som endast \u00e4r moden p\u00e5 tidigare Bourbon-fade.<br \/>\nFlaske NCF (Non Chill-Filtered) vid 56,5 % ABV, Teeling Blackpitts Cask Strength beskriver som havende aromaer af &#8221;distinkt b\u00e5lr\u00f8get jordagtighed med underliggande antydninger af frugthavefrugt og ahornsirup&#8221;, med noter af &#8221;forkullede \u00e6ble- och p\u00e6refrugter t\u00f8rt sammanv\u00e4vet , salt og lavendel&#8221; p\u00e5 ganen, der avslutas med &#8221;t\u00f8rt tr\u00e6krydderi falmer til en lang r\u00f8get, velsmagende finish.&#8221;<br \/>\nTeeling Blackpitts Cask Strength \u00e4r begr\u00e4nsad till endast 8.400 flaskor<\/p>\n<p>Teeling-familjen har skapat irsk whisky sedan 1782, d\u00e5 Walter Teeling \u00f6ppnade sitt whiskydestilleri p\u00e5 Marrowbone Lane i Dublin. Dublin har traditionellt varit hj\u00e4rtat av Irlands whiskyproduktion. Historien om Irlands whiskyproduktion \u00e4r otroligt sp\u00e4nnande och dramatisk och h\u00e4nger i h\u00f6g grad tillsammans med landets samh\u00f6rsf\u00f6rh\u00e5llanden till England p\u00e5 gott och ondt. Hele 37 destillerier hade r\u00f8g i skorstenene i starten af det 20ende \u00e5rhundrede, men \u00e9t efter \u00e9t lukkede destillerierne og sedan 1976 har der ikke v\u00e6ret destilleret whisky i Dublin &#8211; indtil nu! The Teeling Whisky Distillery \u00e4r det f\u00f6rsta nya destilleriet i Dublin i \u00f6ver 125 \u00e5r och Teeling-familjen ser det som sin mission att bringa destillationskunsten tillbaka till hj\u00e4rtat av Dublin!<\/p>\n<p>Den smakfulde whisky kommer fr\u00e5n 3 skinnende pot stills, som \u00e4r opkaldt efter Jack Teelings 3 d\u00f8tre. 25% av produktionen dedikeras till whisky av experimenterande konst, vilket g\u00f6r Teeling till ett av den mest sp\u00e4nnande destillerier att h\u00e5lla \u00f6gonen p\u00e5 med i framtiden.<\/p>\n","protected":false},"excerpt":{"rendered":"<p>Peated Single Malt Irish Whiskey <\/p>\n","protected":false},"featured_media":103462,"template":"","meta":{"_acf_changed":false,"rs_blank_template":"","rs_page_bg_color":"","slide_template_v7":""},"product_brand":[],"product_cat":[8625,8822],"product_tag":[],"class_list":{"0":"post-105978","1":"product","2":"type-product","3":"status-publish","4":"has-post-thumbnail","6":"product_cat-samples-sv","7":"product_cat-whisky-smakprove","8":"pa_champagne-type-single-cask-sv","9":"pa_land-irland-sv","10":"pa_procent-56-5-sv","11":"pa_producent-teeling-sv","12":"pa_region-dublin-sv","13":"pa_traefad-bourbon-sv","14":"pa_volume-3-sv","16":"first","17":"instock","18":"taxable","19":"shipping-taxable","20":"purchasable","21":"product-type-simple"},"bundled_by":[],"bundle_stock_status":"instock","bundle_stock_quantity":null,"bundle_virtual":false,"bundle_layout":"","bundle_add_to_cart_form_location":"","bundle_editable_in_cart":false,"bundle_sold_individually_context":"","bundle_item_grouping":"","bundle_min_size":"","bundle_max_size":"","bundle_price":[],"bundled_items":[],"bundle_sell_ids":[],"acf":[],"_links":{"self":[{"href":"https:\/\/www.raschvin.com\/sv\/wp-json\/wp\/v2\/product\/105978","targetHints":{"allow":["GET"]}}],"collection":[{"href":"https:\/\/www.raschvin.com\/sv\/wp-json\/wp\/v2\/product"}],"about":[{"href":"https:\/\/www.raschvin.com\/sv\/wp-json\/wp\/v2\/types\/product"}],"wp:featuredmedia":[{"embeddable":true,"href":"https:\/\/www.raschvin.com\/sv\/wp-json\/wp\/v2\/media\/103462"}],"wp:attachment":[{"href":"https:\/\/www.raschvin.com\/sv\/wp-json\/wp\/v2\/media?parent=105978"}],"wp:term":[{"taxonomy":"product_brand","embeddable":true,"href":"https:\/\/www.raschvin.com\/sv\/wp-json\/wp\/v2\/product_brand?post=105978"},{"taxonomy":"product_cat","embeddable":true,"href":"https:\/\/www.raschvin.com\/sv\/wp-json\/wp\/v2\/product_cat?post=105978"},{"taxonomy":"product_tag","embeddable":true,"href":"https:\/\/www.raschvin.com\/sv\/wp-json\/wp\/v2\/product_tag?post=105978"}],"curies":[{"name":"wp","href":"https:\/\/api.w.org\/{rel}","templated":true}]}}