{"id":105973,"date":"2025-11-17T09:50:19","date_gmt":"2025-11-17T08:50:19","guid":{"rendered":"https:\/\/www.raschvin.com\/?post_type=product&#038;p=105973"},"modified":"2025-11-17T09:53:05","modified_gmt":"2025-11-17T08:53:05","slug":"old-st-croix-xo-reserve-christmas-reserve-70-cl-40-kopier","status":"publish","type":"product","link":"https:\/\/www.raschvin.com\/sv\/produkt\/old-st-croix-xo-reserve-christmas-reserve-70-cl-40-kopier\/","title":{"rendered":"Old St. Croix XO Reserve Christmas Reserve 3 cl. (Tasting Sample) 40%"},"content":{"rendered":"<p>Old St. Croix XO Reserve Christmas Edition 40% vol.<br \/>\nJulen i det tidigare Dansk-V\u00e4stindien firades ungef\u00e4r som i Norden \u2013 med psalmer, julevangelium och dans runt granen, \u00e4ven om granen fick skeppas \u00f6ver Atlanten. Med inspiration fr\u00e5n denna speciella julst\u00e4mning har v\u00e5r Master Distiller skapat XO Reserve Christmas Edition \u2013 en aromatisk och balanserad julblandning. Perfekt till julbordet, vid paket\u00f6ppning eller en stilla stund framf\u00f6r brasan. Och om det blir lite kvar, ingen fara \u2013 julen varar ju som bekant \u00e4nda till p\u00e5sk.<\/p>\n<p>Smaknoter \u00e4r inte en ingrediensf\u00f6rteckning, utan en subjektiv beskrivning av smaken.<\/p>\n<p>Doft<br \/>\nAnanas, mango och mogen honungsmelon med vaniljkr\u00e4m, ackompanjerat av mj\u00f6lkchoklad med apelsinknas och kokosn\u00f6t. Avslutas med en underbar och l\u00e4tt kryddig ton.<\/p>\n<p>Smak<br \/>\nDoften av flamberad melon \u00e5terkommer, men h\u00e4r finns ocks\u00e5 en frisk \u00f6rtig ton som balanserar den s\u00f6ta fruktsmaken.<br \/>\nEftersmak<br \/>\nEn mild och kryddig ton fr\u00e5n sherryfatet smyger sig fram.<\/p>\n<p>Kommentar<br \/>\nEn h\u00e4rlig spritdryck f\u00f6r m\u00f6rka och kalla juledagar \u2013 den perfekta presenten till n\u00e5gon man tycker om!<\/p>\n","protected":false},"excerpt":{"rendered":"<p>Premium Aged Spirit Drink<\/p>\n","protected":false},"featured_media":103462,"template":"","meta":{"_acf_changed":false,"rs_blank_template":"","rs_page_bg_color":"","slide_template_v7":""},"product_brand":[],"product_cat":[4463,8820,8625],"product_tag":[],"class_list":{"0":"post-105973","1":"product","2":"type-product","3":"status-publish","4":"has-post-thumbnail","6":"product_cat-jul","7":"product_cat-rom-smakprove","8":"product_cat-samples-sv","9":"pa_land-tyskland-sv","10":"pa_procent-40-sv-2","11":"pa_producent-old-st-croix-sv","12":"pa_volume-3-sv","14":"first","15":"instock","16":"taxable","17":"shipping-taxable","18":"purchasable","19":"product-type-simple"},"bundled_by":[],"bundle_stock_status":"instock","bundle_stock_quantity":null,"bundle_virtual":false,"bundle_layout":"","bundle_add_to_cart_form_location":"","bundle_editable_in_cart":false,"bundle_sold_individually_context":"","bundle_item_grouping":"","bundle_min_size":"","bundle_max_size":"","bundle_price":[],"bundled_items":[],"bundle_sell_ids":[],"acf":[],"_links":{"self":[{"href":"https:\/\/www.raschvin.com\/sv\/wp-json\/wp\/v2\/product\/105973","targetHints":{"allow":["GET"]}}],"collection":[{"href":"https:\/\/www.raschvin.com\/sv\/wp-json\/wp\/v2\/product"}],"about":[{"href":"https:\/\/www.raschvin.com\/sv\/wp-json\/wp\/v2\/types\/product"}],"wp:featuredmedia":[{"embeddable":true,"href":"https:\/\/www.raschvin.com\/sv\/wp-json\/wp\/v2\/media\/103462"}],"wp:attachment":[{"href":"https:\/\/www.raschvin.com\/sv\/wp-json\/wp\/v2\/media?parent=105973"}],"wp:term":[{"taxonomy":"product_brand","embeddable":true,"href":"https:\/\/www.raschvin.com\/sv\/wp-json\/wp\/v2\/product_brand?post=105973"},{"taxonomy":"product_cat","embeddable":true,"href":"https:\/\/www.raschvin.com\/sv\/wp-json\/wp\/v2\/product_cat?post=105973"},{"taxonomy":"product_tag","embeddable":true,"href":"https:\/\/www.raschvin.com\/sv\/wp-json\/wp\/v2\/product_tag?post=105973"}],"curies":[{"name":"wp","href":"https:\/\/api.w.org\/{rel}","templated":true}]}}