{"id":105970,"date":"2025-11-17T09:47:15","date_gmt":"2025-11-17T08:47:15","guid":{"rendered":"https:\/\/www.raschvin.com\/?post_type=product&#038;p=105970"},"modified":"2025-11-17T09:49:42","modified_gmt":"2025-11-17T08:49:42","slug":"frederiksdal-likoer-af-kirsebaer-cherry-liqueur-50-cl-16-kopier","status":"publish","type":"product","link":"https:\/\/www.raschvin.com\/sv\/produkt\/frederiksdal-likoer-af-kirsebaer-cherry-liqueur-50-cl-16-kopier\/","title":{"rendered":"Frederiksdal Lik\u00f8r af Kirseb\u00e6r (Cherry Liqueur) 3 cl. (Tasting Sample) 16%"},"content":{"rendered":"<p>Intensiv smak av k\u00f6rsb\u00e4r. Smaken \u00e4r distinkt med intensiv k\u00f6rsb\u00e4rss\u00f6tma. Frederiksdal Lik\u00f8r \u00e4r perfekt i cocktails, med m\u00f6rk choklad efterr\u00e4tter eller bl\u00e5m\u00f6gelostar \u2013 eller som en Kir Royal med Cava.<\/p>\n<p>Smaken domineras av en intensiv k\u00f6rsb\u00e4rss\u00f6tma och en hint av choklad. Den avslutas med en oemotst\u00e5ndlig citrusfriskhet.<\/p>\n<p>Till drinkar, till konfektyr, blandat med mousserande vin till en Kir Frederiksdal \u2013 eller helt enkelt ett glas till s\u00f6ta efterr\u00e4tter och kaffe.<\/p>\n<p>Dagbladet Politiken skrev: &#8217;Ett fint tillskott till Frederiksdals m\u00e5nga utm\u00e4rkta k\u00f6rsb\u00e4rsviner. En vacker \u00e4ttling till v\u00e4rldssucc\u00e9n Cherry Heering&#8217;.<\/p>\n<p>L\u00e4mplig f\u00f6r: desserter, ris a la mande, glass, kaffe, drinkar och cocktails betyg: Silvermedalj dansk internationell matt\u00e4vling. \u272d\u272d\u272d\u272d\u272d winelab.dk. \u272d\u272d\u272d\u272d\u272d vinavisen.dk. \u272d\u272d\u272d\u272d\u272d allt om vin. 90\/100 po\u00e4ng Ekstrabladet. 93\/100 po\u00e4ng vinkreurzer.dk. &#8221;\u00c5rets danska k\u00f6rsb\u00e4rsvin 2015&#8221; Danskt forum f\u00f6r fruktvin<\/p>\n<p>BESKRIVNING<br \/>\nI traditionella lik\u00f6rer blandas juice, socker och alkohol helt enkelt ihop. I Frederiksdalsversionen har k\u00f6rsb\u00e4ren j\u00e4st l\u00e4tt p\u00e5 k\u00f6rsb\u00e4rsskal och stenar innan vi tills\u00e4tter alkohol och socker. Detta ger en komplexitet som vi \u00e4r v\u00e4ldigt entusiastiska \u00f6ver!<\/p>\n<p>F\u00f6r en v\u00e4lbalanserad smak har Frederiksdal Lik\u00f8r mognat p\u00e5 sm\u00e5 ekfat i minst 6 m\u00e5nader. Smaken \u00e4r distinkt med intensiv k\u00f6rsb\u00e4rss\u00f6tma.<\/p>\n<p>N\u00e4r flaskan \u00f6ppnas kan vinet l\u00e4tt h\u00e5lla i flera m\u00e5nader, om det f\u00f6rvaras svalt.<\/p>\n<p>Om du vill njuta av ett glas Frederiksdalslik\u00f6r som cocktail, tills\u00e4tt en mild tonic. Det g\u00f6r lik\u00f6ren lite l\u00e4ttare, men den intensiva smaken av k\u00f6rsb\u00e4r \u00e4r f\u00f6rst\u00e5s intakt.<\/p>\n<p>4 cl Frederiksdal Lik\u00f6r<br \/>\nmild tonic<br \/>\n1 skiva citron<br \/>\nis<br \/>\nCherry Tonic serveras med en enda isbit. Tills\u00e4tt mild tonic som du vill och garnera med en skiva citron.<\/p>\n","protected":false},"excerpt":{"rendered":"<p>Danish Quality Cherry Liqueur<\/p>\n","protected":false},"featured_media":106012,"template":"","meta":{"_acf_changed":false,"rs_blank_template":"","rs_page_bg_color":"","slide_template_v7":""},"product_brand":[],"product_cat":[8818,8625],"product_tag":[],"class_list":{"0":"post-105970","1":"product","2":"type-product","3":"status-publish","4":"has-post-thumbnail","6":"product_cat-likor-smakprove","7":"product_cat-samples-sv","8":"pa_land-danmark-sv","9":"pa_procent-16-sv","10":"pa_producent-frederiksdal-kirsebaervin-sv","11":"pa_region-lolland-sv","12":"pa_volume-3-sv","14":"first","15":"instock","16":"taxable","17":"shipping-taxable","18":"purchasable","19":"product-type-simple"},"bundled_by":[],"bundle_stock_status":"instock","bundle_stock_quantity":null,"bundle_virtual":false,"bundle_layout":"","bundle_add_to_cart_form_location":"","bundle_editable_in_cart":false,"bundle_sold_individually_context":"","bundle_item_grouping":"","bundle_min_size":"","bundle_max_size":"","bundle_price":[],"bundled_items":[],"bundle_sell_ids":[],"acf":[],"_links":{"self":[{"href":"https:\/\/www.raschvin.com\/sv\/wp-json\/wp\/v2\/product\/105970","targetHints":{"allow":["GET"]}}],"collection":[{"href":"https:\/\/www.raschvin.com\/sv\/wp-json\/wp\/v2\/product"}],"about":[{"href":"https:\/\/www.raschvin.com\/sv\/wp-json\/wp\/v2\/types\/product"}],"wp:featuredmedia":[{"embeddable":true,"href":"https:\/\/www.raschvin.com\/sv\/wp-json\/wp\/v2\/media\/106012"}],"wp:attachment":[{"href":"https:\/\/www.raschvin.com\/sv\/wp-json\/wp\/v2\/media?parent=105970"}],"wp:term":[{"taxonomy":"product_brand","embeddable":true,"href":"https:\/\/www.raschvin.com\/sv\/wp-json\/wp\/v2\/product_brand?post=105970"},{"taxonomy":"product_cat","embeddable":true,"href":"https:\/\/www.raschvin.com\/sv\/wp-json\/wp\/v2\/product_cat?post=105970"},{"taxonomy":"product_tag","embeddable":true,"href":"https:\/\/www.raschvin.com\/sv\/wp-json\/wp\/v2\/product_tag?post=105970"}],"curies":[{"name":"wp","href":"https:\/\/api.w.org\/{rel}","templated":true}]}}