{"id":105967,"date":"2025-11-17T09:43:22","date_gmt":"2025-11-17T08:43:22","guid":{"rendered":"https:\/\/www.raschvin.com\/?post_type=product&#038;p=105967"},"modified":"2025-11-17T09:46:11","modified_gmt":"2025-11-17T08:46:11","slug":"bepi-tosolini-grappa-i-legni-rovere-barrique-50-cl-42-kopier","status":"publish","type":"product","link":"https:\/\/www.raschvin.com\/sv\/produkt\/bepi-tosolini-grappa-i-legni-rovere-barrique-50-cl-42-kopier\/","title":{"rendered":"Bepi Tosolini &#8211; Grappa I LEGNI Rovere Barrique 3 cl. (Tasting Sample) 42%"},"content":{"rendered":"<p>Legni Rovere \u00e4r en \u00e4del och utvalda andar \u00e5ldras i barriques i k\u00e4llaren av Bepi Tosolini. En raffinerad kombination av smaker och dofter, d\u00e4r GraPta f\u00f6rb\u00e4ttrar de varma tonerna och Vanilla parfymerade anteckningarna med en l\u00e4tt gula f\u00e4rg, prerogativ av Oak Wood d&#8217;Allier. Spirits of grat personligheter som f\u00f6rb\u00e4ttras av aromerna och smakerna i Grat Cru Chocolate, och bli en upplevelse av intensivt n\u00f6je, i kombination med din favorit cigarr.<\/p>\n<p>Alambicco d&#8217;oro 2008<\/p>\n<p>Warszawa andar t\u00e4vling 2018<\/p>\n<p>F\u00e4rskt Pomace av Cabernet, Merlot, Refosco, Friulano och Moscato druvor.<br \/>\nAlkoholinneh\u00e5ll: 42% vol.<\/p>\n<p>Traditionell, manuellt man\u00f6vrerad, Bain-Marie stills<br \/>\n\u00c5ldrande: 12 m\u00e5nader ek Barrique och Barr els<br \/>\nF\u00e4rg: Intensiv gul f\u00e4rg med orange nyanser<br \/>\nKropp: Intese.<br \/>\nTasting Anm\u00e4rkningar: Elegant bukett med lockande dofter choklad, rostade n\u00f6tter och vaniljkomponenter. Fl\u00e4tig och ih\u00e5llande p\u00e5 gommen.<br \/>\nServeringsf\u00f6rslag:<br \/>\nServera vid en temperatur av 18\/20 \u00b0 C i ett tulpanglas med clas.<\/p>\n","protected":false},"excerpt":{"rendered":"<p>Handcrafted Italian Grappa &#8211; Udine<\/p>\n","protected":false},"featured_media":103462,"template":"","meta":{"_acf_changed":false,"rs_blank_template":"","rs_page_bg_color":"","slide_template_v7":""},"product_brand":[],"product_cat":[8833,8625],"product_tag":[],"class_list":{"0":"post-105967","1":"product","2":"type-product","3":"status-publish","4":"has-post-thumbnail","6":"product_cat-grappa-smakprove","7":"product_cat-samples-sv","8":"pa_land-italien-sv","9":"pa_procent-42-sv","10":"pa_producent-bepi-tosolini-sv","11":"pa_region-friuli-sv","12":"pa_volume-3-sv","14":"first","15":"instock","16":"taxable","17":"shipping-taxable","18":"purchasable","19":"product-type-simple"},"bundled_by":[],"bundle_stock_status":"instock","bundle_stock_quantity":null,"bundle_virtual":false,"bundle_layout":"","bundle_add_to_cart_form_location":"","bundle_editable_in_cart":false,"bundle_sold_individually_context":"","bundle_item_grouping":"","bundle_min_size":"","bundle_max_size":"","bundle_price":[],"bundled_items":[],"bundle_sell_ids":[],"acf":[],"_links":{"self":[{"href":"https:\/\/www.raschvin.com\/sv\/wp-json\/wp\/v2\/product\/105967","targetHints":{"allow":["GET"]}}],"collection":[{"href":"https:\/\/www.raschvin.com\/sv\/wp-json\/wp\/v2\/product"}],"about":[{"href":"https:\/\/www.raschvin.com\/sv\/wp-json\/wp\/v2\/types\/product"}],"wp:featuredmedia":[{"embeddable":true,"href":"https:\/\/www.raschvin.com\/sv\/wp-json\/wp\/v2\/media\/103462"}],"wp:attachment":[{"href":"https:\/\/www.raschvin.com\/sv\/wp-json\/wp\/v2\/media?parent=105967"}],"wp:term":[{"taxonomy":"product_brand","embeddable":true,"href":"https:\/\/www.raschvin.com\/sv\/wp-json\/wp\/v2\/product_brand?post=105967"},{"taxonomy":"product_cat","embeddable":true,"href":"https:\/\/www.raschvin.com\/sv\/wp-json\/wp\/v2\/product_cat?post=105967"},{"taxonomy":"product_tag","embeddable":true,"href":"https:\/\/www.raschvin.com\/sv\/wp-json\/wp\/v2\/product_tag?post=105967"}],"curies":[{"name":"wp","href":"https:\/\/api.w.org\/{rel}","templated":true}]}}