{"id":105945,"date":"2025-11-17T08:57:03","date_gmt":"2025-11-17T07:57:03","guid":{"rendered":"https:\/\/www.raschvin.com\/?post_type=product&#038;p=105945"},"modified":"2025-11-17T09:17:33","modified_gmt":"2025-11-17T08:17:33","slug":"mescal-los-danzantes-anejo-70-cl-46-kopier","status":"publish","type":"product","link":"https:\/\/www.raschvin.com\/sv\/produkt\/mescal-los-danzantes-anejo-70-cl-46-kopier\/","title":{"rendered":"Mescal Los Danzantes A\u00f1ejo 3 cl. (Tasting Sample) 46%"},"content":{"rendered":"<p>Los Danzantes A\u00f1ejo \u00e4r en mezcal fr\u00e5n Santiago Matatl\u00e1n i Oaxaca. Den \u00e4r gjord av 100 % agave (espadin), som bakas i en underjordisk stenugn, krossas med en traditionell, h\u00e4stdragen tahona och fermenteras med vildj\u00e4st innan den destilleras i sm\u00e5 koppardestillationsmaskiner. Denna version har lagrats i 16 m\u00e5nader i 70% amerikansk och 30% fransk ek. Den \u00e4r buteljerad med 46% alkohol.<\/p>\n<p>F\u00e4rg: Gyllene.<br \/>\nDoft: I doften hittar du skogsbotten, kola, bakad agave och mogen frukt.<br \/>\nSmaknoter: Elegant, men ocks\u00e5 kraftfull. Inslag av karamell, vanilj, ceder och kanel.<\/p>\n<p>Serveringsf\u00f6rslag: B\u00f6r avnjutas snyggt.<\/p>\n<p>Los Danzantes ligger i Santiago Matatl\u00e1n i delstaten Oaxaca. H\u00e4r producerar Karina Abad och Joel Antonio mezcal med fokus p\u00e5 traditionellt hantverk. Varum\u00e4rket och destilleriet \u00e4r uppkallat efter de cirka 300 stenreliefer som hittats i den antika staden Monte Alban, som f\u00f6rest\u00e4ller en serie figurer i konstiga poser. Vid f\u00f6rsta anblicken verkade det f\u00f6r uppt\u00e4ckarna som att de dansade, varf\u00f6r de fick namnet (&#8221;de dansande&#8221;), men idag \u00e4r tolkningen av bilderna dyster. Nu tros figurerna vara d\u00f6dade och stympade f\u00e5ngar. Puh!<\/p>\n<p>P\u00e5 Los Danzantes \u00e4r det just historia och tradition som driver verket. Det stora stenhjulet som krossar de bakade agavehj\u00e4rtorna dras av en h\u00e4st som heter Samson \u2013 och detta \u00e4r n\u00e4stan toppen av destilleriets teknik! Den enda egenheten som vissa skulle anse vara okonventionell \u00e4r Danzantes anv\u00e4ndning av fatlagring. Det \u00e4r ett av f\u00e5 mezcal-destillerier som ocks\u00e5 producerar b\u00e5de en reposado och en a\u00f1ejo.<\/p>\n","protected":false},"excerpt":{"rendered":"<p>Mescal Artesanal &#8211; Oaxaca Mexico<\/p>\n","protected":false},"featured_media":103462,"template":"","meta":{"_acf_changed":false,"rs_blank_template":"","rs_page_bg_color":"","slide_template_v7":""},"product_brand":[],"product_cat":[8625,8839],"product_tag":[],"class_list":{"0":"post-105945","1":"product","2":"type-product","3":"status-publish","4":"has-post-thumbnail","6":"product_cat-samples-sv","7":"product_cat-tequila-mescal-smakprove","8":"pa_land-mexiko","9":"pa_procent-46-sv","10":"pa_producent-destileria-los-danzantes-sv","11":"pa_region-oaxaca-sv","12":"pa_vintage-2019-sv","13":"pa_volume-3-sv","15":"first","16":"instock","17":"taxable","18":"shipping-taxable","19":"purchasable","20":"product-type-simple"},"bundled_by":[],"bundle_stock_status":"instock","bundle_stock_quantity":null,"bundle_virtual":false,"bundle_layout":"","bundle_add_to_cart_form_location":"","bundle_editable_in_cart":false,"bundle_sold_individually_context":"","bundle_item_grouping":"","bundle_min_size":"","bundle_max_size":"","bundle_price":[],"bundled_items":[],"bundle_sell_ids":[],"acf":[],"_links":{"self":[{"href":"https:\/\/www.raschvin.com\/sv\/wp-json\/wp\/v2\/product\/105945","targetHints":{"allow":["GET"]}}],"collection":[{"href":"https:\/\/www.raschvin.com\/sv\/wp-json\/wp\/v2\/product"}],"about":[{"href":"https:\/\/www.raschvin.com\/sv\/wp-json\/wp\/v2\/types\/product"}],"wp:featuredmedia":[{"embeddable":true,"href":"https:\/\/www.raschvin.com\/sv\/wp-json\/wp\/v2\/media\/103462"}],"wp:attachment":[{"href":"https:\/\/www.raschvin.com\/sv\/wp-json\/wp\/v2\/media?parent=105945"}],"wp:term":[{"taxonomy":"product_brand","embeddable":true,"href":"https:\/\/www.raschvin.com\/sv\/wp-json\/wp\/v2\/product_brand?post=105945"},{"taxonomy":"product_cat","embeddable":true,"href":"https:\/\/www.raschvin.com\/sv\/wp-json\/wp\/v2\/product_cat?post=105945"},{"taxonomy":"product_tag","embeddable":true,"href":"https:\/\/www.raschvin.com\/sv\/wp-json\/wp\/v2\/product_tag?post=105945"}],"curies":[{"name":"wp","href":"https:\/\/api.w.org\/{rel}","templated":true}]}}