{"id":105942,"date":"2025-11-17T08:51:14","date_gmt":"2025-11-17T07:51:14","guid":{"rendered":"https:\/\/www.raschvin.com\/?post_type=product&#038;p=105942"},"modified":"2025-11-17T08:53:24","modified_gmt":"2025-11-17T07:53:24","slug":"clan-denny-speyside-single-malt-70-cl-40-kopier","status":"publish","type":"product","link":"https:\/\/www.raschvin.com\/sv\/produkt\/clan-denny-speyside-single-malt-70-cl-40-kopier\/","title":{"rendered":"Clan Denny Speyside Single Malt 3 cl. (Tasting Sample) 40%"},"content":{"rendered":"<p>Arom: Inledningsvis intensiva toner av torvr\u00f6k, f\u00f6ljt av malt och exotiska kryddor.<br \/>\nSmak: Fyllig och balanserad p\u00e5 tungan. Mogna citrusfrukter ledsagas av toffee och en kryddig ingef\u00e4ra.<br \/>\nEftersmak: Medell\u00e5ng och v\u00e4rmande, med inslag av fina kryddor som ligger kvar p\u00e5 tungan.<br \/>\nF\u00e4rg: Koppar (M7).<\/p>\n<p>Clan Denny Single Malt fr\u00e5n den oberoende buteljeraren Douglas Laing h\u00e4rstammar fr\u00e5n ett destilleri i Speyside. Denna whisky har mognat i noggrant utvalda bourbonfat och bjuder p\u00e5 en elegant balans mellan torvr\u00f6k och citrus i smakupplevelsen. Buteljerad vid 40,0% vol. \u00e4r den ett sj\u00e4lvklart val f\u00f6r alla som uppskattar en whisky med b\u00e5de djup och balans.<\/p>\n<p>Produkttyp: Single Malt Whisky<br \/>\nTillverkare: Douglas Laing &#038; Co.<br \/>\nImport\u00f6r: Sierra Madre GmbH, Rohrstra\u00dfe 15, 58093 Hagen, Tyskland<br \/>\nUrsprungsland: Skottland<\/p>\n","protected":false},"excerpt":{"rendered":"<p>Speyside Single Malt Scotch Whisky<\/p>\n","protected":false},"featured_media":103462,"template":"","meta":{"_acf_changed":false,"rs_blank_template":"","rs_page_bg_color":"","slide_template_v7":""},"product_brand":[],"product_cat":[8625,8822],"product_tag":[],"class_list":{"0":"post-105942","1":"product","2":"type-product","3":"status-publish","4":"has-post-thumbnail","6":"product_cat-samples-sv","7":"product_cat-whisky-smakprove","8":"pa_land-skottland","9":"pa_procent-40-sv-2","10":"pa_producent-douglas-mcgibbon-co-ltd-sv","11":"pa_region-islay-sv","12":"pa_volume-3-sv","14":"first","15":"instock","16":"taxable","17":"shipping-taxable","18":"purchasable","19":"product-type-simple"},"bundled_by":[],"bundle_stock_status":"instock","bundle_stock_quantity":null,"bundle_virtual":false,"bundle_layout":"","bundle_add_to_cart_form_location":"","bundle_editable_in_cart":false,"bundle_sold_individually_context":"","bundle_item_grouping":"","bundle_min_size":"","bundle_max_size":"","bundle_price":[],"bundled_items":[],"bundle_sell_ids":[],"acf":[],"_links":{"self":[{"href":"https:\/\/www.raschvin.com\/sv\/wp-json\/wp\/v2\/product\/105942","targetHints":{"allow":["GET"]}}],"collection":[{"href":"https:\/\/www.raschvin.com\/sv\/wp-json\/wp\/v2\/product"}],"about":[{"href":"https:\/\/www.raschvin.com\/sv\/wp-json\/wp\/v2\/types\/product"}],"wp:featuredmedia":[{"embeddable":true,"href":"https:\/\/www.raschvin.com\/sv\/wp-json\/wp\/v2\/media\/103462"}],"wp:attachment":[{"href":"https:\/\/www.raschvin.com\/sv\/wp-json\/wp\/v2\/media?parent=105942"}],"wp:term":[{"taxonomy":"product_brand","embeddable":true,"href":"https:\/\/www.raschvin.com\/sv\/wp-json\/wp\/v2\/product_brand?post=105942"},{"taxonomy":"product_cat","embeddable":true,"href":"https:\/\/www.raschvin.com\/sv\/wp-json\/wp\/v2\/product_cat?post=105942"},{"taxonomy":"product_tag","embeddable":true,"href":"https:\/\/www.raschvin.com\/sv\/wp-json\/wp\/v2\/product_tag?post=105942"}],"curies":[{"name":"wp","href":"https:\/\/api.w.org\/{rel}","templated":true}]}}