{"id":105925,"date":"2025-11-17T08:31:38","date_gmt":"2025-11-17T07:31:38","guid":{"rendered":"https:\/\/www.raschvin.com\/?post_type=product&#038;p=105925"},"modified":"2025-11-17T08:33:57","modified_gmt":"2025-11-17T07:33:57","slug":"ardnamurchan-mescal-cask-release-2025-70-cl-55-kopier-2","status":"publish","type":"product","link":"https:\/\/www.raschvin.com\/sv\/produkt\/ardnamurchan-mescal-cask-release-2025-70-cl-55-kopier-2\/","title":{"rendered":"Ardnamurchan Mescal Cask Release 2025 3 cl. (Tasting Sample) 55%"},"content":{"rendered":"<p>Precis i k\u00f6lvattnet av v\u00e5r Madeira Cask Release presenterar vi nu n\u00e5got helt unikt \u2013 Ardnamurchan AD\/Mezcal Cask Release.<br \/>\nDenna limiterade utg\u00e5va kommer utan tvekan att v\u00e4cka uppm\u00e4rksamhet bland b\u00e5de whisky- och mezcalentusiaster.<\/p>\n<p>Whiskyn \u00e4r skapad uteslutande av r\u00f6kig sprit fr\u00e5n 2017, lagrad i sex \u00e5r p\u00e5 bourbonfat och d\u00e4refter slutlagrad i ytterligare arton m\u00e5nader p\u00e5 mezcalfat. Resultatet? En dj\u00e4rv och komplex dram d\u00e4r r\u00f6kig whisky m\u00f6ter mezcalens karakteristiska uttryck i en fascinerande harmoni.<\/p>\n<p>Smaknoter<\/p>\n<p>Doft \u2013 Gr\u00f6n, gr\u00e4sig och vegetal med tydlig mezcalp\u00e5verkan redan vid f\u00f6rsta sniffen. Med lite tid i glaset framtr\u00e4der krispiga Granny Smith-\u00e4pplen, gr\u00f6na bananer och ih\u00e5llande, askig r\u00f6k.<\/p>\n<p>Smak \u2013 Ljus och \u00f6rtig med toner av eukalyptus, kalkiga mineraler och en frisk havsbrise. En tydlig blandning av olivlake, salta kapris och bladpersilja ger en fyllig, fet munk\u00e4nsla med jordig botten.<\/p>\n<p>Eftersmak \u2013 Mjuk, fin r\u00f6k dr\u00f6jer sig kvar tillsammans med en kr\u00e4mig, s\u00f6t avslutning och ett sista jordn\u00e4ra djup.<\/p>\n","protected":false},"excerpt":{"rendered":"<p>Highland Single Malt Scotch Whisky<\/p>\n","protected":false},"featured_media":103462,"template":"","meta":{"_acf_changed":false,"rs_blank_template":"","rs_page_bg_color":"","slide_template_v7":""},"product_brand":[],"product_cat":[8625,8822],"product_tag":[],"class_list":{"0":"post-105925","1":"product","2":"type-product","3":"status-publish","4":"has-post-thumbnail","6":"product_cat-samples-sv","7":"product_cat-whisky-smakprove","8":"pa_aargang-2025-sv","9":"pa_land-skottland","10":"pa_procent-55-sv","11":"pa_producent-ardnamurchan-sv","12":"pa_region-highland-sv","13":"pa_volume-3-sv","15":"first","16":"instock","17":"taxable","18":"shipping-taxable","19":"purchasable","20":"product-type-simple"},"bundled_by":[],"bundle_stock_status":"instock","bundle_stock_quantity":null,"bundle_virtual":false,"bundle_layout":"","bundle_add_to_cart_form_location":"","bundle_editable_in_cart":false,"bundle_sold_individually_context":"","bundle_item_grouping":"","bundle_min_size":"","bundle_max_size":"","bundle_price":[],"bundled_items":[],"bundle_sell_ids":[],"acf":[],"_links":{"self":[{"href":"https:\/\/www.raschvin.com\/sv\/wp-json\/wp\/v2\/product\/105925","targetHints":{"allow":["GET"]}}],"collection":[{"href":"https:\/\/www.raschvin.com\/sv\/wp-json\/wp\/v2\/product"}],"about":[{"href":"https:\/\/www.raschvin.com\/sv\/wp-json\/wp\/v2\/types\/product"}],"wp:featuredmedia":[{"embeddable":true,"href":"https:\/\/www.raschvin.com\/sv\/wp-json\/wp\/v2\/media\/103462"}],"wp:attachment":[{"href":"https:\/\/www.raschvin.com\/sv\/wp-json\/wp\/v2\/media?parent=105925"}],"wp:term":[{"taxonomy":"product_brand","embeddable":true,"href":"https:\/\/www.raschvin.com\/sv\/wp-json\/wp\/v2\/product_brand?post=105925"},{"taxonomy":"product_cat","embeddable":true,"href":"https:\/\/www.raschvin.com\/sv\/wp-json\/wp\/v2\/product_cat?post=105925"},{"taxonomy":"product_tag","embeddable":true,"href":"https:\/\/www.raschvin.com\/sv\/wp-json\/wp\/v2\/product_tag?post=105925"}],"curies":[{"name":"wp","href":"https:\/\/api.w.org\/{rel}","templated":true}]}}