{"id":105921,"date":"2025-11-17T08:27:27","date_gmt":"2025-11-17T07:27:27","guid":{"rendered":"https:\/\/www.raschvin.com\/?post_type=product&#038;p=105921"},"modified":"2025-11-17T08:30:38","modified_gmt":"2025-11-17T07:30:38","slug":"bunnahabhain-staoisha-2014-10-years-exclusively-rasch-vin-spiritus-batch-3-70-cl-578-kopier","status":"publish","type":"product","link":"https:\/\/www.raschvin.com\/sv\/produkt\/bunnahabhain-staoisha-2014-10-years-exclusively-rasch-vin-spiritus-batch-3-70-cl-578-kopier\/","title":{"rendered":"Bunnahabhain Staoisha 2014 10 Years Exclusively Rasch Vin &#038; Spiritus Batch #3 3 cl. (Tasting Sample) 57,8%"},"content":{"rendered":"<p data-start=\"832\" data-end=\"996\"><strong data-start=\"832\" data-end=\"996\">Single Cask \u2013 V\u00e5rt helt egna fat. Utsedd exklusivt f\u00f6r oss. F\u00f6r Rasch Vin &amp; Spiritus. Vi \u00e4r stolta \u00f6ver att kunna presentera denna magiska whisky fr\u00e5n Staoisha.<\/strong><\/p>\n<p data-start=\"998\" data-end=\"1021\"><strong data-start=\"998\" data-end=\"1021\">267 flaskor totalt.<\/strong><\/p>\n<p data-start=\"1023\" data-end=\"1195\">10 \u00e5r gammal och buteljerad p\u00e5 sin absoluta topp. Denna speciella whisky kommer fr\u00e5n ett hogshead-fat som endast gav 267 flaskor, exklusivt f\u00f6r Rasch Vinhandel i Helsing\u00f6r.<\/p>\n<p data-start=\"1197\" data-end=\"1465\">Buteljerad vid full fatstyrka (57,8 %) levererar den en intensiv och mycket tillfredsst\u00e4llande upplevelse. Vi har tidigare buteljerat tv\u00e5 yngre fat fr\u00e5n Staoisha (7 och 8 \u00e5r), men denna utg\u00e5va \u00e4r n\u00e5got mer avrundad samtidigt som den beh\u00e5ller sin karakteristiska kraft.<\/p>\n<p data-start=\"1467\" data-end=\"1623\" data-is-last-node=\"\" data-is-only-node=\"\">F\u00f6rv\u00e4nta dig vackert integrerad r\u00f6k med inslag av vanilj och karamell, som avslutas med en l\u00e4tt s\u00e4lta \u2013 en kraftfull men elegant dram f\u00f6r whiskyentusiaster.<\/p>\n","protected":false},"excerpt":{"rendered":"<p>Limited Islay Single Malt Scotch Whisky<\/p>\n","protected":false},"featured_media":103462,"template":"","meta":{"_acf_changed":false,"rs_blank_template":"","rs_page_bg_color":"","slide_template_v7":""},"product_brand":[],"product_cat":[8625,8822],"product_tag":[],"class_list":{"0":"post-105921","1":"product","2":"type-product","3":"status-publish","4":"has-post-thumbnail","6":"product_cat-samples-sv","7":"product_cat-whisky-smakprove","8":"pa_champagne-type-single-cask-sv","9":"pa_land-skottland","10":"pa_procent-57-8-sv","11":"pa_producent-signatory-sv","12":"pa_region-islay-sv","13":"pa_volume-3-sv","15":"first","16":"instock","17":"taxable","18":"shipping-taxable","19":"purchasable","20":"product-type-simple"},"bundled_by":[],"bundle_stock_status":"instock","bundle_stock_quantity":null,"bundle_virtual":false,"bundle_layout":"","bundle_add_to_cart_form_location":"","bundle_editable_in_cart":false,"bundle_sold_individually_context":"","bundle_item_grouping":"","bundle_min_size":"","bundle_max_size":"","bundle_price":[],"bundled_items":[],"bundle_sell_ids":[],"acf":[],"_links":{"self":[{"href":"https:\/\/www.raschvin.com\/sv\/wp-json\/wp\/v2\/product\/105921","targetHints":{"allow":["GET"]}}],"collection":[{"href":"https:\/\/www.raschvin.com\/sv\/wp-json\/wp\/v2\/product"}],"about":[{"href":"https:\/\/www.raschvin.com\/sv\/wp-json\/wp\/v2\/types\/product"}],"wp:featuredmedia":[{"embeddable":true,"href":"https:\/\/www.raschvin.com\/sv\/wp-json\/wp\/v2\/media\/103462"}],"wp:attachment":[{"href":"https:\/\/www.raschvin.com\/sv\/wp-json\/wp\/v2\/media?parent=105921"}],"wp:term":[{"taxonomy":"product_brand","embeddable":true,"href":"https:\/\/www.raschvin.com\/sv\/wp-json\/wp\/v2\/product_brand?post=105921"},{"taxonomy":"product_cat","embeddable":true,"href":"https:\/\/www.raschvin.com\/sv\/wp-json\/wp\/v2\/product_cat?post=105921"},{"taxonomy":"product_tag","embeddable":true,"href":"https:\/\/www.raschvin.com\/sv\/wp-json\/wp\/v2\/product_tag?post=105921"}],"curies":[{"name":"wp","href":"https:\/\/api.w.org\/{rel}","templated":true}]}}