{"id":105917,"date":"2025-11-17T08:24:20","date_gmt":"2025-11-17T07:24:20","guid":{"rendered":"https:\/\/www.raschvin.com\/?post_type=product&#038;p=105917"},"modified":"2025-11-17T08:26:52","modified_gmt":"2025-11-17T07:26:52","slug":"stauning-whisky-hoest-70-cl-405-kopier","status":"publish","type":"product","link":"https:\/\/www.raschvin.com\/sv\/produkt\/stauning-whisky-hoest-70-cl-405-kopier\/","title":{"rendered":"Stauning Whisky \u2013 H\u00d8ST 3 cl. (Tasting Sample) 40,5%"},"content":{"rendered":"<p>Stauning H\u00d8ST \u00e4r en len, fruktig och blommig whisky som p\u00e5minner om v\u00e4rmen och komforten fr\u00e5n sen danska sommaren under sk\u00f6rden av v\u00e5r noggrant utvalda och lokalt odlade r\u00e5g och korn. Denna dubbelmaltwhisky skapades i Danmark och best\u00e5r av en blandning av lika delar single maltwhisky och r\u00e5gwhisky, lagrad p\u00e5 nya amerikanska ekfat med en touch av portfat.<\/p>\n<p>V\u00e5r inst\u00e4llning till whisky: designad med avsikt, enkelhet, h\u00e5llbarhet, tidl\u00f6s stil och en touch av &#8221;mys&#8221;. Genom att producera whisky av 100 % golvm\u00e4ltad dansk r\u00e5g och korn skapar vi en tidl\u00f6s stil av whisky som k\u00e4nnetecknas av sin djupa smak och kvalitet. Dubbeldestillation i 24 sm\u00e5 kopparpotstills, uppv\u00e4rmda \u00f6ver \u00f6ppen eld, tillf\u00f6r komplexa och rika smaktoner till v\u00e5r whisky.<\/p>\n<p>H\u00d8ST \u00e4r den perfekta introduktionen till Staunings karakteristiska danska korn-till-glas-metod. Stauning \u00e4r dedikerade till att skapa whisky som visar upp naturens elegans och sk\u00f6nhet, och varje klunk av denna whisky \u00e4r en smakupplevelse av Danmarks fridfulla terroir.<\/p>\n<p>HARVEST \u00e5terspeglar den naturliga sk\u00f6nheten i v\u00e5r lokala terroir och s\u00e4songen som f\u00f6rser Stauning Whisky med de danska kornen f\u00f6r produktionen av v\u00e5r whisky. Detta \u00e4r en delikat, smidig och v\u00e4lbalanserad whisky som \u00e4r perfekt f\u00f6r b\u00e5de nyb\u00f6rjare och finsmakare.<\/p>\n<p>SL\u00c4TT &#038; FIN<br \/>\nEn dubbelmaltwhisky framst\u00e4lld av v\u00e5r single malt (korn) och r\u00e5gwhisky<br \/>\nLOKAL<br \/>\nSpannm\u00e5l och vatten till whiskyn kommer fr\u00e5n lokala k\u00e4llor, allt inom ett cykelavst\u00e5nd fr\u00e5n destilleriet<br \/>\n\u00c4KTA<br \/>\n100% golvm\u00e4ltat spannm\u00e5l och ugnstorkat p\u00e5 destilleriet<br \/>\nKOMPLEXITET<br \/>\nMognad p\u00e5 destilleriet p\u00e5 kraftigt f\u00f6rkolnade nya amerikanska ekfat med en hint av f\u00f6rstafyllda portfat.<br \/>\nKVALITET<br \/>\nDubbeldestillerad i 24 sm\u00e5 koppargrytor, uppv\u00e4rmda \u00f6ver \u00f6ppen eld.<br \/>\nOfiltrerad och ej kallfiltrerad &#8211; sediment kan f\u00f6rekomma<\/p>\n","protected":false},"excerpt":{"rendered":"<p>Danish Whisky<\/p>\n","protected":false},"featured_media":103462,"template":"","meta":{"_acf_changed":false,"rs_blank_template":"","rs_page_bg_color":"","slide_template_v7":""},"product_brand":[],"product_cat":[8625,8822],"product_tag":[],"class_list":{"0":"post-105917","1":"product","2":"type-product","3":"status-publish","4":"has-post-thumbnail","6":"product_cat-samples-sv","7":"product_cat-whisky-smakprove","8":"pa_land-danmark-sv","9":"pa_procent-40-5-sv","10":"pa_producent-stauning-whisky-sv","11":"pa_region-jylland-sv","12":"pa_volume-3-sv","14":"first","15":"instock","16":"taxable","17":"shipping-taxable","18":"purchasable","19":"product-type-simple"},"bundled_by":[],"bundle_stock_status":"instock","bundle_stock_quantity":null,"bundle_virtual":false,"bundle_layout":"","bundle_add_to_cart_form_location":"","bundle_editable_in_cart":false,"bundle_sold_individually_context":"","bundle_item_grouping":"","bundle_min_size":"","bundle_max_size":"","bundle_price":[],"bundled_items":[],"bundle_sell_ids":[],"acf":[],"_links":{"self":[{"href":"https:\/\/www.raschvin.com\/sv\/wp-json\/wp\/v2\/product\/105917","targetHints":{"allow":["GET"]}}],"collection":[{"href":"https:\/\/www.raschvin.com\/sv\/wp-json\/wp\/v2\/product"}],"about":[{"href":"https:\/\/www.raschvin.com\/sv\/wp-json\/wp\/v2\/types\/product"}],"wp:featuredmedia":[{"embeddable":true,"href":"https:\/\/www.raschvin.com\/sv\/wp-json\/wp\/v2\/media\/103462"}],"wp:attachment":[{"href":"https:\/\/www.raschvin.com\/sv\/wp-json\/wp\/v2\/media?parent=105917"}],"wp:term":[{"taxonomy":"product_brand","embeddable":true,"href":"https:\/\/www.raschvin.com\/sv\/wp-json\/wp\/v2\/product_brand?post=105917"},{"taxonomy":"product_cat","embeddable":true,"href":"https:\/\/www.raschvin.com\/sv\/wp-json\/wp\/v2\/product_cat?post=105917"},{"taxonomy":"product_tag","embeddable":true,"href":"https:\/\/www.raschvin.com\/sv\/wp-json\/wp\/v2\/product_tag?post=105917"}],"curies":[{"name":"wp","href":"https:\/\/api.w.org\/{rel}","templated":true}]}}