{"id":105910,"date":"2025-11-17T08:15:56","date_gmt":"2025-11-17T07:15:56","guid":{"rendered":"https:\/\/www.raschvin.com\/?post_type=product&#038;p=105910"},"modified":"2025-11-17T08:18:26","modified_gmt":"2025-11-17T07:18:26","slug":"chili-klaus-chili-skud-ghost-bitter-vindstyrke-12-70-cl-20-kopier","status":"publish","type":"product","link":"https:\/\/www.raschvin.com\/sv\/produkt\/chili-klaus-chili-skud-ghost-bitter-vindstyrke-12-70-cl-20-kopier\/","title":{"rendered":"Chili Klaus Chili Skud Ghost Bitter &#8211; Vindstyrke 12 3 cl. (Tasting Sample) 20%"},"content":{"rendered":"<p>Chili Klaus Chili Shot Ghost Bitter Vindf\u00e4lt 12 \u00e4r ett sant mankretest! Ett skott gjord p\u00e5 vodka med en vild kombination av lakrits och den starka Carolina Reapier Chili. En smaker ut ur det vanliga. Hj\u00e4rtat sl\u00e5r lite snabbare med en vindstyrka 12 och ger \u00f6ronens rush. En sann oral h\u00e4st d\u00e4r du verkligen kommer att s\u00e4tta p\u00e5 ett test.<\/p>\n<p>Chili Klaus Chili Shot Ghost Bitter Vindf\u00e4lt 12 Drick vid rumstemperatur. Skaka f\u00f6re servering. Produkten \u00e4r prov och godk\u00e4nd av Chili Klaus.<\/p>\n","protected":false},"excerpt":{"rendered":"<p>Danish Chili-Licorice Shot by Chili Klaus<\/p>\n","protected":false},"featured_media":106012,"template":"","meta":{"_acf_changed":false,"rs_blank_template":"","rs_page_bg_color":"","slide_template_v7":""},"product_brand":[],"product_cat":[8836,8625],"product_tag":[],"class_list":{"0":"post-105910","1":"product","2":"type-product","3":"status-publish","4":"has-post-thumbnail","6":"product_cat-shots-smakprove","7":"product_cat-samples-sv","8":"pa_land-danmark-sv","9":"pa_procent-20-sv","10":"pa_producent-spritfabrikken-danmark-sv","11":"pa_volume-3-sv","13":"first","14":"instock","15":"taxable","16":"shipping-taxable","17":"purchasable","18":"product-type-simple"},"bundled_by":[],"bundle_stock_status":"instock","bundle_stock_quantity":null,"bundle_virtual":false,"bundle_layout":"","bundle_add_to_cart_form_location":"","bundle_editable_in_cart":false,"bundle_sold_individually_context":"","bundle_item_grouping":"","bundle_min_size":"","bundle_max_size":"","bundle_price":[],"bundled_items":[],"bundle_sell_ids":[],"acf":[],"_links":{"self":[{"href":"https:\/\/www.raschvin.com\/sv\/wp-json\/wp\/v2\/product\/105910","targetHints":{"allow":["GET"]}}],"collection":[{"href":"https:\/\/www.raschvin.com\/sv\/wp-json\/wp\/v2\/product"}],"about":[{"href":"https:\/\/www.raschvin.com\/sv\/wp-json\/wp\/v2\/types\/product"}],"wp:featuredmedia":[{"embeddable":true,"href":"https:\/\/www.raschvin.com\/sv\/wp-json\/wp\/v2\/media\/106012"}],"wp:attachment":[{"href":"https:\/\/www.raschvin.com\/sv\/wp-json\/wp\/v2\/media?parent=105910"}],"wp:term":[{"taxonomy":"product_brand","embeddable":true,"href":"https:\/\/www.raschvin.com\/sv\/wp-json\/wp\/v2\/product_brand?post=105910"},{"taxonomy":"product_cat","embeddable":true,"href":"https:\/\/www.raschvin.com\/sv\/wp-json\/wp\/v2\/product_cat?post=105910"},{"taxonomy":"product_tag","embeddable":true,"href":"https:\/\/www.raschvin.com\/sv\/wp-json\/wp\/v2\/product_tag?post=105910"}],"curies":[{"name":"wp","href":"https:\/\/api.w.org\/{rel}","templated":true}]}}