{"id":105902,"date":"2025-11-17T08:08:22","date_gmt":"2025-11-17T07:08:22","guid":{"rendered":"https:\/\/www.raschvin.com\/?post_type=product&#038;p=105902"},"modified":"2025-11-17T08:10:52","modified_gmt":"2025-11-17T07:10:52","slug":"bepi-tosolini-grappa-smoked-50-cl-50-kopier","status":"publish","type":"product","link":"https:\/\/www.raschvin.com\/sv\/produkt\/bepi-tosolini-grappa-smoked-50-cl-50-kopier\/","title":{"rendered":"Bepi Tosolini &#8211; Grappa Smoked 3 cl. (Tasting Sample) 50%"},"content":{"rendered":"<p>Grappa r\u00f6kt, en \u00e4del blandning av utvalda friuliska r\u00f6da druvor som \u00e4r \u00e5ldrade i franska ege bilar, inuti TRETAL-k\u00e4llarna fr\u00e5n familjen Tosolini. Ekr\u00e4tterna \u00e4r borta genom en sk\u00e5lprocess med &#8221;kentucky&#8221; tobaksl\u00f6v, original italiensk kvalitet f\u00f6r en djup och intensiv r\u00f6kt grappa.<\/p>\n<p>F\u00e4rska Pomaces av utvalda Friulian Red Druvor<br \/>\nAlkoholinneh\u00e5ll: 40% vol.<br \/>\nInformation: Traditionell, manuellt drivna \u00e5ngb\u00e5tar-stills<br \/>\nBarrique: franska ege bilar<br \/>\nF\u00e4rg: Intensiv b\u00e4rnsten med gyllene nyanser<br \/>\nKropp: intensiv<br \/>\nSmaka inte e: torvsmaken, inte f\u00f6r alkoholist, p\u00e5minner mycket om en enda malt<br \/>\nAged whisky med harmoniska kryddiga anteckningar med en l\u00e4tt r\u00f6kfinish. Serveringsf\u00f6rslag: Servera vid en temperatur av 18\/20 \u00b0 i Clas Sic Tulip Glass. P\u00e5 sommaren \u00e4r k\u00e4llaren den perfekta temperaturen<br \/>\nen ca 16\/18 \u00b0.<\/p>\n","protected":false},"excerpt":{"rendered":"<p>Handcrafted Premium Italian Grappa &#8211; Udine<\/p>\n","protected":false},"featured_media":103462,"template":"","meta":{"_acf_changed":false,"rs_blank_template":"","rs_page_bg_color":"","slide_template_v7":""},"product_brand":[],"product_cat":[8833,8625],"product_tag":[],"class_list":{"0":"post-105902","1":"product","2":"type-product","3":"status-publish","4":"has-post-thumbnail","6":"product_cat-grappa-smakprove","7":"product_cat-samples-sv","8":"pa_land-italien-sv","9":"pa_procent-50-sv","10":"pa_producent-bepi-tosolini-sv","11":"pa_region-friuli-sv","12":"pa_volume-3-sv","14":"first","15":"instock","16":"taxable","17":"shipping-taxable","18":"purchasable","19":"product-type-simple"},"bundled_by":[],"bundle_stock_status":"instock","bundle_stock_quantity":null,"bundle_virtual":false,"bundle_layout":"","bundle_add_to_cart_form_location":"","bundle_editable_in_cart":false,"bundle_sold_individually_context":"","bundle_item_grouping":"","bundle_min_size":"","bundle_max_size":"","bundle_price":[],"bundled_items":[],"bundle_sell_ids":[],"acf":[],"_links":{"self":[{"href":"https:\/\/www.raschvin.com\/sv\/wp-json\/wp\/v2\/product\/105902","targetHints":{"allow":["GET"]}}],"collection":[{"href":"https:\/\/www.raschvin.com\/sv\/wp-json\/wp\/v2\/product"}],"about":[{"href":"https:\/\/www.raschvin.com\/sv\/wp-json\/wp\/v2\/types\/product"}],"wp:featuredmedia":[{"embeddable":true,"href":"https:\/\/www.raschvin.com\/sv\/wp-json\/wp\/v2\/media\/103462"}],"wp:attachment":[{"href":"https:\/\/www.raschvin.com\/sv\/wp-json\/wp\/v2\/media?parent=105902"}],"wp:term":[{"taxonomy":"product_brand","embeddable":true,"href":"https:\/\/www.raschvin.com\/sv\/wp-json\/wp\/v2\/product_brand?post=105902"},{"taxonomy":"product_cat","embeddable":true,"href":"https:\/\/www.raschvin.com\/sv\/wp-json\/wp\/v2\/product_cat?post=105902"},{"taxonomy":"product_tag","embeddable":true,"href":"https:\/\/www.raschvin.com\/sv\/wp-json\/wp\/v2\/product_tag?post=105902"}],"curies":[{"name":"wp","href":"https:\/\/api.w.org\/{rel}","templated":true}]}}