{"id":105358,"date":"2025-11-12T16:58:16","date_gmt":"2025-11-12T15:58:16","guid":{"rendered":"https:\/\/www.raschvin.com\/?post_type=product&#038;p=105358"},"modified":"2026-05-12T14:29:41","modified_gmt":"2026-05-12T12:29:41","slug":"2025-julekalender-premium-whisky-wilson-morgan-barrel-selection-24x2-cl-5145-kopier","status":"publish","type":"product","link":"https:\/\/www.raschvin.com\/sv\/produkt\/2025-julekalender-premium-whisky-wilson-morgan-barrel-selection-24x2-cl-5145-kopier\/","title":{"rendered":"Exploration of SMOS (The Single Malts of Scotland) Kalender 25&#215;3 cl. 55,7%"},"content":{"rendered":"<p data-start=\"1754\" data-end=\"2141\">\u00d6ver 120 destillerier runtom i Skottland balanserar m\u00e4nsklig skicklighet med naturens krafter f\u00f6r att skapa en palett av extraordin\u00e4ra smaker. Varje fats s\u00e4rpr\u00e4gel l\u00e5ter whiskyn utvecklas och hitta sin egen balans mellan smak och doft. I den h\u00e4r kollektionen hyllar vi skotsk whiskys enast\u00e5ende m\u00e5ngfald med tjugofem single cask-whiskyer fr\u00e5n tjugofem av Skottlands fr\u00e4msta destillerier.<\/p>\n<p data-start=\"2143\" data-end=\"2565\">Sedan 2005 har Elixir Distillers buteljerat sina b\u00e4sta enskilda fat under serien The Single Malts of Scotland och visat upp varje destilleris unika fingeravtryck vid ett exakt mognads\u00f6gonblick. Varje buteljering har ett unikt fatnummer och buteljeras vid optimal styrka utan kylfiltrering eller f\u00e4rg\u00e4mnen f\u00f6r att framh\u00e4va sin individuella karakt\u00e4r. M\u00e5let \u00e4r att hitta och dela drams som skapar best\u00e5ende minnen genom smak.<\/p>\n<p data-start=\"2567\" data-end=\"3003\">Fr\u00e5n den robusta whiskyn fr\u00e5n de norra Orkney\u00f6arna till de mjuka malterna fr\u00e5n s\u00f6dra Lowlands har vi gr\u00e4vt djupt i v\u00e5ra rika whiskylager f\u00f6r att hitta n\u00e5gra av v\u00e4rldens mest hyllade malter \u2013 d\u00e4ribland Islays ber\u00f6mda Laphroaig, den omtalade h\u00f6glandswhiskyn Clynelish och det nedlagda Speyside-destilleriet Imperial \u2013 samtidigt som vi lyfter fram n\u00e5gra av Skottlands dolda p\u00e4rlor s\u00e5som Linkwood fr\u00e5n Speyside och Ledaig fr\u00e5n Isle of Mull.<\/p>\n<p data-start=\"3005\" data-end=\"3226\">Med \u00e5ldrar fr\u00e5n sju till 31 \u00e5r har dessa whiskyer mognat p\u00e5 en rad olika fat \u2013 ex-bourbonfat, hogsheads och ex-sherrybutts \u2013 och visar den stil- och smakvariation som finns \u00f6ver hela spektrat av single malt Scotch whisky.<\/p>\n<p data-start=\"3228\" data-end=\"3298\">Bakom varje lucka d\u00f6ljer sig en anm\u00e4rkningsv\u00e4rd, smakrik \u00f6verraskning.<\/p>\n<p data-start=\"3300\" data-end=\"3364\">Varje presentset inneh\u00e5ller: 25 \u00d7 3 cl single malt Scotch whisky<\/p>\n<p data-start=\"3366\" data-end=\"3452\" data-is-last-node=\"\" data-is-only-node=\"\">F\u00f6r att se den fullst\u00e4ndiga listan \u00f6ver whiskyer i urvalet, bes\u00f6k elixirdistillers.com<\/p>\n","protected":false},"excerpt":{"rendered":"<p>The One &amp; Only Whisky Calender<\/p>\n","protected":false},"featured_media":105374,"template":"","meta":{"_acf_changed":false,"rs_blank_template":"","rs_page_bg_color":"","slide_template_v7":""},"product_brand":[],"product_cat":[2392,2753,2754,2758,4463,4465,9280,9287,9468,9509],"product_tag":[8642],"class_list":{"0":"post-105358","1":"product","2":"type-product","3":"status-publish","4":"has-post-thumbnail","6":"product_cat-whisky-sv","7":"product_cat-gaavor","8":"product_cat-foeretagspresenter","9":"product_cat-provsmakning-set","10":"product_cat-jul","11":"product_cat-julkalender","12":"product_cat-flaskor-whisky","13":"product_cat-miniatyrflaskor-whisky","14":"product_cat-spritpaket","15":"product_cat-whisky-gavepakker","16":"product_tag-1-sv","17":"pa_land-skottland","18":"pa_producent-elixir-distillers-sv","19":"pa_volume-75-sv","21":"first","22":"instock","23":"sale","24":"taxable","25":"shipping-taxable","26":"purchasable","27":"product-type-simple"},"bundled_by":[],"bundle_stock_status":"instock","bundle_stock_quantity":12,"bundle_virtual":false,"bundle_layout":"","bundle_add_to_cart_form_location":"","bundle_editable_in_cart":false,"bundle_sold_individually_context":"","bundle_item_grouping":"","bundle_min_size":"","bundle_max_size":"","bundle_price":[],"bundled_items":[],"bundle_sell_ids":[],"acf":[],"_links":{"self":[{"href":"https:\/\/www.raschvin.com\/sv\/wp-json\/wp\/v2\/product\/105358","targetHints":{"allow":["GET"]}}],"collection":[{"href":"https:\/\/www.raschvin.com\/sv\/wp-json\/wp\/v2\/product"}],"about":[{"href":"https:\/\/www.raschvin.com\/sv\/wp-json\/wp\/v2\/types\/product"}],"wp:featuredmedia":[{"embeddable":true,"href":"https:\/\/www.raschvin.com\/sv\/wp-json\/wp\/v2\/media\/105374"}],"wp:attachment":[{"href":"https:\/\/www.raschvin.com\/sv\/wp-json\/wp\/v2\/media?parent=105358"}],"wp:term":[{"taxonomy":"product_brand","embeddable":true,"href":"https:\/\/www.raschvin.com\/sv\/wp-json\/wp\/v2\/product_brand?post=105358"},{"taxonomy":"product_cat","embeddable":true,"href":"https:\/\/www.raschvin.com\/sv\/wp-json\/wp\/v2\/product_cat?post=105358"},{"taxonomy":"product_tag","embeddable":true,"href":"https:\/\/www.raschvin.com\/sv\/wp-json\/wp\/v2\/product_tag?post=105358"}],"curies":[{"name":"wp","href":"https:\/\/api.w.org\/{rel}","templated":true}]}}