{"id":105051,"date":"2025-11-10T09:05:13","date_gmt":"2025-11-10T08:05:13","guid":{"rendered":"https:\/\/www.raschvin.com\/?post_type=product&#038;p=105051"},"modified":"2025-11-10T09:08:17","modified_gmt":"2025-11-10T08:08:17","slug":"doorlys-x-o-fine-old-barbados-rum-70-cl-43-kopier","status":"publish","type":"product","link":"https:\/\/www.raschvin.com\/sv\/produkt\/doorlys-x-o-fine-old-barbados-rum-70-cl-43-kopier\/","title":{"rendered":"Doorly&#8217;s X.O &#8211; Fine Old Barbados Rum 3 cl. (Tasting Sample) 43%"},"content":{"rendered":"<p>Martin Doorly grundade Rom m\u00e4rkt d\u00f6rrklass i b\u00f6rjan av 1920-talet. \u00c5r 1992 k\u00f6ptes Martin Doorly Space av RL Seae.<\/p>\n<p>Destilleriet d\u00e4r d\u00f6rrmen \u00e4r blandad och lagras \u00e4r Foursquare i Barbados &#8211; cirka 350 \u00e5r, och de \u00e4ldsta dokumenten tyder p\u00e5 att den speciella Rom-vinkvarnen som \u00e4r associerad med Molasse-fabriken har varit i produktion sedan 1730. Distilleriet renoverades 1995 och Idag visas som en blandning mellan historien och den nya tekniken. Samtidigt har ROM-skivan f\u00f6rklarats 100% milj\u00f6 r\u00e4tt.<\/p>\n<p>I enlighet med bra Barbados-tradition har inget socker lagts till s\u00f6ta rummet. Destillationsmetoden med b\u00e5de krukstil och kolonnkedja och f\u00f6rvaring, garanterar en naturlig s\u00f6tma och en rik smak.<\/p>\n<p>Utrymmet har producerats p\u00e5 \u00f6n Barbados i mer \u00e4n 300 \u00e5r, men det var bara fr\u00e5n 1906, d\u00e4r rymdplikten antogs att branschen utvecklades, till vad vi vet idag. F\u00f6re destillerad p\u00e5 plantagen, men den nya lagen innebar att destilleriet skulle ha en licens f\u00f6r att s\u00e4lja sin bulk-Rom. M\u00e5nga \u00e5terf\u00f6rs\u00e4ljare i Bridgetown, inklusive Martin Doorly &#038; Co blir knackning, och tillv\u00e4xten b\u00f6rjade. Martin Doorly utvecklad till D\u00f6rrens Macaw Room och blev den f\u00f6rsta flaskan-Rom som exporterades fr\u00e5n \u00f6n.<\/p>\n<p>Doorley&#8217;s Xo \u00e4r husets premiumrum &#8211; en blandning av Rom finns 6 till 12 \u00e5r gammal. N\u00e4r blandningen g\u00f6rs, f\u00f6rvaringen i spanska ex Oloroso Sherry blekna.<\/p>\n<p>Den h\u00e4r nya versionen av D\u00f6rrklassiska XO \u00e4r lite h\u00f6gre i procent, n\u00e4mligen p\u00e5 43. Detta ger raden lite mer krydda och en skarpare k\u00e4nsla i munnen och fungerar ocks\u00e5 mer oljad i munnen.<\/p>\n<p>Richard Seae kommentar: &#8221;43% \u00e4r standarden i Barbados. N\u00e4r vi f\u00f6rst kom till Storbritannien, f\u00f6r att konkurrera vi minskade det till 40%. Det var ett misstag som nu har r\u00e4ttats.&#8221;<\/p>\n<p>Doft.<br \/>\nGummi, Sherry Fad, Spice &#8211; Snons Strong &#8211; Du luras och tycker att det \u00e4r en whisky med sherry finish<\/p>\n<p>Smak<br \/>\nStor fullhet av kraftfulla Rom och sherry nyanser, mycket komplexa, vanilj och n\u00f6tter<\/p>\n<p>Eftersmak<br \/>\nOljad, l\u00e5ng och h\u00e4rlig, sp\u00e5r av sherry. En mycket fin balans i eftersmaken.<\/p>\n<p>Kommentar<br \/>\nEn mycket balanserad Rom &#8211; och Sherylag-ringen g\u00f6r det v\u00e4ldigt annorlunda och sp\u00e4nnande!<\/p>\n","protected":false},"excerpt":{"rendered":"<p>Premium Aged Rum &#8211; Foursquare Distillery<\/p>\n","protected":false},"featured_media":103462,"template":"","meta":{"_acf_changed":false,"rs_blank_template":"","rs_page_bg_color":"","slide_template_v7":""},"product_brand":[],"product_cat":[8820,8625],"product_tag":[],"class_list":{"0":"post-105051","1":"product","2":"type-product","3":"status-publish","4":"has-post-thumbnail","6":"product_cat-rom-smakprove","7":"product_cat-samples-sv","8":"pa_land-barbados-sv","9":"pa_procent-43-sv","10":"pa_producent-forsquare-destillery-sv","11":"pa_volume-3-sv","13":"first","14":"instock","15":"taxable","16":"shipping-taxable","17":"purchasable","18":"product-type-simple"},"bundled_by":[],"bundle_stock_status":"instock","bundle_stock_quantity":null,"bundle_virtual":false,"bundle_layout":"","bundle_add_to_cart_form_location":"","bundle_editable_in_cart":false,"bundle_sold_individually_context":"","bundle_item_grouping":"","bundle_min_size":"","bundle_max_size":"","bundle_price":[],"bundled_items":[],"bundle_sell_ids":[],"acf":[],"_links":{"self":[{"href":"https:\/\/www.raschvin.com\/sv\/wp-json\/wp\/v2\/product\/105051","targetHints":{"allow":["GET"]}}],"collection":[{"href":"https:\/\/www.raschvin.com\/sv\/wp-json\/wp\/v2\/product"}],"about":[{"href":"https:\/\/www.raschvin.com\/sv\/wp-json\/wp\/v2\/types\/product"}],"wp:featuredmedia":[{"embeddable":true,"href":"https:\/\/www.raschvin.com\/sv\/wp-json\/wp\/v2\/media\/103462"}],"wp:attachment":[{"href":"https:\/\/www.raschvin.com\/sv\/wp-json\/wp\/v2\/media?parent=105051"}],"wp:term":[{"taxonomy":"product_brand","embeddable":true,"href":"https:\/\/www.raschvin.com\/sv\/wp-json\/wp\/v2\/product_brand?post=105051"},{"taxonomy":"product_cat","embeddable":true,"href":"https:\/\/www.raschvin.com\/sv\/wp-json\/wp\/v2\/product_cat?post=105051"},{"taxonomy":"product_tag","embeddable":true,"href":"https:\/\/www.raschvin.com\/sv\/wp-json\/wp\/v2\/product_tag?post=105051"}],"curies":[{"name":"wp","href":"https:\/\/api.w.org\/{rel}","templated":true}]}}