{"id":105048,"date":"2025-11-10T09:00:42","date_gmt":"2025-11-10T08:00:42","guid":{"rendered":"https:\/\/www.raschvin.com\/?post_type=product&#038;p=105048"},"modified":"2025-11-10T09:04:00","modified_gmt":"2025-11-10T08:04:00","slug":"sbs-venezuela-rasch-vin-spiritus-2012-2025-bourbon-ice-wine-cask-70-cl-523-kopier","status":"publish","type":"product","link":"https:\/\/www.raschvin.com\/sv\/produkt\/sbs-venezuela-rasch-vin-spiritus-2012-2025-bourbon-ice-wine-cask-70-cl-523-kopier\/","title":{"rendered":"SBS Venezuela Rasch Vin &#038; Spiritus 2012\/2025 Bourbon-Ice Wine Cask 3 cl. (Tasting Sample) 52,3%"},"content":{"rendered":"<p>Single Barrel Selection Venezuela 2012 \u00e4r baserad p\u00e5 melass och destillerades i en kolonnpanna \u00e5r 2012. Rommen har lagrats p\u00e5 ex-bourbon- och Ice Wine-fat och buteljerades vid 52,3 % ABV i maj 2025. Den \u00e4r inte kylfiltrerad. S.B.S Venezuela 2012 \u00e4r begr\u00e4nsad till endast 381 flaskor.<br \/>\nExklusivt buteljerad f\u00f6r Rasch Vin &#038; Spiritus.<\/p>\n<p>Doft: Doften bjuder p\u00e5 mogna r\u00f6da druvor, fyllig melass och mjuk karamell.<br \/>\nSmak: Frisk och l\u00e4tt kryddig med en rund och mjuk s\u00f6tma fr\u00e5n melass, som avslutas med en saftig och fruktig eftersmak av solmogna druvor.<\/p>\n<p>Land: Venezuela\u2003Pann-typ: Kolonn\u2003Alkoholhalt: 52,3 % ABV\u2003\u00c5lder: 13 \u00e5r<\/p>\n<p>Ett exklusivt samarbete mellan Rasch Vin &#038; Spiritus och 1423 ApS i Danmark.<br \/>\nVi har noggrant valt ut ett s\u00e4rskilt fat fr\u00e5n Venezuela \u2013 handplockat av oss p\u00e5 Rasch Vin &#038; Spiritus \u2013 som ligger till grund f\u00f6r denna enast\u00e5ende rom.<\/p>\n<p>Det unika med denna rom \u00e4r dess efterlagring p\u00e5 ett tyskt dessertvinsfat, n\u00e4rmare best\u00e4mt ett Ice Wine-fat. Denna ovanliga fattyp tillf\u00f6r rommen extra djup, komplexitet och karakt\u00e4r som g\u00e5r l\u00e5ngt ut\u00f6ver det vanliga.<\/p>\n<p>Resultatet \u00e4r en exklusiv romupplevelse f\u00f6r den kr\u00e4sne och passionerade rom\u00e4lskaren \u2013 och vi \u00e4r stolta \u00f6ver att nu kunna presentera den hos Rasch Vin &#038; Spiritus.<\/p>\n","protected":false},"excerpt":{"rendered":"<p>Single Barrel Selection \u2013 Rum By 1423 Aps<\/p>\n","protected":false},"featured_media":103465,"template":"","meta":{"_acf_changed":false,"rs_blank_template":"","rs_page_bg_color":"","slide_template_v7":""},"product_brand":[],"product_cat":[2391,8625,8820,9232,9529],"product_tag":[],"class_list":{"0":"post-105048","1":"product","2":"type-product","3":"status-publish","4":"has-post-thumbnail","6":"product_cat-rom-sv","7":"product_cat-samples-sv","8":"product_cat-rom-smakprove","9":"product_cat-flaskor","10":"product_cat-raschs-egenimport","11":"pa_land-venezuela-sv","12":"pa_procent-52-3-sv","13":"pa_producent-1423-sv","14":"pa_traefad-bourbon-sv","15":"pa_traefad-ice-wine-sv","16":"pa_vintage-2012-sv","17":"pa_volume-3-sv","19":"first","20":"instock","21":"taxable","22":"shipping-taxable","23":"purchasable","24":"product-type-simple"},"bundled_by":[],"bundle_stock_status":"instock","bundle_stock_quantity":null,"bundle_virtual":false,"bundle_layout":"","bundle_add_to_cart_form_location":"","bundle_editable_in_cart":false,"bundle_sold_individually_context":"","bundle_item_grouping":"","bundle_min_size":"","bundle_max_size":"","bundle_price":[],"bundled_items":[],"bundle_sell_ids":[],"acf":[],"_links":{"self":[{"href":"https:\/\/www.raschvin.com\/sv\/wp-json\/wp\/v2\/product\/105048","targetHints":{"allow":["GET"]}}],"collection":[{"href":"https:\/\/www.raschvin.com\/sv\/wp-json\/wp\/v2\/product"}],"about":[{"href":"https:\/\/www.raschvin.com\/sv\/wp-json\/wp\/v2\/types\/product"}],"wp:featuredmedia":[{"embeddable":true,"href":"https:\/\/www.raschvin.com\/sv\/wp-json\/wp\/v2\/media\/103465"}],"wp:attachment":[{"href":"https:\/\/www.raschvin.com\/sv\/wp-json\/wp\/v2\/media?parent=105048"}],"wp:term":[{"taxonomy":"product_brand","embeddable":true,"href":"https:\/\/www.raschvin.com\/sv\/wp-json\/wp\/v2\/product_brand?post=105048"},{"taxonomy":"product_cat","embeddable":true,"href":"https:\/\/www.raschvin.com\/sv\/wp-json\/wp\/v2\/product_cat?post=105048"},{"taxonomy":"product_tag","embeddable":true,"href":"https:\/\/www.raschvin.com\/sv\/wp-json\/wp\/v2\/product_tag?post=105048"}],"curies":[{"name":"wp","href":"https:\/\/api.w.org\/{rel}","templated":true}]}}