{"id":105031,"date":"2025-11-10T08:19:57","date_gmt":"2025-11-10T07:19:57","guid":{"rendered":"https:\/\/www.raschvin.com\/?post_type=product&#038;p=105031"},"modified":"2025-11-10T08:22:15","modified_gmt":"2025-11-10T07:22:15","slug":"rum-malecon-9-years-licor-de-ron-70-cl-35-kopier","status":"publish","type":"product","link":"https:\/\/www.raschvin.com\/sv\/produkt\/rum-malecon-9-years-licor-de-ron-70-cl-35-kopier\/","title":{"rendered":"Rum Malecon 9 Years Licor De Ron 3 cl. (Tasting Sample) 35%"},"content":{"rendered":"<p>Um Malecon 9, Licor de Ron 35%, \u00e4r den yngsta i serien av Malecon-produkter som vi har i Danmark. Det \u00e4r en l\u00e4tt kryddig Romlik\u00f6r, som har fina eleganta anteckningar av torkade bananer, n\u00f6tter, kakao, melass, honung och lite cedertr\u00e4. Det \u00e4r den s\u00f6taste i serien, och alkoholen \u00e4r v\u00e4ldigt mjuk p\u00e5 grund av tillf\u00f6rsel av extra socker. Det \u00e4r en stor &#8221;starter&#8221;, f\u00f6r m\u00e4nniskor som kanske inte \u00e4r vana vid att dricka sprit, eller som kommer att l\u00e4ra sig att dricka Rom.<\/p>\n","protected":false},"excerpt":{"rendered":"<p>Licor de Ron de Panama<\/p>\n","protected":false},"featured_media":103462,"template":"","meta":{"_acf_changed":false,"rs_blank_template":"","rs_page_bg_color":"","slide_template_v7":""},"product_brand":[],"product_cat":[8820,8625],"product_tag":[],"class_list":{"0":"post-105031","1":"product","2":"type-product","3":"status-publish","4":"has-post-thumbnail","6":"product_cat-rom-smakprove","7":"product_cat-samples-sv","8":"pa_lagring-9-sv","9":"pa_land-panama-sv","10":"pa_procent-35-sv","11":"pa_producent-malecon-sv","12":"pa_volume-3-sv","14":"first","15":"instock","16":"taxable","17":"shipping-taxable","18":"purchasable","19":"product-type-simple"},"bundled_by":[],"bundle_stock_status":"instock","bundle_stock_quantity":null,"bundle_virtual":false,"bundle_layout":"","bundle_add_to_cart_form_location":"","bundle_editable_in_cart":false,"bundle_sold_individually_context":"","bundle_item_grouping":"","bundle_min_size":"","bundle_max_size":"","bundle_price":[],"bundled_items":[],"bundle_sell_ids":[],"acf":[],"_links":{"self":[{"href":"https:\/\/www.raschvin.com\/sv\/wp-json\/wp\/v2\/product\/105031","targetHints":{"allow":["GET"]}}],"collection":[{"href":"https:\/\/www.raschvin.com\/sv\/wp-json\/wp\/v2\/product"}],"about":[{"href":"https:\/\/www.raschvin.com\/sv\/wp-json\/wp\/v2\/types\/product"}],"wp:featuredmedia":[{"embeddable":true,"href":"https:\/\/www.raschvin.com\/sv\/wp-json\/wp\/v2\/media\/103462"}],"wp:attachment":[{"href":"https:\/\/www.raschvin.com\/sv\/wp-json\/wp\/v2\/media?parent=105031"}],"wp:term":[{"taxonomy":"product_brand","embeddable":true,"href":"https:\/\/www.raschvin.com\/sv\/wp-json\/wp\/v2\/product_brand?post=105031"},{"taxonomy":"product_cat","embeddable":true,"href":"https:\/\/www.raschvin.com\/sv\/wp-json\/wp\/v2\/product_cat?post=105031"},{"taxonomy":"product_tag","embeddable":true,"href":"https:\/\/www.raschvin.com\/sv\/wp-json\/wp\/v2\/product_tag?post=105031"}],"curies":[{"name":"wp","href":"https:\/\/api.w.org\/{rel}","templated":true}]}}