{"id":105024,"date":"2025-11-10T08:12:31","date_gmt":"2025-11-10T07:12:31","guid":{"rendered":"https:\/\/www.raschvin.com\/?post_type=product&#038;p=105024"},"modified":"2025-11-10T08:15:48","modified_gmt":"2025-11-10T07:15:48","slug":"g-vine-june-wild-peach-summer-fruits-5-cl-375-kopier","status":"publish","type":"product","link":"https:\/\/www.raschvin.com\/sv\/produkt\/g-vine-june-wild-peach-summer-fruits-5-cl-375-kopier\/","title":{"rendered":"G Vine \u2013 June Wild Peach &#038; Summer Fruits 3 cl. (Tasting Sample) 37,5%"},"content":{"rendered":"<p>Om produkten<br \/>\nJUNE GIN, av G&#8217;Vine 37,5% \u00e4r Maison Villeverts nya superstj\u00e4rna p\u00e5 ginmarknaden, en smaksatt gin. JUNI \u00e4r G&#8217;Vine Floraisons nya krispiga lillasyster, full av \u00f6verraskning, lite l\u00e4ttare i alkohol, men med mycket smak. JUNI \u00e4r lite s\u00f6t till skillnad fr\u00e5n G&#8217;Vine Floraison som \u00e4r mer &#8221;s\u00f6t&#8221;. JUNI \u00e4r gjord p\u00e5 basis av G&#8217;Vine Floraison, och har Maison Villeverts DNA av renhet, klass och god smak med sig. Med l\u00e4ckra toner av druvblommor, persika och enb\u00e4r, samt inslag av sommarens frukter och b\u00e4r \u00e4r det en sommarhit utan like.<\/p>\n<p>H\u00e4r \u00e4r n\u00e5gra junirecept:<\/p>\n<p>Skinny June: I ett vinglas fyllt med is l\u00e4gg 4cl June, av G&#8217;Vine, fyll p\u00e5 med kolsyrat vatten (ca 10-15cl) Garnera med persika och jordgubbar.<\/p>\n<p>June Summer Booster: I ett vinglas fyllt med is l\u00e4gg 4cl June, av G&#8217;Vine, fyll p\u00e5 med Fevertree Mediterranean Tonic (ca 10-15cl). Garnera med persikor och vinb\u00e4r. Byt tonic till Indian tonic f\u00f6r att g\u00f6ra: (juni) Indian Summer.<\/p>\n<p>June Collins: Skaka f\u00f6ljande med mycket is: 6cl June, fr\u00e5n G&#8217;Vine, 3cl f\u00e4rskpressad citronsaft, 1cl sockersirap (1 del socker: 1 del vatten). Sila upp i ett vinglas fyllt med is. Fyll p\u00e5 med 3-4cl kolsyrat vatten och r\u00f6r om tyst. Garnera med en persika och en citronklyfta.<\/p>\n","protected":false},"excerpt":{"rendered":"<p>Distilled Infused Gin \u2013 France<\/p>\n","protected":false},"featured_media":103468,"template":"","meta":{"_acf_changed":false,"rs_blank_template":"","rs_page_bg_color":"","slide_template_v7":""},"product_brand":[],"product_cat":[2404,8625,8830,9469],"product_tag":[],"class_list":{"0":"post-105024","1":"product","2":"type-product","3":"status-publish","4":"has-post-thumbnail","6":"product_cat-gin-sv","7":"product_cat-samples-sv","8":"product_cat-gin-smakprove","9":"product_cat-flaskor-gin","10":"pa_land-frankrike","11":"pa_procent-37-5-sv","12":"pa_producent-g-vine-sv","13":"pa_volume-3-sv","15":"first","16":"instock","17":"taxable","18":"shipping-taxable","19":"purchasable","20":"product-type-simple"},"bundled_by":[],"bundle_stock_status":"instock","bundle_stock_quantity":null,"bundle_virtual":false,"bundle_layout":"","bundle_add_to_cart_form_location":"","bundle_editable_in_cart":false,"bundle_sold_individually_context":"","bundle_item_grouping":"","bundle_min_size":"","bundle_max_size":"","bundle_price":[],"bundled_items":[],"bundle_sell_ids":[],"acf":[],"_links":{"self":[{"href":"https:\/\/www.raschvin.com\/sv\/wp-json\/wp\/v2\/product\/105024","targetHints":{"allow":["GET"]}}],"collection":[{"href":"https:\/\/www.raschvin.com\/sv\/wp-json\/wp\/v2\/product"}],"about":[{"href":"https:\/\/www.raschvin.com\/sv\/wp-json\/wp\/v2\/types\/product"}],"wp:featuredmedia":[{"embeddable":true,"href":"https:\/\/www.raschvin.com\/sv\/wp-json\/wp\/v2\/media\/103468"}],"wp:attachment":[{"href":"https:\/\/www.raschvin.com\/sv\/wp-json\/wp\/v2\/media?parent=105024"}],"wp:term":[{"taxonomy":"product_brand","embeddable":true,"href":"https:\/\/www.raschvin.com\/sv\/wp-json\/wp\/v2\/product_brand?post=105024"},{"taxonomy":"product_cat","embeddable":true,"href":"https:\/\/www.raschvin.com\/sv\/wp-json\/wp\/v2\/product_cat?post=105024"},{"taxonomy":"product_tag","embeddable":true,"href":"https:\/\/www.raschvin.com\/sv\/wp-json\/wp\/v2\/product_tag?post=105024"}],"curies":[{"name":"wp","href":"https:\/\/api.w.org\/{rel}","templated":true}]}}