{"id":104840,"date":"2025-11-09T10:49:15","date_gmt":"2025-11-09T09:49:15","guid":{"rendered":"https:\/\/www.raschvin.com\/?post_type=product&#038;p=104840"},"modified":"2025-11-09T10:53:55","modified_gmt":"2025-11-09T09:53:55","slug":"oban-12-years-heart-of-the-harbor-special-release-2025-70-cl-547-kopier","status":"publish","type":"product","link":"https:\/\/www.raschvin.com\/sv\/produkt\/oban-12-years-heart-of-the-harbor-special-release-2025-70-cl-547-kopier\/","title":{"rendered":"Lagavulin 12 Years Grain &#038; Embers Special Release 2025 70 cl. 56,5%"},"content":{"rendered":"<p data-start=\"1209\" data-end=\"1910\"><em data-start=\"1209\" data-end=\"1225\">Grain &amp; Embers<\/em> f\u00e5ngar Lagavulin i sin mest \u00e4rliga form: kornets ljusa s\u00f6tma m\u00f6ter gl\u00f6dande torvr\u00f6k, kol och salt havsbris. Stilen \u00e4r stram och fokuserad\u2014en destillatdriven Islay d\u00e4r r\u00f6ken talar klart utan tungt fatp\u00e5slag. Doften bjuder p\u00e5 intensiv torvr\u00f6k och varm aska med citronskal, t\u00e5ng och en mild ton av vanilj och honung. Smaken \u00e4r torr och energisk: tj\u00e4ra, kol och r\u00f6k rullar \u00f6ver kornig s\u00f6tma, citrusolja och diskret vanilj; med n\u00e5gra droppar vatten \u00f6ppnar sig grillad citron, lakritsrot och ren, marin mineralitet. Eftersmaken \u00e4r l\u00e5ng, askig och salt med pepprig v\u00e4rme och en gl\u00f6d av malt som dr\u00f6jer kvar. En kompromissl\u00f6s Lagavulin p\u00e5 fatstyrka f\u00f6r dig som vill ha Islay helt utan filter.<\/p>\n<p data-start=\"1912\" data-end=\"2229\"><strong data-start=\"1912\" data-end=\"1938\">Servering &amp; matchning:<\/strong> Njut neat i tulpanformat glas; lite vatten lyfter citrus och malt. Suver\u00e4n till ostron med citron, r\u00f6kt lax, lagrade h\u00e5rdostar eller m\u00f6rk choklad 70\u201380 %.<br data-start=\"2093\" data-end=\"2096\" \/><strong data-start=\"2096\" data-end=\"2111\">Kort fakta:<\/strong> Islay \u2022 Single Malt \u2022 12 \u00e5r \u2022 R\u00f6kig, marin, torr och citrusdriven \u2022 Cask strength \u2022 Special Release 2025 (begr\u00e4nsad).<\/p>\n","protected":false},"excerpt":{"rendered":"<p>Single Malt Scotch Whisky<\/p>\n","protected":false},"featured_media":104874,"template":"","meta":{"_acf_changed":false,"rs_blank_template":"","rs_page_bg_color":"","slide_template_v7":""},"product_brand":[],"product_cat":[2387,4651,2392],"product_tag":[],"class_list":{"0":"post-104840","1":"product","2":"type-product","3":"status-publish","4":"has-post-thumbnail","6":"product_cat-avec-sv","7":"product_cat-single-malt-sv","8":"product_cat-whisky-sv","9":"pa_aargang-2025-sv","10":"pa_champagne-type-cask-strength-sv","11":"pa_land-skottland","12":"pa_procent-56-5-sv","13":"pa_producent-caol-ila-sv","14":"pa_region-islay-sv","15":"pa_volume-70-sv-2","17":"first","18":"instock","19":"taxable","20":"shipping-taxable","21":"purchasable","22":"product-type-simple"},"bundled_by":[],"bundle_stock_status":"instock","bundle_stock_quantity":null,"bundle_virtual":false,"bundle_layout":"","bundle_add_to_cart_form_location":"","bundle_editable_in_cart":false,"bundle_sold_individually_context":"","bundle_item_grouping":"","bundle_min_size":"","bundle_max_size":"","bundle_price":[],"bundled_items":[],"bundle_sell_ids":[],"acf":[],"_links":{"self":[{"href":"https:\/\/www.raschvin.com\/sv\/wp-json\/wp\/v2\/product\/104840","targetHints":{"allow":["GET"]}}],"collection":[{"href":"https:\/\/www.raschvin.com\/sv\/wp-json\/wp\/v2\/product"}],"about":[{"href":"https:\/\/www.raschvin.com\/sv\/wp-json\/wp\/v2\/types\/product"}],"wp:featuredmedia":[{"embeddable":true,"href":"https:\/\/www.raschvin.com\/sv\/wp-json\/wp\/v2\/media\/104874"}],"wp:attachment":[{"href":"https:\/\/www.raschvin.com\/sv\/wp-json\/wp\/v2\/media?parent=104840"}],"wp:term":[{"taxonomy":"product_brand","embeddable":true,"href":"https:\/\/www.raschvin.com\/sv\/wp-json\/wp\/v2\/product_brand?post=104840"},{"taxonomy":"product_cat","embeddable":true,"href":"https:\/\/www.raschvin.com\/sv\/wp-json\/wp\/v2\/product_cat?post=104840"},{"taxonomy":"product_tag","embeddable":true,"href":"https:\/\/www.raschvin.com\/sv\/wp-json\/wp\/v2\/product_tag?post=104840"}],"curies":[{"name":"wp","href":"https:\/\/api.w.org\/{rel}","templated":true}]}}