{"id":104828,"date":"2025-11-09T10:17:45","date_gmt":"2025-11-09T09:17:45","guid":{"rendered":"https:\/\/www.raschvin.com\/?post_type=product&#038;p=104828"},"modified":"2025-11-09T10:23:08","modified_gmt":"2025-11-09T09:23:08","slug":"roseisle-14-years-harmonic-grace-special-release-2025-70-cl-559-kopier","status":"publish","type":"product","link":"https:\/\/www.raschvin.com\/sv\/produkt\/roseisle-14-years-harmonic-grace-special-release-2025-70-cl-559-kopier\/","title":{"rendered":"The Singleton Glen Ord 17 Years Into the Blue Special Release 2025 70 cl. 55%"},"content":{"rendered":"<p data-start=\"62\" data-end=\"906\"><em data-start=\"62\" data-end=\"77\">Into the Blue<\/em> visar Glen Ord fr\u00e5n en dj\u00e4rvare sida: tv\u00e5 uttryck m\u00f6ts\u2014en andel som f\u00e5tt en elegant efterlagring p\u00e5 mexikanska ex-mezcalfat och en andel som fortsatt vila p\u00e5 second-fill spanska sherryfat. Tillsammans ger de en 17-\u00e5rig single malt d\u00e4r destilleriets rena frukt lyfts av subtil, \u00f6rtig r\u00f6k och kryddig v\u00e4rme, buteljerad vid 55,5 % f\u00f6r att f\u00e5nga hela registret. Doften \u00e4r mild och inbjudande med ljusa kryddor, gr\u00f6na \u00f6rttoner, russin och bakad citrus. Smaken \u00e4r silkeslen och balanserar s\u00f6tma och l\u00e4tt s\u00e4lta med ingef\u00e4rskrydda, torkad frukt och kakao fr\u00e5n sherryfaten, medan mezcalinslaget bidrar med en diskret, agave-gr\u00f6n nerv. N\u00e5gra droppar vatten \u00f6ppnar upp vanilj, citrus och en n\u00f6tig nyans utan att rubba helheten. Eftersmaken \u00e4r l\u00e5ng och harmonisk med vitpeppar, toner av rostad malt och en frisk mineralitet som dr\u00f6jer kvar.<\/p>\n<p data-start=\"908\" data-end=\"1109\"><strong data-start=\"908\" data-end=\"934\">Servering &amp; matchning:<\/strong> Njut neat i tulpanformat glas eller med ett par droppar vatten. Passar fint till lagrade h\u00e5rdostar, grillad majs med sm\u00f6r och chili, r\u00f6kt lax eller m\u00f6rk choklad kring 70 %.<\/p>\n<p data-start=\"1111\" data-end=\"1247\"><strong data-start=\"1111\" data-end=\"1126\">Kort fakta:<\/strong> Highlands\/Speyside \u2022 17 \u00e5r \u2022 Ex-mezcal &amp; second-fill sherry \u2022 55,5 % (cask strength) \u2022 Begr\u00e4nsad <em data-start=\"1224\" data-end=\"1246\">Special Release 2025<\/em>.<\/p>\n","protected":false},"excerpt":{"rendered":"<p>Single Malt Scotch Whisky<\/p>\n","protected":false},"featured_media":104883,"template":"","meta":{"_acf_changed":false,"rs_blank_template":"","rs_page_bg_color":"","slide_template_v7":""},"product_brand":[],"product_cat":[2387,4651,2392],"product_tag":[],"class_list":{"0":"post-104828","1":"product","2":"type-product","3":"status-publish","4":"has-post-thumbnail","6":"product_cat-avec-sv","7":"product_cat-single-malt-sv","8":"product_cat-whisky-sv","9":"pa_aargang-2025-sv","10":"pa_champagne-type-cask-strength-sv","11":"pa_land-skottland","12":"pa_procent-55-sv","13":"pa_producent-glen-ord-distillery-sv","14":"pa_region-highland-sv","15":"pa_volume-70-sv-2","17":"first","18":"instock","19":"taxable","20":"shipping-taxable","21":"purchasable","22":"product-type-simple"},"bundled_by":[],"bundle_stock_status":"instock","bundle_stock_quantity":null,"bundle_virtual":false,"bundle_layout":"","bundle_add_to_cart_form_location":"","bundle_editable_in_cart":false,"bundle_sold_individually_context":"","bundle_item_grouping":"","bundle_min_size":"","bundle_max_size":"","bundle_price":[],"bundled_items":[],"bundle_sell_ids":[],"acf":[],"_links":{"self":[{"href":"https:\/\/www.raschvin.com\/sv\/wp-json\/wp\/v2\/product\/104828","targetHints":{"allow":["GET"]}}],"collection":[{"href":"https:\/\/www.raschvin.com\/sv\/wp-json\/wp\/v2\/product"}],"about":[{"href":"https:\/\/www.raschvin.com\/sv\/wp-json\/wp\/v2\/types\/product"}],"wp:featuredmedia":[{"embeddable":true,"href":"https:\/\/www.raschvin.com\/sv\/wp-json\/wp\/v2\/media\/104883"}],"wp:attachment":[{"href":"https:\/\/www.raschvin.com\/sv\/wp-json\/wp\/v2\/media?parent=104828"}],"wp:term":[{"taxonomy":"product_brand","embeddable":true,"href":"https:\/\/www.raschvin.com\/sv\/wp-json\/wp\/v2\/product_brand?post=104828"},{"taxonomy":"product_cat","embeddable":true,"href":"https:\/\/www.raschvin.com\/sv\/wp-json\/wp\/v2\/product_cat?post=104828"},{"taxonomy":"product_tag","embeddable":true,"href":"https:\/\/www.raschvin.com\/sv\/wp-json\/wp\/v2\/product_tag?post=104828"}],"curies":[{"name":"wp","href":"https:\/\/api.w.org\/{rel}","templated":true}]}}