{"id":104669,"date":"2025-11-08T13:36:48","date_gmt":"2025-11-08T12:36:48","guid":{"rendered":"https:\/\/www.raschvin.com\/?post_type=product&#038;p=104669"},"modified":"2025-11-08T13:42:21","modified_gmt":"2025-11-08T12:42:21","slug":"michael-david-lust-zinfandel-lodi-2019-75-cl-kopier","status":"publish","type":"product","link":"https:\/\/www.raschvin.com\/sv\/produkt\/michael-david-lust-zinfandel-lodi-2019-75-cl-kopier\/","title":{"rendered":"Michael David Rapture Cabernet Sauvignon Lodi 2022 75 cl."},"content":{"rendered":"<p data-start=\"1577\" data-end=\"1783\"><strong data-start=\"1577\" data-end=\"1632\">AMERICAN WINERY OF THE YEAR 2020 \u2013 Wine Enthusiast!<\/strong><br data-start=\"1632\" data-end=\"1635\" \/><em data-start=\"1635\" data-end=\"1644\">Rapture<\/em>\u2014ett namn som b\u00e4st \u00f6vers\u00e4tts med \u201dextas\u201d eller \u201dh\u00e4nryckning\u201d\u2014passar utm\u00e4rkt f\u00f6r detta kraftfulla och saftiga vin som l\u00e4tt golvar de flesta.<\/p>\n<p data-start=\"1785\" data-end=\"1862\"><strong data-start=\"1785\" data-end=\"1801\">Passar till:<\/strong> Biff, stekar, kraftiga ostar<br data-start=\"1830\" data-end=\"1833\" \/><strong data-start=\"1833\" data-end=\"1842\">Stil:<\/strong> Saftigt och fylligt<\/p>\n<p data-start=\"1864\" data-end=\"2121\">Rapture representerar det b\u00e4sta av Cabernet Sauvignon fr\u00e5n Michael David Winery. I likhet med Bordeaux premier cru g\u00f6rs Rapture endast i utvalda \u00e5rg\u00e5ngar. Ett sublimt vin med f\u00f6rf\u00f6riska smaker av svarta vinb\u00e4r, choklad, vanilj och en aning krydda fr\u00e5n eken.<\/p>\n<p data-start=\"2123\" data-end=\"2217\">Njut till exempel till vilt, n\u00f6tstek eller lagrade ostar.<br data-start=\"2180\" data-end=\"2183\" \/><strong data-start=\"2183\" data-end=\"2208\">Serveringstemperatur:<\/strong> 16\u201318 \u00b0C<\/p>\n<h3 data-start=\"2219\" data-end=\"2235\">Tillverkning<\/h3>\n<p data-start=\"2236\" data-end=\"2376\">Gjort p\u00e5 Cabernet Sauvignon-druvor med en liten andel Petite Sirah. Efter j\u00e4sning har vinet lagrats i 18 m\u00e5nader p\u00e5 100 % nya franska ekfat.<\/p>\n<h3 data-start=\"2378\" data-end=\"2396\">Om producenten<\/h3>\n<p data-start=\"2397\" data-end=\"2451\"><strong data-start=\"2397\" data-end=\"2451\">AMERICAN WINERY OF THE YEAR 2020 \u2013 Wine Enthusiast<\/strong><\/p>\n<p data-start=\"2453\" data-end=\"2804\">Br\u00f6derna Michael och David Phillips h\u00e4rstammar fr\u00e5n en familj av lantbrukare som har odlat vindruvor i Lodi i Kalifornien i snart ett sekel. Idag har familjef\u00f6retaget ut\u00f6kats med sj\u00e4tte generationen: Kevin Phillips och Melissa Phillips Stroud. Familjen f\u00f6r traditionen vidare och producerar viner av h\u00f6g kvalitet med i\u00f6gonfallande och unika etiketter.<\/p>\n<p data-start=\"2806\" data-end=\"3110\" data-is-last-node=\"\" data-is-only-node=\"\">Michael David Winery bedriver jordbruk med respekt f\u00f6r kommande generationer och har inf\u00f6rt n\u00e5gra av de mest progressiva och h\u00e5llbara odlingsmetoderna i Kalifornien. Familjen odlar 300 hektar vinmarker, och fr\u00e5n och med \u00e5rg\u00e5ng 2011 \u00e4r alla Lodi-druvor fr\u00e5n Michael David Winery certifierade som h\u00e5llbara.<\/p>\n","protected":false},"excerpt":{"rendered":"<p>Michael David Winery USA<\/p>\n","protected":false},"featured_media":104707,"template":"","meta":{"_acf_changed":false,"rs_blank_template":"","rs_page_bg_color":"","slide_template_v7":""},"product_brand":[],"product_cat":[2788,2798],"product_tag":[],"class_list":{"0":"post-104669","1":"product","2":"type-product","3":"status-publish","4":"has-post-thumbnail","6":"product_cat-vin-sv","7":"product_cat-roedvin-sv","8":"pa_aargang-2022-sv","9":"pa_drue-cabernet-sauvignon-sv","10":"pa_drue-petite-sirah-sv","11":"pa_land-usa-sv","12":"pa_procent-15-5-sv","13":"pa_producent-michael-david-winery-sv","14":"pa_region-lodi-sv","15":"pa_serveringstemperatur-16-18-sv","16":"pa_traefad-american-oak-sv","17":"pa_volume-75-sv","19":"first","20":"instock","21":"taxable","22":"shipping-taxable","23":"purchasable","24":"product-type-simple"},"bundled_by":[],"bundle_stock_status":"instock","bundle_stock_quantity":null,"bundle_virtual":false,"bundle_layout":"","bundle_add_to_cart_form_location":"","bundle_editable_in_cart":false,"bundle_sold_individually_context":"","bundle_item_grouping":"","bundle_min_size":"","bundle_max_size":"","bundle_price":[],"bundled_items":[],"bundle_sell_ids":[],"acf":[],"_links":{"self":[{"href":"https:\/\/www.raschvin.com\/sv\/wp-json\/wp\/v2\/product\/104669","targetHints":{"allow":["GET"]}}],"collection":[{"href":"https:\/\/www.raschvin.com\/sv\/wp-json\/wp\/v2\/product"}],"about":[{"href":"https:\/\/www.raschvin.com\/sv\/wp-json\/wp\/v2\/types\/product"}],"wp:featuredmedia":[{"embeddable":true,"href":"https:\/\/www.raschvin.com\/sv\/wp-json\/wp\/v2\/media\/104707"}],"wp:attachment":[{"href":"https:\/\/www.raschvin.com\/sv\/wp-json\/wp\/v2\/media?parent=104669"}],"wp:term":[{"taxonomy":"product_brand","embeddable":true,"href":"https:\/\/www.raschvin.com\/sv\/wp-json\/wp\/v2\/product_brand?post=104669"},{"taxonomy":"product_cat","embeddable":true,"href":"https:\/\/www.raschvin.com\/sv\/wp-json\/wp\/v2\/product_cat?post=104669"},{"taxonomy":"product_tag","embeddable":true,"href":"https:\/\/www.raschvin.com\/sv\/wp-json\/wp\/v2\/product_tag?post=104669"}],"curies":[{"name":"wp","href":"https:\/\/api.w.org\/{rel}","templated":true}]}}