{"id":104423,"date":"2025-11-06T08:42:06","date_gmt":"2025-11-06T07:42:06","guid":{"rendered":"https:\/\/www.raschvin.com\/?post_type=product&#038;p=104423"},"modified":"2025-11-06T08:45:51","modified_gmt":"2025-11-06T07:45:51","slug":"amaro-averna-70-cl-29-kopier","status":"publish","type":"product","link":"https:\/\/www.raschvin.com\/sv\/produkt\/amaro-averna-70-cl-29-kopier\/","title":{"rendered":"Amaro Averna 3 cl. (Tasting Sample) 29%"},"content":{"rendered":"<p>Averna har en munf\u00e4rg och bittersweet smak som b\u00e4r tips av apelsin och lakrits, balanserad med mord, enb\u00e4r, rosmarin och salvia. Det stimulerar sinnena och transporterar dig omedelbart till \u00f6n och g\u00f6r Averna inte bara f\u00f6r en Amaro, utan till en autentisk siciliansk upplevelse.<\/p>\n<p>F\u00f6r sicilierna \u00e4r en m\u00e5ltid avsedd att avnjutas, det \u00e4r aldrig en hastig h\u00e4ndelse.<br \/>\nDe l\u00e5ngsiktiga stunderna efter en delad m\u00e5ltid \u00e4r den perfekta tiden att luta sig tillbaka och dela historier.<br \/>\nAverna till\u00e5ter oss att uppleva upplyftande stunder med v\u00e4rme och anslutning och njut av kvalitetstid tillsammans.<\/p>\n","protected":false},"excerpt":{"rendered":"<p>Siciliano<\/p>\n","protected":false},"featured_media":106012,"template":"","meta":{"_acf_changed":false,"rs_blank_template":"","rs_page_bg_color":"","slide_template_v7":""},"product_brand":[],"product_cat":[8863,8625],"product_tag":[],"class_list":{"0":"post-104423","1":"product","2":"type-product","3":"status-publish","4":"has-post-thumbnail","6":"product_cat-bitter-smakprove","7":"product_cat-samples-sv","8":"pa_land-italien-sv","9":"pa_procent-29-sv","10":"pa_producent-lucano-sv","11":"pa_volume-3-sv","13":"first","14":"instock","15":"taxable","16":"shipping-taxable","17":"purchasable","18":"product-type-simple"},"bundled_by":[],"bundle_stock_status":"instock","bundle_stock_quantity":null,"bundle_virtual":false,"bundle_layout":"","bundle_add_to_cart_form_location":"","bundle_editable_in_cart":false,"bundle_sold_individually_context":"","bundle_item_grouping":"","bundle_min_size":"","bundle_max_size":"","bundle_price":[],"bundled_items":[],"bundle_sell_ids":[],"acf":[],"_links":{"self":[{"href":"https:\/\/www.raschvin.com\/sv\/wp-json\/wp\/v2\/product\/104423","targetHints":{"allow":["GET"]}}],"collection":[{"href":"https:\/\/www.raschvin.com\/sv\/wp-json\/wp\/v2\/product"}],"about":[{"href":"https:\/\/www.raschvin.com\/sv\/wp-json\/wp\/v2\/types\/product"}],"wp:featuredmedia":[{"embeddable":true,"href":"https:\/\/www.raschvin.com\/sv\/wp-json\/wp\/v2\/media\/106012"}],"wp:attachment":[{"href":"https:\/\/www.raschvin.com\/sv\/wp-json\/wp\/v2\/media?parent=104423"}],"wp:term":[{"taxonomy":"product_brand","embeddable":true,"href":"https:\/\/www.raschvin.com\/sv\/wp-json\/wp\/v2\/product_brand?post=104423"},{"taxonomy":"product_cat","embeddable":true,"href":"https:\/\/www.raschvin.com\/sv\/wp-json\/wp\/v2\/product_cat?post=104423"},{"taxonomy":"product_tag","embeddable":true,"href":"https:\/\/www.raschvin.com\/sv\/wp-json\/wp\/v2\/product_tag?post=104423"}],"curies":[{"name":"wp","href":"https:\/\/api.w.org\/{rel}","templated":true}]}}