{"id":104283,"date":"2025-11-05T08:22:22","date_gmt":"2025-11-05T07:22:22","guid":{"rendered":"https:\/\/www.raschvin.com\/?post_type=product&#038;p=104283"},"modified":"2025-11-05T08:24:40","modified_gmt":"2025-11-05T07:24:40","slug":"verano-passion-fruit-gin-70-cl-40-kopier","status":"publish","type":"product","link":"https:\/\/www.raschvin.com\/sv\/produkt\/verano-passion-fruit-gin-70-cl-40-kopier\/","title":{"rendered":"Verano Passion Fruit Gin 3 cl. (Tasting Sample) 40%"},"content":{"rendered":"<p>Dags att l\u00e4gga till en skv\u00e4tt tropisk smak till dina gincocktails, tack vare denna livfulla passionsfruktvariant fr\u00e5n Verano-sortimentet! Den har infunderats med frukten med samma namn, s\u00e5 det finns massor av syrlig fruktighet att njuta av. Dags att l\u00e4gga till en skv\u00e4tt tropisk smak till dina gincocktails, tack vare denna livfulla passionsfruktvariant fr\u00e5n Verano-sortimentet! Den har infunderats med frukten med samma namn, s\u00e5 det finns massor av syrlig fruktighet att njuta av.<\/p>\n<p>Syrig och s\u00f6t passionsfrukt, med v\u00e5gor av tropisk frukt, enb\u00e4r och citronskal.<\/p>\n","protected":false},"excerpt":{"rendered":"<p>Spanish Inspired Flavoured Gin<\/p>\n","protected":false},"featured_media":106017,"template":"","meta":{"_acf_changed":false,"rs_blank_template":"","rs_page_bg_color":"","slide_template_v7":""},"product_brand":[],"product_cat":[8830,8625],"product_tag":[],"class_list":{"0":"post-104283","1":"product","2":"type-product","3":"status-publish","4":"has-post-thumbnail","6":"product_cat-gin-smakprove","7":"product_cat-samples-sv","8":"pa_land-skottland","9":"pa_procent-40-sv-2","10":"pa_producent-william-grants-sons-sv","11":"pa_region-speyside-sv","12":"pa_volume-3-sv","14":"first","15":"instock","16":"taxable","17":"shipping-taxable","18":"purchasable","19":"product-type-simple"},"bundled_by":[],"bundle_stock_status":"instock","bundle_stock_quantity":null,"bundle_virtual":false,"bundle_layout":"","bundle_add_to_cart_form_location":"","bundle_editable_in_cart":false,"bundle_sold_individually_context":"","bundle_item_grouping":"","bundle_min_size":"","bundle_max_size":"","bundle_price":[],"bundled_items":[],"bundle_sell_ids":[],"acf":[],"_links":{"self":[{"href":"https:\/\/www.raschvin.com\/sv\/wp-json\/wp\/v2\/product\/104283","targetHints":{"allow":["GET"]}}],"collection":[{"href":"https:\/\/www.raschvin.com\/sv\/wp-json\/wp\/v2\/product"}],"about":[{"href":"https:\/\/www.raschvin.com\/sv\/wp-json\/wp\/v2\/types\/product"}],"wp:featuredmedia":[{"embeddable":true,"href":"https:\/\/www.raschvin.com\/sv\/wp-json\/wp\/v2\/media\/106017"}],"wp:attachment":[{"href":"https:\/\/www.raschvin.com\/sv\/wp-json\/wp\/v2\/media?parent=104283"}],"wp:term":[{"taxonomy":"product_brand","embeddable":true,"href":"https:\/\/www.raschvin.com\/sv\/wp-json\/wp\/v2\/product_brand?post=104283"},{"taxonomy":"product_cat","embeddable":true,"href":"https:\/\/www.raschvin.com\/sv\/wp-json\/wp\/v2\/product_cat?post=104283"},{"taxonomy":"product_tag","embeddable":true,"href":"https:\/\/www.raschvin.com\/sv\/wp-json\/wp\/v2\/product_tag?post=104283"}],"curies":[{"name":"wp","href":"https:\/\/api.w.org\/{rel}","templated":true}]}}