{"id":104014,"date":"2025-11-04T15:16:53","date_gmt":"2025-11-04T14:16:53","guid":{"rendered":"https:\/\/www.raschvin.com\/produkt\/sassicaia-tenuta-san-guido-2022-75-cl\/"},"modified":"2025-11-04T15:16:53","modified_gmt":"2025-11-04T14:16:53","slug":"sassicaia-tenuta-san-guido-2022-75-cl","status":"publish","type":"product","link":"https:\/\/www.raschvin.com\/sv\/produkt\/sassicaia-tenuta-san-guido-2022-75-cl\/","title":{"rendered":"Sassicaia Tenuta San Guido 2022 75 cl."},"content":{"rendered":"<p data-start=\"107\" data-end=\"592\">taliens mest ber\u00f6mda vin \u2013 och det f\u00f6rsta att f\u00e5 de magiska 100 po\u00e4ngen fr\u00e5n sj\u00e4lvaste Robert Parker. Sassicaia \u00e4r en ikon inom italiensk vinproduktion och har satt standarden f\u00f6r vad som \u00e4r m\u00f6jligt med Cabernet Sauvignon och Cabernet Franc \u2013 tv\u00e5 druvor som trivs f\u00f6rv\u00e5nansv\u00e4rt v\u00e4l i den italienska v\u00e4rmen. Sassicaia blev dessutom den f\u00f6rsta vinen i Italien att f\u00e5 en helt egen DOC-status: <strong data-start=\"498\" data-end=\"524\">Bolgheri Sassicaia DOC<\/strong>. En od\u00f6dlig klassiker som <strong data-start=\"551\" data-end=\"560\">m\u00e5ste<\/strong> ing\u00e5 i varje Fine Wine-samling.<\/p>\n<p data-start=\"594\" data-end=\"1048\">Tenuta San Guido ligger vackert vid Toscanas kust, d\u00e4r steniga, v\u00e4ldr\u00e4nerade jordar och ett maritimt klimat skapar perfekta f\u00f6ruts\u00e4ttningar f\u00f6r vin i absolut v\u00e4rldsklass. Namnet Sassicaia betyder \u201dstenig jord\u201d och speglar ving\u00e5rdarnas unika terroir som bidrar till vinets karakteristiska mineralitet och elegans. Vinstockarna sk\u00f6ts med stor precision och respekt f\u00f6r naturen, och l\u00e5ga sk\u00f6rdeuttag s\u00e4kerst\u00e4ller optimal koncentration och balans i druvorna.<\/p>\n<p data-start=\"1050\" data-end=\"1597\">Vinet framst\u00e4lls med kompromissl\u00f6s kvalitetsfokus: druvorna handplockas och selekteras noggrant, j\u00e4sningen sker i temperaturkontrollerade st\u00e5ltankar och d\u00e4refter f\u00f6ljer omkring 24 m\u00e5naders lagring p\u00e5 franska ekfat som tillf\u00f6r komplexitet och finess. Resultatet \u00e4r en harmonisk helhet d\u00e4r djup, struktur och elegans f\u00f6renas i lager av m\u00f6rka b\u00e4r, svarta vinb\u00e4r, cedertr\u00e4, grafit och subtila kryddor. De silkeslena tanninerna och den anm\u00e4rkningsv\u00e4rda fr\u00e4sch\u00f6ren ger ett imponerande lagrings\u00adpotential \u2013 en Sassicaia utvecklas vackert under \u00e5rtionden.<\/p>\n<p data-start=\"1599\" data-end=\"1962\">Sassicaia \u00e4r mer \u00e4n ett vin \u2013 det \u00e4r en ber\u00e4ttelse om passion, innovation och tradition. Fr\u00e5n att i m\u00e5nga \u00e5r ha varit ett familjevin f\u00f6r Incisa della Rocchetta har det vuxit till en av v\u00e4rldens mest erk\u00e4nda och eftertraktade etiketter. Varje \u00e5rg\u00e5ng erbjuder en ny tolkning av Bolgheris unika terroir och bef\u00e4ster Sassicaias status som en sann legend i vinv\u00e4rlden.<\/p>\n","protected":false},"excerpt":{"rendered":"<p>Bolgheri Sassicaia &#8211; Italy<\/p>\n","protected":false},"featured_media":104097,"template":"","meta":{"_acf_changed":false,"rs_blank_template":"","rs_page_bg_color":"","slide_template_v7":""},"product_brand":[],"product_cat":[7705,2788,2798],"product_tag":[],"class_list":{"0":"post-104014","1":"product","2":"type-product","3":"status-publish","4":"has-post-thumbnail","6":"product_cat-fine-wine-sv","7":"product_cat-vin-sv","8":"product_cat-roedvin-sv","9":"pa_aargang-2022-sv","10":"pa_drue-cabernet-franc-sv","11":"pa_drue-cabernet-sauvignon-sv","12":"pa_land-italien-sv","13":"pa_procent-14-sv","14":"pa_producent-san-guido-sv","15":"pa_region-toscana-sv","16":"pa_serveringstemperatur-18-20-sv","17":"pa_volume-75-sv","19":"first","20":"instock","21":"taxable","22":"shipping-taxable","23":"purchasable","24":"product-type-simple"},"bundled_by":[],"bundle_stock_status":"instock","bundle_stock_quantity":null,"bundle_virtual":false,"bundle_layout":"","bundle_add_to_cart_form_location":"","bundle_editable_in_cart":false,"bundle_sold_individually_context":"","bundle_item_grouping":"","bundle_min_size":"","bundle_max_size":"","bundle_price":[],"bundled_items":[],"bundle_sell_ids":[],"acf":[],"_links":{"self":[{"href":"https:\/\/www.raschvin.com\/sv\/wp-json\/wp\/v2\/product\/104014","targetHints":{"allow":["GET"]}}],"collection":[{"href":"https:\/\/www.raschvin.com\/sv\/wp-json\/wp\/v2\/product"}],"about":[{"href":"https:\/\/www.raschvin.com\/sv\/wp-json\/wp\/v2\/types\/product"}],"wp:featuredmedia":[{"embeddable":true,"href":"https:\/\/www.raschvin.com\/sv\/wp-json\/wp\/v2\/media\/104097"}],"wp:attachment":[{"href":"https:\/\/www.raschvin.com\/sv\/wp-json\/wp\/v2\/media?parent=104014"}],"wp:term":[{"taxonomy":"product_brand","embeddable":true,"href":"https:\/\/www.raschvin.com\/sv\/wp-json\/wp\/v2\/product_brand?post=104014"},{"taxonomy":"product_cat","embeddable":true,"href":"https:\/\/www.raschvin.com\/sv\/wp-json\/wp\/v2\/product_cat?post=104014"},{"taxonomy":"product_tag","embeddable":true,"href":"https:\/\/www.raschvin.com\/sv\/wp-json\/wp\/v2\/product_tag?post=104014"}],"curies":[{"name":"wp","href":"https:\/\/api.w.org\/{rel}","templated":true}]}}