{"id":104001,"date":"2025-11-04T14:06:28","date_gmt":"2025-11-04T13:06:28","guid":{"rendered":"https:\/\/www.raschvin.com\/?post_type=product&#038;p=104001"},"modified":"2025-11-04T14:11:39","modified_gmt":"2025-11-04T13:11:39","slug":"fanoe-silent-bite-apple-crumble-wheat-ale-50-cl-42-kopier","status":"publish","type":"product","link":"https:\/\/www.raschvin.com\/sv\/produkt\/fanoe-silent-bite-apple-crumble-wheat-ale-50-cl-42-kopier\/","title":{"rendered":"Fan\u00f8 Years Of Wheatwine 50 cl. 11,6%"},"content":{"rendered":"<p data-start=\"152\" data-end=\"219\"><strong data-start=\"152\" data-end=\"219\">Thyras Bryg \u00d7 Fan\u00f8 Bryghus \u2013 Wheatwine (vit portvinsfatslagrad)<\/strong><\/p>\n<p data-start=\"221\" data-end=\"613\">Vi anv\u00e4nder v\u00e5ra collabs som en chans att l\u00e4ra nytt. N\u00e4r Thyras Bryg och Fan\u00f8 Bryghus satte sig f\u00f6r att brygga v\u00e5r helt nya samarbets\u00f6l best\u00e4mde vi oss f\u00f6r att g\u00f6ra n\u00e5got ingen av oss tidigare hade gjort. Resultatet \u00e4r en elegant wheatwine som efter j\u00e4sning har f\u00e5tt vila i <strong data-start=\"495\" data-end=\"539\">ett och ett halvt \u00e5r p\u00e5 vita portvinsfat<\/strong> \u2013 samma typ av fat som vi anv\u00e4nder till v\u00e5r eftertraktade White Wedding.<\/p>\n<p data-start=\"615\" data-end=\"1063\">F\u00f6rv\u00e4nta dig en balanserad \u00f6l d\u00e4r fatlagringen tydligt s\u00e4tter sin pr\u00e4gel: toner av <strong data-start=\"698\" data-end=\"710\">vit port<\/strong>, <strong data-start=\"712\" data-end=\"721\">fikon<\/strong> och nygr\u00e4ddat franskt br\u00f6d m\u00f6ter en kropp som h\u00e5lls l\u00e4tt och sammetslen av vetemalten. Basen \u00e4r byggd p\u00e5 <strong data-start=\"827\" data-end=\"842\">Maris Otter<\/strong>, crystal-, melanoidin- och Cara Red-malt tillsammans med vetemalt; bryggd med <strong data-start=\"921\" data-end=\"937\">valsad havre<\/strong> f\u00f6r extra munk\u00e4nsla, diskret <strong data-start=\"967\" data-end=\"982\">bitterhumle<\/strong> f\u00f6r struktur och klassisk <strong data-start=\"1009\" data-end=\"1020\">alej\u00e4st<\/strong> som lyfter fram maltens och fatens aromer.<\/p>\n<p data-start=\"1065\" data-end=\"1211\"><strong data-start=\"1065\" data-end=\"1082\">Ingredienser:<\/strong> vatten, kornmalt, vetemalt, havre, humle, j\u00e4st.<br data-start=\"1130\" data-end=\"1133\" \/><strong data-start=\"1133\" data-end=\"1150\">N\u00e4ringsv\u00e4rde:<\/strong> 402 kJ\/96 kcal per 100 ml.<br data-start=\"1177\" data-end=\"1180\" \/><strong data-start=\"1180\" data-end=\"1194\">F\u00f6rvaring:<\/strong> m\u00f6rkt och svalt.<\/p>\n","protected":false},"excerpt":{"rendered":"<p>Fan\u00f8 Bryghus \u2013 Denmark<\/p>\n","protected":false},"featured_media":104106,"template":"","meta":{"_acf_changed":false,"rs_blank_template":"","rs_page_bg_color":"","slide_template_v7":""},"product_brand":[],"product_cat":[2802,2811,2801],"product_tag":[],"class_list":{"0":"post-104001","1":"product","2":"type-product","3":"status-publish","4":"has-post-thumbnail","6":"product_cat-ale-sv","7":"product_cat-veteoel","8":"product_cat-oel-sv","9":"pa_champagne-type-wheat-beer-sv","10":"pa_land-danmark-sv","11":"pa_region-fanoe-sv","12":"pa_serveringstemperatur-17-18-sv","13":"pa_volume-50-sv","15":"first","16":"instock","17":"taxable","18":"shipping-taxable","19":"purchasable","20":"product-type-simple"},"bundled_by":[],"bundle_stock_status":"instock","bundle_stock_quantity":null,"bundle_virtual":false,"bundle_layout":"","bundle_add_to_cart_form_location":"","bundle_editable_in_cart":false,"bundle_sold_individually_context":"","bundle_item_grouping":"","bundle_min_size":"","bundle_max_size":"","bundle_price":[],"bundled_items":[],"bundle_sell_ids":[],"acf":[],"_links":{"self":[{"href":"https:\/\/www.raschvin.com\/sv\/wp-json\/wp\/v2\/product\/104001","targetHints":{"allow":["GET"]}}],"collection":[{"href":"https:\/\/www.raschvin.com\/sv\/wp-json\/wp\/v2\/product"}],"about":[{"href":"https:\/\/www.raschvin.com\/sv\/wp-json\/wp\/v2\/types\/product"}],"wp:featuredmedia":[{"embeddable":true,"href":"https:\/\/www.raschvin.com\/sv\/wp-json\/wp\/v2\/media\/104106"}],"wp:attachment":[{"href":"https:\/\/www.raschvin.com\/sv\/wp-json\/wp\/v2\/media?parent=104001"}],"wp:term":[{"taxonomy":"product_brand","embeddable":true,"href":"https:\/\/www.raschvin.com\/sv\/wp-json\/wp\/v2\/product_brand?post=104001"},{"taxonomy":"product_cat","embeddable":true,"href":"https:\/\/www.raschvin.com\/sv\/wp-json\/wp\/v2\/product_cat?post=104001"},{"taxonomy":"product_tag","embeddable":true,"href":"https:\/\/www.raschvin.com\/sv\/wp-json\/wp\/v2\/product_tag?post=104001"}],"curies":[{"name":"wp","href":"https:\/\/api.w.org\/{rel}","templated":true}]}}