{"id":103957,"date":"2025-11-04T10:31:51","date_gmt":"2025-11-04T09:31:51","guid":{"rendered":"https:\/\/www.raschvin.com\/produkt\/girovago-primitivo-di-manduria-2022-75-cl\/"},"modified":"2025-11-04T10:31:51","modified_gmt":"2025-11-04T09:31:51","slug":"girovago-primitivo-di-manduria-2022-75-cl","status":"publish","type":"product","link":"https:\/\/www.raschvin.com\/sv\/produkt\/girovago-primitivo-di-manduria-2022-75-cl\/","title":{"rendered":"Girovago Primitivo Di Manduria 2022 75 cl."},"content":{"rendered":"<p data-start=\"181\" data-end=\"542\">Girovago Primitivo di Manduria \u00e4r ett syditalienskt kraftpaket gjort p\u00e5 druvan primitivo \u2013 druvan som i h\u00f6g grad har byggt upp Puglias rykte bland vin\u00e4lskare i Norden. Regionen Puglia och primitivo-druvan har l\u00e4nge varit trogna leverant\u00f6rer av viner med rej\u00e4l kraft, intensitet och en publikv\u00e4nlig stil som passar b\u00e5de svenska smakpreferenser och v\u00e5rt klimat.<\/p>\n<p data-start=\"544\" data-end=\"1007\">Manduria betraktas som epicentrum f\u00f6r de b\u00e4sta primitivo-vinerna i Italien. Denna DOP-klassificerade kvalitetsvinregion ligger p\u00e5 \u201dinsidan av klacken\u201d i den italienska st\u00f6veln, strax \u00f6ster om Taranto, och str\u00e4cker sig ett par mil l\u00e4ngs Joniska havet. H\u00e4r ger den magra jorden, det torra klimatet och den st\u00e4ndiga havsbrisen druvor med stor smakrikedom och koncentration. N\u00e4rheten till havet mildrar v\u00e4rmen och bidrar till att vinerna f\u00e5r b\u00e5de kraft och elegans.<\/p>\n<p data-start=\"1009\" data-end=\"1296\">Bakom vinets m\u00f6rka, intensiva f\u00e4rg d\u00f6ljer sig en fyllig doft och smak av mogna bj\u00f6rnb\u00e4r, s\u00f6ta mullb\u00e4r, bl\u00e5b\u00e4r och katrinplommon, toppat med en antydan av nyrostat espressokaffe. Frukten \u00e4r gener\u00f6s och mogen, och koncentrationen \u00e4r p\u00e5 en niv\u00e5 man annars hittar i betydligt dyrare viner.<\/p>\n<p data-start=\"1298\" data-end=\"1474\">Detta \u00e4r ett vin med stor kropp, rik smak och \u00e4nd\u00e5 en touch av finess. Strukturen \u00e4r v\u00e4lbalanserad och vinet \u00e4r l\u00e4tt att tycka om \u2013 ett glas som bjuder in snarare \u00e4n utmanar.<\/p>\n<p data-start=\"1476\" data-end=\"1718\">Avnjut Girovago Primitivo di Manduria till mustiga grytor, grillat k\u00f6tt eller ugnsstekta r\u00e4tter. Vinet \u00e4r drickf\u00e4rdigt redan nu, men kan utan problem lagras ett par \u00e5r f\u00f6r den som vill runda av tanninerna ytterligare. Serveras vid 15\u201317 \u00b0C.<\/p>\n","protected":false},"excerpt":{"rendered":"<p>Puglia &#8211; Italy<\/p>\n","protected":false},"featured_media":104160,"template":"","meta":{"_acf_changed":false,"rs_blank_template":"","rs_page_bg_color":"","slide_template_v7":""},"product_brand":[],"product_cat":[2788,2798],"product_tag":[],"class_list":{"0":"post-103957","1":"product","2":"type-product","3":"status-publish","4":"has-post-thumbnail","6":"product_cat-vin-sv","7":"product_cat-roedvin-sv","8":"pa_aargang-2022-sv","9":"pa_drue-primitivo-sv-2","10":"pa_land-italien-sv","11":"pa_procent-15-sv","12":"pa_producent-girovago-sv","13":"pa_region-puglia-sv","14":"pa_serveringstemperatur-15-17-sv","15":"pa_volume-75-sv","17":"first","18":"instock","19":"taxable","20":"shipping-taxable","21":"purchasable","22":"product-type-simple"},"bundled_by":[],"bundle_stock_status":"instock","bundle_stock_quantity":null,"bundle_virtual":false,"bundle_layout":"","bundle_add_to_cart_form_location":"","bundle_editable_in_cart":false,"bundle_sold_individually_context":"","bundle_item_grouping":"","bundle_min_size":"","bundle_max_size":"","bundle_price":[],"bundled_items":[],"bundle_sell_ids":[],"acf":[],"_links":{"self":[{"href":"https:\/\/www.raschvin.com\/sv\/wp-json\/wp\/v2\/product\/103957","targetHints":{"allow":["GET"]}}],"collection":[{"href":"https:\/\/www.raschvin.com\/sv\/wp-json\/wp\/v2\/product"}],"about":[{"href":"https:\/\/www.raschvin.com\/sv\/wp-json\/wp\/v2\/types\/product"}],"wp:featuredmedia":[{"embeddable":true,"href":"https:\/\/www.raschvin.com\/sv\/wp-json\/wp\/v2\/media\/104160"}],"wp:attachment":[{"href":"https:\/\/www.raschvin.com\/sv\/wp-json\/wp\/v2\/media?parent=103957"}],"wp:term":[{"taxonomy":"product_brand","embeddable":true,"href":"https:\/\/www.raschvin.com\/sv\/wp-json\/wp\/v2\/product_brand?post=103957"},{"taxonomy":"product_cat","embeddable":true,"href":"https:\/\/www.raschvin.com\/sv\/wp-json\/wp\/v2\/product_cat?post=103957"},{"taxonomy":"product_tag","embeddable":true,"href":"https:\/\/www.raschvin.com\/sv\/wp-json\/wp\/v2\/product_tag?post=103957"}],"curies":[{"name":"wp","href":"https:\/\/api.w.org\/{rel}","templated":true}]}}