{"id":103791,"date":"2025-11-03T16:35:42","date_gmt":"2025-11-03T15:35:42","guid":{"rendered":"https:\/\/www.raschvin.com\/?post_type=product&#038;p=103791"},"modified":"2025-11-03T16:38:16","modified_gmt":"2025-11-03T15:38:16","slug":"kavalan-concertmaster-port-cask-finish-70-cl-40-kopier","status":"publish","type":"product","link":"https:\/\/www.raschvin.com\/sv\/produkt\/kavalan-concertmaster-port-cask-finish-70-cl-40-kopier\/","title":{"rendered":"Kavalan Concertmaster Port Cask Finish 3 cl. (Tasting Sample) 40%"},"content":{"rendered":"<p>Kavalan Concertmaster \u00e4r en single malt whisky fr\u00e5n Taiwan. Concertmaster lagras f\u00f6rst p\u00e5 bourbonfat och f\u00e5r sedan en s\u00e5 kallad &#8221;finish&#8221; p\u00e5 olika typer av portvinsfat, inklusive Ruby, Tawny och Vintage portvin. Portvinslagringen ger ett extra lager av komplexitet till en whisky som redan har uppn\u00e5tt stor djup och mognad tack vare Taiwans tropiska klimat. F\u00e4rg: Djupt gyllene. Doft: Choklad, hallon och honung. Smaknoter: Guava, melon, agavesirap och ljus choklad.<\/p>\n<p>Serveringsf\u00f6rslag: B\u00f6r avnjutas rent.<\/p>\n<p>Grundat \u00e5r 2006 i Yilan County \u00e4r Kavalan Distillery Taiwans f\u00f6rsta och enda destilleri. Det tillh\u00f6r f\u00f6retaget &#8221;King Car&#8221;, som verkar inom olika omr\u00e5den som drycker, livsmedel, bioteknik, vattenbruk och mer. Destilleriet &#8221;Kavalan&#8221; \u00e4r uppkallat efter den inhemska stammen som f\u00f6rst slog sig ner i Yilan County. De huvudsakliga ingredienserna i whiskyn \u00e4r rent vatten som h\u00e4mtas fr\u00e5n k\u00e4llor i Centralbergen och den sn\u00f6t\u00e4ckta bergskedjan samt kornmalt fr\u00e5n Skottland, d\u00e5 det lokala fuktiga klimatet inte till\u00e5ter att det odlas d\u00e4r. Taiwansk whisky mognar annorlunda \u00e4n skotsk whisky p\u00e5 grund av det varma klimatet, vilket g\u00f6r att whiskyn absorberar ekens arom mycket snabbare. Tack vare \u00f6ns unika klimat kan tre \u00e5r gammal taiwansk whisky j\u00e4mf\u00f6ras med femton \u00e5r gammal skotsk whisky. I december 2008 lanserades den f\u00f6rsta flaskan &#8221;Kavalan&#8221; whisky. F\u00f6r lagring av whiskyn anv\u00e4nds olika typer av nya bourbon- och sherryfat samt \u00e5teranv\u00e4nda fat. Resultatet \u00e4r en whisky med en komplex bukett av blom- och fruktnoter.<\/p>\n","protected":false},"excerpt":{"rendered":"<p>Single Malt Whisky \u2013 Taiwan<\/p>\n","protected":false},"featured_media":103465,"template":"","meta":{"_acf_changed":false,"rs_blank_template":"","rs_page_bg_color":"","slide_template_v7":""},"product_brand":[],"product_cat":[8625,8822],"product_tag":[],"class_list":{"0":"post-103791","1":"product","2":"type-product","3":"status-publish","4":"has-post-thumbnail","6":"product_cat-samples-sv","7":"product_cat-whisky-smakprove","8":"pa_land-taiwan-sv","9":"pa_procent-40-sv-2","10":"pa_producent-king-car-distillery-sv","11":"pa_traefad-port-sv","12":"pa_volume-3-sv","14":"first","15":"instock","16":"taxable","17":"shipping-taxable","18":"purchasable","19":"product-type-simple"},"bundled_by":[],"bundle_stock_status":"instock","bundle_stock_quantity":null,"bundle_virtual":false,"bundle_layout":"","bundle_add_to_cart_form_location":"","bundle_editable_in_cart":false,"bundle_sold_individually_context":"","bundle_item_grouping":"","bundle_min_size":"","bundle_max_size":"","bundle_price":[],"bundled_items":[],"bundle_sell_ids":[],"acf":[],"_links":{"self":[{"href":"https:\/\/www.raschvin.com\/sv\/wp-json\/wp\/v2\/product\/103791","targetHints":{"allow":["GET"]}}],"collection":[{"href":"https:\/\/www.raschvin.com\/sv\/wp-json\/wp\/v2\/product"}],"about":[{"href":"https:\/\/www.raschvin.com\/sv\/wp-json\/wp\/v2\/types\/product"}],"wp:featuredmedia":[{"embeddable":true,"href":"https:\/\/www.raschvin.com\/sv\/wp-json\/wp\/v2\/media\/103465"}],"wp:attachment":[{"href":"https:\/\/www.raschvin.com\/sv\/wp-json\/wp\/v2\/media?parent=103791"}],"wp:term":[{"taxonomy":"product_brand","embeddable":true,"href":"https:\/\/www.raschvin.com\/sv\/wp-json\/wp\/v2\/product_brand?post=103791"},{"taxonomy":"product_cat","embeddable":true,"href":"https:\/\/www.raschvin.com\/sv\/wp-json\/wp\/v2\/product_cat?post=103791"},{"taxonomy":"product_tag","embeddable":true,"href":"https:\/\/www.raschvin.com\/sv\/wp-json\/wp\/v2\/product_tag?post=103791"}],"curies":[{"name":"wp","href":"https:\/\/api.w.org\/{rel}","templated":true}]}}