{"id":103780,"date":"2025-11-03T16:10:02","date_gmt":"2025-11-03T15:10:02","guid":{"rendered":"https:\/\/www.raschvin.com\/produkt\/planteray-hogo-monsta-barbados-extra-high-ester-rum-20-cl-566\/"},"modified":"2025-11-03T16:10:02","modified_gmt":"2025-11-03T15:10:02","slug":"planteray-hogo-monsta-barbados-extra-high-ester-rum-20-cl-566","status":"publish","type":"product","link":"https:\/\/www.raschvin.com\/sv\/produkt\/planteray-hogo-monsta-barbados-extra-high-ester-rum-20-cl-566\/","title":{"rendered":"Planteray Hogo Monsta Barbados Extra High Ester Rum 20 cl. 56,6%"},"content":{"rendered":"<p data-start=\"133\" data-end=\"557\">De kallar den \u201dblandarm\u00e4starens hemliga vapen\u201d. Och nej, vi pratar inte om din Vitamix, utan om master blendern p\u00e5 West Indies Rum Distillery. Du vet \u2013 personen som s\u00e4tter ihop den perfekta kombinationen av fat n\u00e4r en rom ska buteljeras. Det \u00e4r n\u00e4mligen s\u00e4llan man buteljerar ett enda fat som det \u00e4r \u2013 en romtappning \u00e4r n\u00e4stan alltid en blandning av flera fat \u2013 2, 5 eller kanske 25 olika \u2013 f\u00f6r att uppn\u00e5 den r\u00e4tta smaken.<\/p>\n<p data-start=\"559\" data-end=\"1101\">Det finns s\u00e5 m\u00e5nga faktorer som p\u00e5verkar en roms karakt\u00e4r: \u00e5lder, fat, j\u00e4sning\u2026 <em data-start=\"639\" data-end=\"663\">Plantation Hogo Monsta<\/em> \u00e4r att betrakta som ett koncentrat \u2013 en rom pressad till det extrema genom extra l\u00e5ng j\u00e4sning. Den kan anv\u00e4ndas i sm\u00e5 m\u00e4ngder f\u00f6r att tillf\u00f6ra komplexitet, djup och intensitet, men \u00e4r egentligen inte avsedd att drickas ren. Ha! Det har dock aldrig stoppat en sann romn\u00f6rd. F\u00f6r dem \u00e4r \u201dhemliga\u201d buteljeringar som denna otroligt sp\u00e4nnande att prova. Men det \u00e4r inget man bjuder grannen p\u00e5 n\u00e4r han tittar f\u00f6rbi f\u00f6r ett glas. Du \u00e4r varnad.<\/p>\n<p data-start=\"1103\" data-end=\"1423\"><strong data-start=\"1103\" data-end=\"1112\">F\u00e4rg:<\/strong> B\u00e4rnsten.<br data-start=\"1122\" data-end=\"1125\" \/><strong data-start=\"1125\" data-end=\"1134\">Doft:<\/strong> Massor av \u00f6vermogen tropisk frukt \u2013 ananas, banan och mango. Sj\u00e4lvklart \u00e4ven gott om lack, aceton och varma kryddor.<br data-start=\"1251\" data-end=\"1254\" \/><strong data-start=\"1254\" data-end=\"1263\">Smak:<\/strong> Inte riktigt lika vild som doften, men fortfarande ingen sn\u00e4ll rom. Relativt l\u00e4tt och eterisk munk\u00e4nsla, med kraftiga toner av exotisk frukt, lack och s\u00e4lta.<\/p>\n<p data-start=\"1425\" data-end=\"1480\"><strong data-start=\"1425\" data-end=\"1444\">Serveringstips:<\/strong> Testa n\u00e5gra droppar i en Mai Tai!<\/p>\n","protected":false},"excerpt":{"rendered":"<p>Artisanal Rum \u2013 Product of France<\/p>\n","protected":false},"featured_media":103945,"template":"","meta":{"_acf_changed":false,"rs_blank_template":"","rs_page_bg_color":"","slide_template_v7":""},"product_brand":[],"product_cat":[2387,4634,2391],"product_tag":[],"class_list":{"0":"post-103780","1":"product","2":"type-product","3":"status-publish","4":"has-post-thumbnail","6":"product_cat-avec-sv","7":"product_cat-premium-aged-sv","8":"product_cat-rom-sv","9":"pa_land-barbados-sv","10":"pa_procent-56-6-sv","11":"pa_producent-maison-ferrand-sv","12":"pa_volume-20-sv","14":"first","15":"outofstock","16":"taxable","17":"shipping-taxable","18":"purchasable","19":"product-type-simple"},"bundled_by":[],"bundle_stock_status":"outofstock","bundle_stock_quantity":null,"bundle_virtual":false,"bundle_layout":"","bundle_add_to_cart_form_location":"","bundle_editable_in_cart":false,"bundle_sold_individually_context":"","bundle_item_grouping":"","bundle_min_size":"","bundle_max_size":"","bundle_price":[],"bundled_items":[],"bundle_sell_ids":[],"acf":[],"_links":{"self":[{"href":"https:\/\/www.raschvin.com\/sv\/wp-json\/wp\/v2\/product\/103780","targetHints":{"allow":["GET"]}}],"collection":[{"href":"https:\/\/www.raschvin.com\/sv\/wp-json\/wp\/v2\/product"}],"about":[{"href":"https:\/\/www.raschvin.com\/sv\/wp-json\/wp\/v2\/types\/product"}],"wp:featuredmedia":[{"embeddable":true,"href":"https:\/\/www.raschvin.com\/sv\/wp-json\/wp\/v2\/media\/103945"}],"wp:attachment":[{"href":"https:\/\/www.raschvin.com\/sv\/wp-json\/wp\/v2\/media?parent=103780"}],"wp:term":[{"taxonomy":"product_brand","embeddable":true,"href":"https:\/\/www.raschvin.com\/sv\/wp-json\/wp\/v2\/product_brand?post=103780"},{"taxonomy":"product_cat","embeddable":true,"href":"https:\/\/www.raschvin.com\/sv\/wp-json\/wp\/v2\/product_cat?post=103780"},{"taxonomy":"product_tag","embeddable":true,"href":"https:\/\/www.raschvin.com\/sv\/wp-json\/wp\/v2\/product_tag?post=103780"}],"curies":[{"name":"wp","href":"https:\/\/api.w.org\/{rel}","templated":true}]}}