{"id":103776,"date":"2025-11-03T15:54:13","date_gmt":"2025-11-03T14:54:13","guid":{"rendered":"https:\/\/www.raschvin.com\/produkt\/glen-scotia-12-years-icons-of-campbeltown-release-no-3-the-culver-70-cl-517\/"},"modified":"2025-11-03T15:54:13","modified_gmt":"2025-11-03T14:54:13","slug":"glen-scotia-12-years-icons-of-campbeltown-release-no-3-the-culver-70-cl-517","status":"publish","type":"product","link":"https:\/\/www.raschvin.com\/sv\/produkt\/glen-scotia-12-years-icons-of-campbeltown-release-no-3-the-culver-70-cl-517\/","title":{"rendered":"Glen Scotia \u2013 12 Years Icons of Campbeltown Release No.3 The Culver 70 cl. 51,7%"},"content":{"rendered":"<p data-start=\"161\" data-end=\"663\">Den tredje utg\u00e5van i Glen Scotias hyllade serie <em data-start=\"209\" data-end=\"231\">Icons of Campbeltown<\/em> \u00e4r en 12-\u00e5rig single malt whisky som f\u00e5ngar sj\u00e4l och tradition fr\u00e5n det legendariska whiskydistriktet Campbeltown. Serien \u00e4r skapad f\u00f6r att hedra stadens historia, m\u00e4nniskorna bakom destilleriet och de myter som omger platsen. Release No. 3, kallad <em data-start=\"481\" data-end=\"493\">The Wulver<\/em>, \u00e4r inspirerad av en gammal skotsk legend om en v\u00e4nlig vargman som symboliserar generositet och omtanke \u2013 v\u00e4rden som Glen Scotia menar speglar gemenskapen i Campbeltown.<\/p>\n<p data-start=\"665\" data-end=\"926\">Whiskyn \u00e4r tillverkad utan torv och har lagrats i 12 \u00e5r, huvudsakligen p\u00e5 amerikanska bourbonfat. Under de sista nio m\u00e5naderna har den f\u00e5tt en avslutande lagring i utvalda Tawny Port-fat, vilket har gett den en vacker balans mellan fruktig s\u00f6tma och kryddig ek.<\/p>\n<p data-start=\"928\" data-end=\"1349\">Doften \u00e4r rik och uttrycksfull med inslag av saftiga skogsb\u00e4r, karamelliserade n\u00f6tter, r\u00f6tt \u00e4pple och mjuka toner av kola. Smaken bjuder p\u00e5 lager av torkade fikon, apelsinskal och len pralin, f\u00f6ljt av en harmonisk blandning av s\u00f6tma, frukt och kryddig v\u00e4rme. Eftersmaken \u00e4r l\u00e5ng, rund och elegant \u2013 med toner av m\u00f6rk choklad, torkad frukt, vanilj, mild ek och en subtil s\u00e4lta som p\u00e5minner om Campbeltowns maritima klimat.<\/p>\n<p data-start=\"1351\" data-end=\"1611\">Whiskyn buteljeras vid 51,7 % alkohol, utan kylfiltrering och med naturlig f\u00e4rg, vilket bevarar all dess karakt\u00e4r och djup. Resultatet \u00e4r en kraftfull men balanserad dram som b\u00e5de hyllar det f\u00f6rflutna och visar Glen Scotias skicklighet i modern whiskyhantverk.<\/p>\n","protected":false},"excerpt":{"rendered":"<p>Campbeltown Single Malt Scotch Whisky<\/p>\n","protected":false},"featured_media":103927,"template":"","meta":{"_acf_changed":false,"rs_blank_template":"","rs_page_bg_color":"","slide_template_v7":""},"product_brand":[],"product_cat":[2387,4651,2392],"product_tag":[],"class_list":{"0":"post-103776","1":"product","2":"type-product","3":"status-publish","4":"has-post-thumbnail","6":"product_cat-avec-sv","7":"product_cat-single-malt-sv","8":"product_cat-whisky-sv","9":"pa_land-skottland","10":"pa_procent-51-7-sv","11":"pa_producent-glen-scotia-sv","12":"pa_region-campbeltown-sv","13":"pa_volume-70-sv-2","15":"first","16":"instock","17":"sale","18":"taxable","19":"shipping-taxable","20":"purchasable","21":"product-type-simple"},"bundled_by":[],"bundle_stock_status":"instock","bundle_stock_quantity":null,"bundle_virtual":false,"bundle_layout":"","bundle_add_to_cart_form_location":"","bundle_editable_in_cart":false,"bundle_sold_individually_context":"","bundle_item_grouping":"","bundle_min_size":"","bundle_max_size":"","bundle_price":[],"bundled_items":[],"bundle_sell_ids":[],"acf":[],"_links":{"self":[{"href":"https:\/\/www.raschvin.com\/sv\/wp-json\/wp\/v2\/product\/103776","targetHints":{"allow":["GET"]}}],"collection":[{"href":"https:\/\/www.raschvin.com\/sv\/wp-json\/wp\/v2\/product"}],"about":[{"href":"https:\/\/www.raschvin.com\/sv\/wp-json\/wp\/v2\/types\/product"}],"wp:featuredmedia":[{"embeddable":true,"href":"https:\/\/www.raschvin.com\/sv\/wp-json\/wp\/v2\/media\/103927"}],"wp:attachment":[{"href":"https:\/\/www.raschvin.com\/sv\/wp-json\/wp\/v2\/media?parent=103776"}],"wp:term":[{"taxonomy":"product_brand","embeddable":true,"href":"https:\/\/www.raschvin.com\/sv\/wp-json\/wp\/v2\/product_brand?post=103776"},{"taxonomy":"product_cat","embeddable":true,"href":"https:\/\/www.raschvin.com\/sv\/wp-json\/wp\/v2\/product_cat?post=103776"},{"taxonomy":"product_tag","embeddable":true,"href":"https:\/\/www.raschvin.com\/sv\/wp-json\/wp\/v2\/product_tag?post=103776"}],"curies":[{"name":"wp","href":"https:\/\/api.w.org\/{rel}","templated":true}]}}