{"id":103496,"date":"2025-11-01T08:59:57","date_gmt":"2025-11-01T07:59:57","guid":{"rendered":"https:\/\/www.raschvin.com\/?post_type=product&#038;p=103496"},"modified":"2025-11-01T09:02:44","modified_gmt":"2025-11-01T08:02:44","slug":"karumba-rum-punch-70-cl-35-kopier","status":"publish","type":"product","link":"https:\/\/www.raschvin.com\/sv\/produkt\/karumba-rum-punch-70-cl-35-kopier\/","title":{"rendered":"Karumba Rum-Punch 3 cl. (Tasting Sample) 35%"},"content":{"rendered":"<p>Karumba Rum \u00e4r en kryddad rom som produceras i Belgien av Antwerpen-baserade X-Beverage.<\/p>\n<p>Etiketten h\u00e4nvisar till ursprunget till Rum Punch. Denna dryck var mycket uppskattad av navigat\u00f6rer fr\u00e5n British East India Company p\u00e5 deras handelsresor mellan Indien och Karibien p\u00e5 1600-talet.<\/p>\n<p>Den \u00e4r gjord p\u00e5 en blandning av Martinique-rom, citrusmarmelad (citroner och apelsiner) och noggrant utvalda \u00f6rter. Rommen \u00e4r lagrad p\u00e5 franska ekfat som tidigare inneh\u00f6ll VSOP-konjak.<\/p>\n<p>Att avnjutas p\u00e5 klipporna eller i cocktails, som Cuba Libre.<\/p>\n<p>Njut av varje munsbit!<br \/>\nAvnjuts som den \u00e4r eller l\u00e4tt kyld, kan anv\u00e4ndas i en m\u00e4ngd olika cocktails.<br \/>\nDet smakar fantastiskt!<\/p>\n<p>Cocktail recept:<br \/>\nExotiska drycker: Lika delar Karumba, ananasjuice, apelsinjuice, en skv\u00e4tt grenadin och lite limejuice.<br \/>\nEller<\/p>\n<p>Pina Colada med f\u00e4rsk ananas. Sk\u00e4r ananasen i t\u00e4rningar och l\u00e4gg dem i en mixer tillsammans med ananasjuice, kokosgr\u00e4dde, rom och isbitar.<\/p>\n<p>F\u00f6r 4 personer<br \/>\n200 g f\u00e4rsk ananas<br \/>\n20 cl ananasjuice<br \/>\n8 cl kokosgr\u00e4dde eller gr\u00e4dde<br \/>\n20 cl Karumba rom<br \/>\n2 n\u00e4var isbitar.<\/p>\n","protected":false},"excerpt":{"rendered":"<p>Infused Rum<\/p>\n","protected":false},"featured_media":103465,"template":"","meta":{"_acf_changed":false,"rs_blank_template":"","rs_page_bg_color":"","slide_template_v7":""},"product_brand":[],"product_cat":[8820,8625],"product_tag":[],"class_list":{"0":"post-103496","1":"product","2":"type-product","3":"status-publish","4":"has-post-thumbnail","6":"product_cat-rom-smakprove","7":"product_cat-samples-sv","8":"pa_land-martinique-sv","9":"pa_procent-35-sv","10":"pa_producent-x-beverage-sv","11":"pa_volume-3-sv","13":"first","14":"instock","15":"taxable","16":"shipping-taxable","17":"purchasable","18":"product-type-simple"},"bundled_by":[],"bundle_stock_status":"instock","bundle_stock_quantity":null,"bundle_virtual":false,"bundle_layout":"","bundle_add_to_cart_form_location":"","bundle_editable_in_cart":false,"bundle_sold_individually_context":"","bundle_item_grouping":"","bundle_min_size":"","bundle_max_size":"","bundle_price":[],"bundled_items":[],"bundle_sell_ids":[],"acf":[],"_links":{"self":[{"href":"https:\/\/www.raschvin.com\/sv\/wp-json\/wp\/v2\/product\/103496","targetHints":{"allow":["GET"]}}],"collection":[{"href":"https:\/\/www.raschvin.com\/sv\/wp-json\/wp\/v2\/product"}],"about":[{"href":"https:\/\/www.raschvin.com\/sv\/wp-json\/wp\/v2\/types\/product"}],"wp:featuredmedia":[{"embeddable":true,"href":"https:\/\/www.raschvin.com\/sv\/wp-json\/wp\/v2\/media\/103465"}],"wp:attachment":[{"href":"https:\/\/www.raschvin.com\/sv\/wp-json\/wp\/v2\/media?parent=103496"}],"wp:term":[{"taxonomy":"product_brand","embeddable":true,"href":"https:\/\/www.raschvin.com\/sv\/wp-json\/wp\/v2\/product_brand?post=103496"},{"taxonomy":"product_cat","embeddable":true,"href":"https:\/\/www.raschvin.com\/sv\/wp-json\/wp\/v2\/product_cat?post=103496"},{"taxonomy":"product_tag","embeddable":true,"href":"https:\/\/www.raschvin.com\/sv\/wp-json\/wp\/v2\/product_tag?post=103496"}],"curies":[{"name":"wp","href":"https:\/\/api.w.org\/{rel}","templated":true}]}}